{"id":5725,"date":"2026-02-22T02:14:27","date_gmt":"2026-02-22T02:14:27","guid":{"rendered":"https:\/\/alassille.com\/?post_type=product&#038;p=5725"},"modified":"2026-03-28T12:48:39","modified_gmt":"2026-03-28T12:48:39","slug":"pack-sayidati","status":"publish","type":"product","link":"https:\/\/alassille.com\/ar\/product\/pack-sayidati\/","title":{"rendered":"Pack Sayidati"},"content":{"rendered":"","protected":false},"excerpt":{"rendered":"<p data-start=\"215\" data-end=\"520\">Le Pack Sayidati r\u00e9unit cinq essentiels beaut\u00e9 pour une routine compl\u00e8te visage, pieds et cheveux. Il associe les bienfaits de l\u2019Aker Fassi, une cr\u00e8me pieds anti-ger\u00e7ures et un duo capillaire fortifiant \u00e0 la k\u00e9ratine. Un coffret polyvalent pour prendre soin de soi au quotidien.<\/p>","protected":false},"featured_media":5772,"template":"","meta":{"_uag_custom_page_level_css":"","site-sidebar-layout":"default","site-content-layout":"","ast-site-content-layout":"default","site-content-style":"default","site-sidebar-style":"default","ast-global-header-display":"","ast-banner-title-visibility":"","ast-main-header-display":"","ast-hfb-above-header-display":"","ast-hfb-below-header-display":"","ast-hfb-mobile-header-display":"","site-post-title":"","ast-breadcrumbs-content":"","ast-featured-img":"","footer-sml-layout":"","ast-disable-related-posts":"","theme-transparent-header-meta":"default","adv-header-id-meta":"","stick-header-meta":"","header-above-stick-meta":"","header-main-stick-meta":"","header-below-stick-meta":"","astra-migrate-meta-layouts":"set","ast-page-background-enabled":"default","ast-page-background-meta":{"desktop":{"background-color":"","background-image":"","background-repeat":"repeat","background-position":"center center","background-size":"auto","background-attachment":"scroll","background-type":"","background-media":"","overlay-type":"","overlay-color":"","overlay-opacity":"","overlay-gradient":""},"tablet":{"background-color":"","background-image":"","background-repeat":"repeat","background-position":"center center","background-size":"auto","background-attachment":"scroll","background-type":"","background-media":"","overlay-type":"","overlay-color":"","overlay-opacity":"","overlay-gradient":""},"mobile":{"background-color":"","background-image":"","background-repeat":"repeat","background-position":"center center","background-size":"auto","background-attachment":"scroll","background-type":"","background-media":"","overlay-type":"","overlay-color":"","overlay-opacity":"","overlay-gradient":""}},"ast-content-background-meta":{"desktop":{"background-color":"var(--ast-global-color-5)","background-image":"","background-repeat":"repeat","background-position":"center center","background-size":"auto","background-attachment":"scroll","background-type":"","background-media":"","overlay-type":"","overlay-color":"","overlay-opacity":"","overlay-gradient":""},"tablet":{"background-color":"var(--ast-global-color-5)","background-image":"","background-repeat":"repeat","background-position":"center center","background-size":"auto","background-attachment":"scroll","background-type":"","background-media":"","overlay-type":"","overlay-color":"","overlay-opacity":"","overlay-gradient":""},"mobile":{"background-color":"var(--ast-global-color-5)","background-image":"","background-repeat":"repeat","background-position":"center center","background-size":"auto","background-attachment":"scroll","background-type":"","background-media":"","overlay-type":"","overlay-color":"","overlay-opacity":"","overlay-gradient":""}}},"product_brand":[],"product_cat":[53],"product_tag":[],"class_list":{"0":"post-5725","1":"product","2":"type-product","3":"status-publish","4":"has-post-thumbnail","6":"product_cat-packs","7":"desktop-align-center","8":"tablet-align-center","9":"mobile-align-center","11":"first","12":"instock","13":"shipping-taxable","14":"purchasable","15":"product-type-woosb"},"yoast_head":"<!-- This site is optimized with the Yoast SEO plugin v27.1.1 - https:\/\/yoast.com\/product\/yoast-seo-wordpress\/ -->\n<title>Pack Sayidati | alassille.com<\/title>\n<meta name=\"description\" content=\"D\u00e9couvrez Sayidati, le produit qui transforme votre quotidien. Ne manquez pas cette opportunit\u00e9 d&#039;am\u00e9liorer votre exp\u00e9rience !\" \/>\n<meta name=\"robots\" content=\"index, follow, max-snippet:-1, max-image-preview:large, max-video-preview:-1\" \/>\n<link rel=\"canonical\" href=\"https:\/\/alassille.com\/ar\/product\/pack-sayidati\/\" \/>\n<meta property=\"og:locale\" content=\"ar_AR\" \/>\n<meta property=\"og:type\" content=\"article\" \/>\n<meta property=\"og:title\" content=\"Pack Sayidati | alassille.com\" \/>\n<meta property=\"og:description\" content=\"D\u00e9couvrez Sayidati, le produit qui transforme votre quotidien. Ne manquez pas cette opportunit\u00e9 d&#039;am\u00e9liorer votre exp\u00e9rience !\" \/>\n<meta property=\"og:url\" content=\"https:\/\/alassille.com\/ar\/product\/pack-sayidati\/\" \/>\n<meta property=\"og:site_name\" content=\"alassille.com\" \/>\n<meta property=\"article:modified_time\" content=\"2026-03-28T12:48:39+00:00\" \/>\n<meta property=\"og:image\" content=\"https:\/\/alassille.com\/wp-content\/uploads\/2026\/02\/55-1.png\" \/>\n\t<meta property=\"og:image:width\" content=\"1536\" \/>\n\t<meta property=\"og:image:height\" content=\"1024\" \/>\n\t<meta property=\"og:image:type\" content=\"image\/png\" \/>\n<meta name=\"twitter:card\" content=\"summary_large_image\" \/>\n<meta name=\"twitter:label1\" content=\"\u0648\u0642\u062a \u0627\u0644\u0642\u0631\u0627\u0621\u0629 \u0627\u0644\u0645\u064f\u0642\u062f\u0651\u0631\" \/>\n\t<meta name=\"twitter:data1\" content=\"\u062f\u0642\u064a\u0642\u0629 \u0648\u0627\u062d\u062f\u0629\" \/>\n<script type=\"application\/ld+json\" class=\"yoast-schema-graph\">{\"@context\":\"https:\/\/schema.org\",\"@graph\":[{\"@type\":\"WebPage\",\"@id\":\"https:\/\/alassille.com\/product\/pack-sayidati\/\",\"url\":\"https:\/\/alassille.com\/product\/pack-sayidati\/\",\"name\":\"Pack Sayidati | alassille.com\",\"isPartOf\":{\"@id\":\"https:\/\/alassille.com\/#website\"},\"primaryImageOfPage\":{\"@id\":\"https:\/\/alassille.com\/product\/pack-sayidati\/#primaryimage\"},\"image\":{\"@id\":\"https:\/\/alassille.com\/product\/pack-sayidati\/#primaryimage\"},\"thumbnailUrl\":\"https:\/\/alassille.com\/wp-content\/uploads\/2026\/02\/55-1.png\",\"datePublished\":\"2026-02-22T02:14:27+00:00\",\"dateModified\":\"2026-03-28T12:48:39+00:00\",\"description\":\"D\u00e9couvrez Sayidati, le produit qui transforme votre quotidien. Ne manquez pas cette opportunit\u00e9 d'am\u00e9liorer votre exp\u00e9rience !\",\"breadcrumb\":{\"@id\":\"https:\/\/alassille.com\/product\/pack-sayidati\/#breadcrumb\"},\"inLanguage\":\"ar\",\"potentialAction\":[{\"@type\":\"ReadAction\",\"target\":[\"https:\/\/alassille.com\/product\/pack-sayidati\/\"]}]},{\"@type\":\"ImageObject\",\"inLanguage\":\"ar\",\"@id\":\"https:\/\/alassille.com\/product\/pack-sayidati\/#primaryimage\",\"url\":\"https:\/\/alassille.com\/wp-content\/uploads\/2026\/02\/55-1.png\",\"contentUrl\":\"https:\/\/alassille.com\/wp-content\/uploads\/2026\/02\/55-1.png\",\"width\":1536,\"height\":1024,\"caption\":\"pack sayidati\"},{\"@type\":\"BreadcrumbList\",\"@id\":\"https:\/\/alassille.com\/product\/pack-sayidati\/#breadcrumb\",\"itemListElement\":[{\"@type\":\"ListItem\",\"position\":1,\"name\":\"Accueil\",\"item\":\"https:\/\/alassille.com\/\"},{\"@type\":\"ListItem\",\"position\":2,\"name\":\"Shop\",\"item\":\"https:\/\/alassille.com\/shop\/\"},{\"@type\":\"ListItem\",\"position\":3,\"name\":\"Pack Sayidati\"}]},{\"@type\":\"WebSite\",\"@id\":\"https:\/\/alassille.com\/#website\",\"url\":\"https:\/\/alassille.com\/\",\"name\":\"alassille.com\",\"description\":\"produits 100% Al assille\",\"publisher\":{\"@id\":\"https:\/\/alassille.com\/#organization\"},\"potentialAction\":[{\"@type\":\"SearchAction\",\"target\":{\"@type\":\"EntryPoint\",\"urlTemplate\":\"https:\/\/alassille.com\/?s={search_term_string}\"},\"query-input\":{\"@type\":\"PropertyValueSpecification\",\"valueRequired\":true,\"valueName\":\"search_term_string\"}}],\"inLanguage\":\"ar\"},{\"@type\":\"Organization\",\"@id\":\"https:\/\/alassille.com\/#organization\",\"name\":\"Al Assille\",\"url\":\"https:\/\/alassille.com\/\",\"logo\":{\"@type\":\"ImageObject\",\"inLanguage\":\"ar\",\"@id\":\"https:\/\/alassille.com\/#\/schema\/logo\/image\/\",\"url\":\"https:\/\/alassille.com\/wp-content\/uploads\/2025\/12\/cropped-sabhi_logo-1-e1768585539861.webp\",\"contentUrl\":\"https:\/\/alassille.com\/wp-content\/uploads\/2025\/12\/cropped-sabhi_logo-1-e1768585539861.webp\",\"width\":160,\"height\":92,\"caption\":\"Al Assille\"},\"image\":{\"@id\":\"https:\/\/alassille.com\/#\/schema\/logo\/image\/\"}}]}<\/script>\n<!-- \/ Yoast SEO plugin. -->","yoast_head_json":{"title":"Pack Sayidati | alassille.com","description":"D\u00e9couvrez Sayidati, le produit qui transforme votre quotidien. Ne manquez pas cette opportunit\u00e9 d'am\u00e9liorer votre exp\u00e9rience !","robots":{"index":"index","follow":"follow","max-snippet":"max-snippet:-1","max-image-preview":"max-image-preview:large","max-video-preview":"max-video-preview:-1"},"canonical":"https:\/\/alassille.com\/ar\/product\/pack-sayidati\/","og_locale":"ar_AR","og_type":"article","og_title":"Pack Sayidati | alassille.com","og_description":"D\u00e9couvrez Sayidati, le produit qui transforme votre quotidien. Ne manquez pas cette opportunit\u00e9 d'am\u00e9liorer votre exp\u00e9rience !","og_url":"https:\/\/alassille.com\/ar\/product\/pack-sayidati\/","og_site_name":"alassille.com","article_modified_time":"2026-03-28T12:48:39+00:00","og_image":[{"width":1536,"height":1024,"url":"https:\/\/alassille.com\/wp-content\/uploads\/2026\/02\/55-1.png","type":"image\/png"}],"twitter_card":"summary_large_image","twitter_misc":{"\u0648\u0642\u062a \u0627\u0644\u0642\u0631\u0627\u0621\u0629 \u0627\u0644\u0645\u064f\u0642\u062f\u0651\u0631":"\u062f\u0642\u064a\u0642\u0629 \u0648\u0627\u062d\u062f\u0629"},"schema":{"@context":"https:\/\/schema.org","@graph":[{"@type":"WebPage","@id":"https:\/\/alassille.com\/product\/pack-sayidati\/","url":"https:\/\/alassille.com\/product\/pack-sayidati\/","name":"Pack Sayidati | alassille.com","isPartOf":{"@id":"https:\/\/alassille.com\/#website"},"primaryImageOfPage":{"@id":"https:\/\/alassille.com\/product\/pack-sayidati\/#primaryimage"},"image":{"@id":"https:\/\/alassille.com\/product\/pack-sayidati\/#primaryimage"},"thumbnailUrl":"https:\/\/alassille.com\/wp-content\/uploads\/2026\/02\/55-1.png","datePublished":"2026-02-22T02:14:27+00:00","dateModified":"2026-03-28T12:48:39+00:00","description":"D\u00e9couvrez Sayidati, le produit qui transforme votre quotidien. Ne manquez pas cette opportunit\u00e9 d'am\u00e9liorer votre exp\u00e9rience !","breadcrumb":{"@id":"https:\/\/alassille.com\/product\/pack-sayidati\/#breadcrumb"},"inLanguage":"ar","potentialAction":[{"@type":"ReadAction","target":["https:\/\/alassille.com\/product\/pack-sayidati\/"]}]},{"@type":"ImageObject","inLanguage":"ar","@id":"https:\/\/alassille.com\/product\/pack-sayidati\/#primaryimage","url":"https:\/\/alassille.com\/wp-content\/uploads\/2026\/02\/55-1.png","contentUrl":"https:\/\/alassille.com\/wp-content\/uploads\/2026\/02\/55-1.png","width":1536,"height":1024,"caption":"pack sayidati"},{"@type":"BreadcrumbList","@id":"https:\/\/alassille.com\/product\/pack-sayidati\/#breadcrumb","itemListElement":[{"@type":"ListItem","position":1,"name":"Accueil","item":"https:\/\/alassille.com\/"},{"@type":"ListItem","position":2,"name":"Shop","item":"https:\/\/alassille.com\/shop\/"},{"@type":"ListItem","position":3,"name":"Pack Sayidati"}]},{"@type":"WebSite","@id":"https:\/\/alassille.com\/#website","url":"https:\/\/alassille.com\/","name":"alassille.com","description":"produits 100% Al assille","publisher":{"@id":"https:\/\/alassille.com\/#organization"},"potentialAction":[{"@type":"SearchAction","target":{"@type":"EntryPoint","urlTemplate":"https:\/\/alassille.com\/?s={search_term_string}"},"query-input":{"@type":"PropertyValueSpecification","valueRequired":true,"valueName":"search_term_string"}}],"inLanguage":"ar"},{"@type":"Organization","@id":"https:\/\/alassille.com\/#organization","name":"Al Assille","url":"https:\/\/alassille.com\/","logo":{"@type":"ImageObject","inLanguage":"ar","@id":"https:\/\/alassille.com\/#\/schema\/logo\/image\/","url":"https:\/\/alassille.com\/wp-content\/uploads\/2025\/12\/cropped-sabhi_logo-1-e1768585539861.webp","contentUrl":"https:\/\/alassille.com\/wp-content\/uploads\/2025\/12\/cropped-sabhi_logo-1-e1768585539861.webp","width":160,"height":92,"caption":"Al Assille"},"image":{"@id":"https:\/\/alassille.com\/#\/schema\/logo\/image\/"}}]}},"uagb_featured_image_src":{"full":["https:\/\/alassille.com\/wp-content\/uploads\/2026\/02\/55-1.png",1536,1024,false],"thumbnail":["https:\/\/alassille.com\/wp-content\/uploads\/2026\/02\/55-1-150x150.png",150,150,true],"medium":["https:\/\/alassille.com\/wp-content\/uploads\/2026\/02\/55-1-300x200.png",300,200,true],"medium_large":["https:\/\/alassille.com\/wp-content\/uploads\/2026\/02\/55-1-768x512.png",768,512,true],"large":["https:\/\/alassille.com\/wp-content\/uploads\/2026\/02\/55-1-1024x683.png",1024,683,true],"1536x1536":["https:\/\/alassille.com\/wp-content\/uploads\/2026\/02\/55-1.png",1536,1024,false],"2048x2048":["https:\/\/alassille.com\/wp-content\/uploads\/2026\/02\/55-1.png",1536,1024,false],"trp-custom-language-flag":["https:\/\/alassille.com\/wp-content\/uploads\/2026\/02\/55-1.png",18,12,false],"woocommerce_thumbnail":["https:\/\/alassille.com\/wp-content\/uploads\/2026\/02\/55-1-300x200.png",300,200,true],"woocommerce_single":["https:\/\/alassille.com\/wp-content\/uploads\/2026\/02\/55-1-600x400.png",600,400,true],"woocommerce_gallery_thumbnail":["https:\/\/alassille.com\/wp-content\/uploads\/2026\/02\/55-1-100x100.png",100,100,true]},"uagb_author_info":{"display_name":"abderrazzak","author_link":"https:\/\/alassille.com\/ar\/author\/"},"uagb_comment_info":0,"uagb_excerpt":"Le Pack Sayidati r\u00e9unit cinq essentiels beaut\u00e9 pour une routine compl\u00e8te visage, pieds et cheveux. Il associe les bienfaits de l\u2019Aker Fassi, une cr\u00e8me pieds anti-ger\u00e7ures et un duo capillaire fortifiant \u00e0 la k\u00e9ratine. Un coffret polyvalent pour prendre soin de soi au quotidien.","_links":{"self":[{"href":"https:\/\/alassille.com\/ar\/wp-json\/wp\/v2\/product\/5725","targetHints":{"allow":["GET"]}}],"collection":[{"href":"https:\/\/alassille.com\/ar\/wp-json\/wp\/v2\/product"}],"about":[{"href":"https:\/\/alassille.com\/ar\/wp-json\/wp\/v2\/types\/product"}],"wp:featuredmedia":[{"embeddable":true,"href":"https:\/\/alassille.com\/ar\/wp-json\/wp\/v2\/media\/5772"}],"wp:attachment":[{"href":"https:\/\/alassille.com\/ar\/wp-json\/wp\/v2\/media?parent=5725"}],"wp:term":[{"taxonomy":"product_brand","embeddable":true,"href":"https:\/\/alassille.com\/ar\/wp-json\/wp\/v2\/product_brand?post=5725"},{"taxonomy":"product_cat","embeddable":true,"href":"https:\/\/alassille.com\/ar\/wp-json\/wp\/v2\/product_cat?post=5725"},{"taxonomy":"product_tag","embeddable":true,"href":"https:\/\/alassille.com\/ar\/wp-json\/wp\/v2\/product_tag?post=5725"}],"curies":[{"name":"wp","href":"https:\/\/api.w.org\/{rel}","templated":true}]}}