{"id":5717,"date":"2026-02-14T18:14:46","date_gmt":"2026-02-14T18:14:46","guid":{"rendered":"https:\/\/alassille.com\/?post_type=product&#038;p=5717"},"modified":"2026-03-28T12:50:24","modified_gmt":"2026-03-28T12:50:24","slug":"leau-de-rose","status":"publish","type":"product","link":"https:\/\/alassille.com\/ar\/product\/leau-de-rose\/","title":{"rendered":"L\u2019Eau de Rose *6"},"content":{"rendered":"","protected":false},"excerpt":{"rendered":"<p><strong>Description d\u00e9taill\u00e9e :<\/strong><br \/>\nL\u2019Eau de Rose Blanc Al Assile (6 bouteilles) se pr\u00e9sente dans un flacon spray transparent, con\u00e7u pour une utilisation facile et rapide. Sa formule aqueuse procure une sensation imm\u00e9diate de fra\u00eecheur et de confort lors de l\u2019application.<\/p>\n<p>Appr\u00e9ci\u00e9e pour son parfum floral d\u00e9licat, elle s\u2019int\u00e8gre parfaitement \u00e0 la routine beaut\u00e9 quotidienne, que ce soit pour le visage ou la peau, apportant une touche de douceur et de fra\u00eecheur \u00e0 chaque vaporisation.<\/p>\n<p><strong>Bienfaits :<\/strong><\/p>\n<ul>\n<li>Eau de rose \u00e0 usage cosm\u00e9tique<\/li>\n<li>Sensation de fra\u00eecheur imm\u00e9diate<\/li>\n<li>Parfum floral doux<\/li>\n<li>Application facile gr\u00e2ce au spray<\/li>\n<li>Adapt\u00e9e \u00e0 un usage quotidien<\/li>\n<\/ul>\n<p><strong>Id\u00e9al pour :<\/strong><br \/>\nLa routine cosm\u00e9tique quotidienne du visage et de la peau.<\/p>","protected":false},"featured_media":5744,"template":"","meta":{"_uag_custom_page_level_css":"","site-sidebar-layout":"default","site-content-layout":"","ast-site-content-layout":"default","site-content-style":"default","site-sidebar-style":"default","ast-global-header-display":"","ast-banner-title-visibility":"","ast-main-header-display":"","ast-hfb-above-header-display":"","ast-hfb-below-header-display":"","ast-hfb-mobile-header-display":"","site-post-title":"","ast-breadcrumbs-content":"","ast-featured-img":"","footer-sml-layout":"","ast-disable-related-posts":"","theme-transparent-header-meta":"default","adv-header-id-meta":"","stick-header-meta":"","header-above-stick-meta":"","header-main-stick-meta":"","header-below-stick-meta":"","astra-migrate-meta-layouts":"set","ast-page-background-enabled":"default","ast-page-background-meta":{"desktop":{"background-color":"","background-image":"","background-repeat":"repeat","background-position":"center center","background-size":"auto","background-attachment":"scroll","background-type":"","background-media":"","overlay-type":"","overlay-color":"","overlay-opacity":"","overlay-gradient":""},"tablet":{"background-color":"","background-image":"","background-repeat":"repeat","background-position":"center center","background-size":"auto","background-attachment":"scroll","background-type":"","background-media":"","overlay-type":"","overlay-color":"","overlay-opacity":"","overlay-gradient":""},"mobile":{"background-color":"","background-image":"","background-repeat":"repeat","background-position":"center center","background-size":"auto","background-attachment":"scroll","background-type":"","background-media":"","overlay-type":"","overlay-color":"","overlay-opacity":"","overlay-gradient":""}},"ast-content-background-meta":{"desktop":{"background-color":"var(--ast-global-color-5)","background-image":"","background-repeat":"repeat","background-position":"center center","background-size":"auto","background-attachment":"scroll","background-type":"","background-media":"","overlay-type":"","overlay-color":"","overlay-opacity":"","overlay-gradient":""},"tablet":{"background-color":"var(--ast-global-color-5)","background-image":"","background-repeat":"repeat","background-position":"center center","background-size":"auto","background-attachment":"scroll","background-type":"","background-media":"","overlay-type":"","overlay-color":"","overlay-opacity":"","overlay-gradient":""},"mobile":{"background-color":"var(--ast-global-color-5)","background-image":"","background-repeat":"repeat","background-position":"center center","background-size":"auto","background-attachment":"scroll","background-type":"","background-media":"","overlay-type":"","overlay-color":"","overlay-opacity":"","overlay-gradient":""}}},"product_brand":[],"product_cat":[34],"product_tag":[],"class_list":{"0":"post-5717","1":"product","2":"type-product","3":"status-publish","4":"has-post-thumbnail","6":"product_cat-serums","7":"desktop-align-center","8":"tablet-align-center","9":"mobile-align-center","11":"first","12":"instock","13":"sale","14":"shipping-taxable","15":"purchasable","16":"product-type-simple"},"yoast_head":"<!-- This site is optimized with the Yoast SEO plugin v27.1.1 - https:\/\/yoast.com\/product\/yoast-seo-wordpress\/ -->\n<title>L\u2019Eau de Rose *6 | alassille.com<\/title>\n<meta name=\"robots\" content=\"index, follow, max-snippet:-1, max-image-preview:large, max-video-preview:-1\" \/>\n<link rel=\"canonical\" href=\"https:\/\/alassille.com\/ar\/product\/leau-de-rose\/\" \/>\n<meta property=\"og:locale\" content=\"ar_AR\" \/>\n<meta property=\"og:type\" content=\"article\" \/>\n<meta property=\"og:title\" content=\"L\u2019Eau de Rose *6 | alassille.com\" \/>\n<meta property=\"og:description\" content=\"Description d\u00e9taill\u00e9e : L\u2019Eau de Rose Blanc Al Assile (6 bouteilles) se pr\u00e9sente dans un flacon spray transparent, con\u00e7u pour une utilisation facile et rapide. Sa formule aqueuse procure une sensation imm\u00e9diate de fra\u00eecheur et de confort lors de l\u2019application.  Appr\u00e9ci\u00e9e pour son parfum floral d\u00e9licat, elle s\u2019int\u00e8gre parfaitement \u00e0 la routine beaut\u00e9 quotidienne, que ce soit pour le visage ou la peau, apportant une touche de douceur et de fra\u00eecheur \u00e0 chaque vaporisation.  Bienfaits :   Eau de rose \u00e0 usage cosm\u00e9tique  Sensation de fra\u00eecheur imm\u00e9diate  Parfum floral doux  Application facile gr\u00e2ce au spray  Adapt\u00e9e \u00e0 un usage quotidien  Id\u00e9al pour : La routine cosm\u00e9tique quotidienne du visage et de la peau.\" \/>\n<meta property=\"og:url\" content=\"https:\/\/alassille.com\/ar\/product\/leau-de-rose\/\" \/>\n<meta property=\"og:site_name\" content=\"alassille.com\" \/>\n<meta property=\"article:modified_time\" content=\"2026-03-28T12:50:24+00:00\" \/>\n<meta property=\"og:image\" content=\"https:\/\/alassille.com\/wp-content\/uploads\/2026\/02\/48.png\" \/>\n\t<meta property=\"og:image:width\" content=\"960\" \/>\n\t<meta property=\"og:image:height\" content=\"1300\" \/>\n\t<meta property=\"og:image:type\" content=\"image\/png\" \/>\n<meta name=\"twitter:card\" content=\"summary_large_image\" \/>\n<meta name=\"twitter:label1\" content=\"\u0648\u0642\u062a \u0627\u0644\u0642\u0631\u0627\u0621\u0629 \u0627\u0644\u0645\u064f\u0642\u062f\u0651\u0631\" \/>\n\t<meta name=\"twitter:data1\" content=\"\u062f\u0642\u064a\u0642\u0629 \u0648\u0627\u062d\u062f\u0629\" \/>\n<script type=\"application\/ld+json\" class=\"yoast-schema-graph\">{\"@context\":\"https:\/\/schema.org\",\"@graph\":[{\"@type\":\"WebPage\",\"@id\":\"https:\/\/alassille.com\/product\/leau-de-rose\/\",\"url\":\"https:\/\/alassille.com\/product\/leau-de-rose\/\",\"name\":\"L\u2019Eau de Rose *6 | alassille.com\",\"isPartOf\":{\"@id\":\"https:\/\/alassille.com\/#website\"},\"primaryImageOfPage\":{\"@id\":\"https:\/\/alassille.com\/product\/leau-de-rose\/#primaryimage\"},\"image\":{\"@id\":\"https:\/\/alassille.com\/product\/leau-de-rose\/#primaryimage\"},\"thumbnailUrl\":\"https:\/\/alassille.com\/wp-content\/uploads\/2026\/02\/48.png\",\"datePublished\":\"2026-02-14T18:14:46+00:00\",\"dateModified\":\"2026-03-28T12:50:24+00:00\",\"breadcrumb\":{\"@id\":\"https:\/\/alassille.com\/product\/leau-de-rose\/#breadcrumb\"},\"inLanguage\":\"ar\",\"potentialAction\":[{\"@type\":\"ReadAction\",\"target\":[\"https:\/\/alassille.com\/product\/leau-de-rose\/\"]}]},{\"@type\":\"ImageObject\",\"inLanguage\":\"ar\",\"@id\":\"https:\/\/alassille.com\/product\/leau-de-rose\/#primaryimage\",\"url\":\"https:\/\/alassille.com\/wp-content\/uploads\/2026\/02\/48.png\",\"contentUrl\":\"https:\/\/alassille.com\/wp-content\/uploads\/2026\/02\/48.png\",\"width\":960,\"height\":1300,\"caption\":\"48\"},{\"@type\":\"BreadcrumbList\",\"@id\":\"https:\/\/alassille.com\/product\/leau-de-rose\/#breadcrumb\",\"itemListElement\":[{\"@type\":\"ListItem\",\"position\":1,\"name\":\"Accueil\",\"item\":\"https:\/\/alassille.com\/\"},{\"@type\":\"ListItem\",\"position\":2,\"name\":\"Shop\",\"item\":\"https:\/\/alassille.com\/shop\/\"},{\"@type\":\"ListItem\",\"position\":3,\"name\":\"L\u2019Eau de Rose *6\"}]},{\"@type\":\"WebSite\",\"@id\":\"https:\/\/alassille.com\/#website\",\"url\":\"https:\/\/alassille.com\/\",\"name\":\"alassille.com\",\"description\":\"produits 100% Al assille\",\"publisher\":{\"@id\":\"https:\/\/alassille.com\/#organization\"},\"potentialAction\":[{\"@type\":\"SearchAction\",\"target\":{\"@type\":\"EntryPoint\",\"urlTemplate\":\"https:\/\/alassille.com\/?s={search_term_string}\"},\"query-input\":{\"@type\":\"PropertyValueSpecification\",\"valueRequired\":true,\"valueName\":\"search_term_string\"}}],\"inLanguage\":\"ar\"},{\"@type\":\"Organization\",\"@id\":\"https:\/\/alassille.com\/#organization\",\"name\":\"Al Assille\",\"url\":\"https:\/\/alassille.com\/\",\"logo\":{\"@type\":\"ImageObject\",\"inLanguage\":\"ar\",\"@id\":\"https:\/\/alassille.com\/#\/schema\/logo\/image\/\",\"url\":\"https:\/\/alassille.com\/wp-content\/uploads\/2025\/12\/cropped-sabhi_logo-1-e1768585539861.webp\",\"contentUrl\":\"https:\/\/alassille.com\/wp-content\/uploads\/2025\/12\/cropped-sabhi_logo-1-e1768585539861.webp\",\"width\":160,\"height\":92,\"caption\":\"Al Assille\"},\"image\":{\"@id\":\"https:\/\/alassille.com\/#\/schema\/logo\/image\/\"}}]}<\/script>\n<!-- \/ Yoast SEO plugin. -->","yoast_head_json":{"title":"L\u2019Eau de Rose *6 | alassille.com","robots":{"index":"index","follow":"follow","max-snippet":"max-snippet:-1","max-image-preview":"max-image-preview:large","max-video-preview":"max-video-preview:-1"},"canonical":"https:\/\/alassille.com\/ar\/product\/leau-de-rose\/","og_locale":"ar_AR","og_type":"article","og_title":"L\u2019Eau de Rose *6 | alassille.com","og_description":"Description d\u00e9taill\u00e9e : L\u2019Eau de Rose Blanc Al Assile (6 bouteilles) se pr\u00e9sente dans un flacon spray transparent, con\u00e7u pour une utilisation facile et rapide. Sa formule aqueuse procure une sensation imm\u00e9diate de fra\u00eecheur et de confort lors de l\u2019application.  Appr\u00e9ci\u00e9e pour son parfum floral d\u00e9licat, elle s\u2019int\u00e8gre parfaitement \u00e0 la routine beaut\u00e9 quotidienne, que ce soit pour le visage ou la peau, apportant une touche de douceur et de fra\u00eecheur \u00e0 chaque vaporisation.  Bienfaits :   Eau de rose \u00e0 usage cosm\u00e9tique  Sensation de fra\u00eecheur imm\u00e9diate  Parfum floral doux  Application facile gr\u00e2ce au spray  Adapt\u00e9e \u00e0 un usage quotidien  Id\u00e9al pour : La routine cosm\u00e9tique quotidienne du visage et de la peau.","og_url":"https:\/\/alassille.com\/ar\/product\/leau-de-rose\/","og_site_name":"alassille.com","article_modified_time":"2026-03-28T12:50:24+00:00","og_image":[{"width":960,"height":1300,"url":"https:\/\/alassille.com\/wp-content\/uploads\/2026\/02\/48.png","type":"image\/png"}],"twitter_card":"summary_large_image","twitter_misc":{"\u0648\u0642\u062a \u0627\u0644\u0642\u0631\u0627\u0621\u0629 \u0627\u0644\u0645\u064f\u0642\u062f\u0651\u0631":"\u062f\u0642\u064a\u0642\u0629 \u0648\u0627\u062d\u062f\u0629"},"schema":{"@context":"https:\/\/schema.org","@graph":[{"@type":"WebPage","@id":"https:\/\/alassille.com\/product\/leau-de-rose\/","url":"https:\/\/alassille.com\/product\/leau-de-rose\/","name":"L\u2019Eau de Rose *6 | alassille.com","isPartOf":{"@id":"https:\/\/alassille.com\/#website"},"primaryImageOfPage":{"@id":"https:\/\/alassille.com\/product\/leau-de-rose\/#primaryimage"},"image":{"@id":"https:\/\/alassille.com\/product\/leau-de-rose\/#primaryimage"},"thumbnailUrl":"https:\/\/alassille.com\/wp-content\/uploads\/2026\/02\/48.png","datePublished":"2026-02-14T18:14:46+00:00","dateModified":"2026-03-28T12:50:24+00:00","breadcrumb":{"@id":"https:\/\/alassille.com\/product\/leau-de-rose\/#breadcrumb"},"inLanguage":"ar","potentialAction":[{"@type":"ReadAction","target":["https:\/\/alassille.com\/product\/leau-de-rose\/"]}]},{"@type":"ImageObject","inLanguage":"ar","@id":"https:\/\/alassille.com\/product\/leau-de-rose\/#primaryimage","url":"https:\/\/alassille.com\/wp-content\/uploads\/2026\/02\/48.png","contentUrl":"https:\/\/alassille.com\/wp-content\/uploads\/2026\/02\/48.png","width":960,"height":1300,"caption":"48"},{"@type":"BreadcrumbList","@id":"https:\/\/alassille.com\/product\/leau-de-rose\/#breadcrumb","itemListElement":[{"@type":"ListItem","position":1,"name":"Accueil","item":"https:\/\/alassille.com\/"},{"@type":"ListItem","position":2,"name":"Shop","item":"https:\/\/alassille.com\/shop\/"},{"@type":"ListItem","position":3,"name":"L\u2019Eau de Rose *6"}]},{"@type":"WebSite","@id":"https:\/\/alassille.com\/#website","url":"https:\/\/alassille.com\/","name":"alassille.com","description":"produits 100% Al assille","publisher":{"@id":"https:\/\/alassille.com\/#organization"},"potentialAction":[{"@type":"SearchAction","target":{"@type":"EntryPoint","urlTemplate":"https:\/\/alassille.com\/?s={search_term_string}"},"query-input":{"@type":"PropertyValueSpecification","valueRequired":true,"valueName":"search_term_string"}}],"inLanguage":"ar"},{"@type":"Organization","@id":"https:\/\/alassille.com\/#organization","name":"Al Assille","url":"https:\/\/alassille.com\/","logo":{"@type":"ImageObject","inLanguage":"ar","@id":"https:\/\/alassille.com\/#\/schema\/logo\/image\/","url":"https:\/\/alassille.com\/wp-content\/uploads\/2025\/12\/cropped-sabhi_logo-1-e1768585539861.webp","contentUrl":"https:\/\/alassille.com\/wp-content\/uploads\/2025\/12\/cropped-sabhi_logo-1-e1768585539861.webp","width":160,"height":92,"caption":"Al Assille"},"image":{"@id":"https:\/\/alassille.com\/#\/schema\/logo\/image\/"}}]}},"uagb_featured_image_src":{"full":["https:\/\/alassille.com\/wp-content\/uploads\/2026\/02\/48.png",960,1300,false],"thumbnail":["https:\/\/alassille.com\/wp-content\/uploads\/2026\/02\/48-150x150.png",150,150,true],"medium":["https:\/\/alassille.com\/wp-content\/uploads\/2026\/02\/48-222x300.png",222,300,true],"medium_large":["https:\/\/alassille.com\/wp-content\/uploads\/2026\/02\/48-768x1040.png",768,1040,true],"large":["https:\/\/alassille.com\/wp-content\/uploads\/2026\/02\/48-756x1024.png",756,1024,true],"1536x1536":["https:\/\/alassille.com\/wp-content\/uploads\/2026\/02\/48.png",960,1300,false],"2048x2048":["https:\/\/alassille.com\/wp-content\/uploads\/2026\/02\/48.png",960,1300,false],"trp-custom-language-flag":["https:\/\/alassille.com\/wp-content\/uploads\/2026\/02\/48.png",9,12,false],"woocommerce_thumbnail":["https:\/\/alassille.com\/wp-content\/uploads\/2026\/02\/48-300x406.png",300,406,true],"woocommerce_single":["https:\/\/alassille.com\/wp-content\/uploads\/2026\/02\/48-600x813.png",600,813,true],"woocommerce_gallery_thumbnail":["https:\/\/alassille.com\/wp-content\/uploads\/2026\/02\/48-100x100.png",100,100,true]},"uagb_author_info":{"display_name":"abderrazzak","author_link":"https:\/\/alassille.com\/ar\/author\/"},"uagb_comment_info":0,"uagb_excerpt":"Description d\u00e9taill\u00e9e : L\u2019Eau de Rose Blanc Al Assile (6 bouteilles) se pr\u00e9sente dans un flacon spray transparent, con\u00e7u pour une utilisation facile et rapide. Sa formule aqueuse procure une sensation imm\u00e9diate de fra\u00eecheur et de confort lors de l\u2019application. Appr\u00e9ci\u00e9e pour son parfum floral d\u00e9licat, elle s\u2019int\u00e8gre parfaitement \u00e0 la routine beaut\u00e9 quotidienne, que&hellip;","_links":{"self":[{"href":"https:\/\/alassille.com\/ar\/wp-json\/wp\/v2\/product\/5717","targetHints":{"allow":["GET"]}}],"collection":[{"href":"https:\/\/alassille.com\/ar\/wp-json\/wp\/v2\/product"}],"about":[{"href":"https:\/\/alassille.com\/ar\/wp-json\/wp\/v2\/types\/product"}],"wp:featuredmedia":[{"embeddable":true,"href":"https:\/\/alassille.com\/ar\/wp-json\/wp\/v2\/media\/5744"}],"wp:attachment":[{"href":"https:\/\/alassille.com\/ar\/wp-json\/wp\/v2\/media?parent=5717"}],"wp:term":[{"taxonomy":"product_brand","embeddable":true,"href":"https:\/\/alassille.com\/ar\/wp-json\/wp\/v2\/product_brand?post=5717"},{"taxonomy":"product_cat","embeddable":true,"href":"https:\/\/alassille.com\/ar\/wp-json\/wp\/v2\/product_cat?post=5717"},{"taxonomy":"product_tag","embeddable":true,"href":"https:\/\/alassille.com\/ar\/wp-json\/wp\/v2\/product_tag?post=5717"}],"curies":[{"name":"wp","href":"https:\/\/api.w.org\/{rel}","templated":true}]}}