{"id":5715,"date":"2026-02-14T18:12:22","date_gmt":"2026-02-14T18:12:22","guid":{"rendered":"https:\/\/alassille.com\/?post_type=product&#038;p=5715"},"modified":"2026-03-26T23:29:21","modified_gmt":"2026-03-26T23:29:21","slug":"shampooing-magique-dargan","status":"publish","type":"product","link":"https:\/\/alassille.com\/ar\/product\/shampooing-magique-dargan\/","title":{"rendered":"Shampooing Magique d\u2019Argan"},"content":{"rendered":"","protected":false},"excerpt":{"rendered":"<p><strong>Description d\u00e9taill\u00e9e :<\/strong><br \/>\nLe Shampooing Magique d\u2019Argan Al Assile est un soin capillaire formul\u00e9 pour un usage r\u00e9gulier. Sa texture agr\u00e9able nettoie les cheveux en douceur et s\u2019int\u00e8gre facilement \u00e0 la routine de lavage quotidienne.<\/p>\n<p>Selon les indications de l\u2019emballage, ce shampooing \u00e0 l\u2019argan contribue \u00e0 nourrir et assouplir les cheveux, les rendant plus faciles \u00e0 coiffer et plus souples au toucher. Il convient \u00e0 tous les types de cheveux et met en avant des ingr\u00e9dients d\u2019origine naturelle.<\/p>\n<p><strong>Bienfaits :<\/strong><\/p>\n<ul>\n<li>Shampooing \u00e0 base d\u2019argan<\/li>\n<li>Aide \u00e0 nourrir et assouplir les cheveux<\/li>\n<li>Convient \u00e0 tous les types de cheveux<\/li>\n<li>Nettoyage doux pour un usage quotidien<\/li>\n<li>Ingr\u00e9dients d\u2019origine naturelle<\/li>\n<\/ul>\n<p><strong>Id\u00e9al pour :<\/strong><br \/>\nTous les types de cheveux, pour une routine de soin capillaire quotidienne.<\/p>","protected":false},"featured_media":5770,"template":"","meta":{"_uag_custom_page_level_css":"","site-sidebar-layout":"default","site-content-layout":"","ast-site-content-layout":"default","site-content-style":"default","site-sidebar-style":"default","ast-global-header-display":"","ast-banner-title-visibility":"","ast-main-header-display":"","ast-hfb-above-header-display":"","ast-hfb-below-header-display":"","ast-hfb-mobile-header-display":"","site-post-title":"","ast-breadcrumbs-content":"","ast-featured-img":"","footer-sml-layout":"","ast-disable-related-posts":"","theme-transparent-header-meta":"default","adv-header-id-meta":"","stick-header-meta":"","header-above-stick-meta":"","header-main-stick-meta":"","header-below-stick-meta":"","astra-migrate-meta-layouts":"set","ast-page-background-enabled":"default","ast-page-background-meta":{"desktop":{"background-color":"","background-image":"","background-repeat":"repeat","background-position":"center center","background-size":"auto","background-attachment":"scroll","background-type":"","background-media":"","overlay-type":"","overlay-color":"","overlay-opacity":"","overlay-gradient":""},"tablet":{"background-color":"","background-image":"","background-repeat":"repeat","background-position":"center center","background-size":"auto","background-attachment":"scroll","background-type":"","background-media":"","overlay-type":"","overlay-color":"","overlay-opacity":"","overlay-gradient":""},"mobile":{"background-color":"","background-image":"","background-repeat":"repeat","background-position":"center center","background-size":"auto","background-attachment":"scroll","background-type":"","background-media":"","overlay-type":"","overlay-color":"","overlay-opacity":"","overlay-gradient":""}},"ast-content-background-meta":{"desktop":{"background-color":"var(--ast-global-color-5)","background-image":"","background-repeat":"repeat","background-position":"center center","background-size":"auto","background-attachment":"scroll","background-type":"","background-media":"","overlay-type":"","overlay-color":"","overlay-opacity":"","overlay-gradient":""},"tablet":{"background-color":"var(--ast-global-color-5)","background-image":"","background-repeat":"repeat","background-position":"center center","background-size":"auto","background-attachment":"scroll","background-type":"","background-media":"","overlay-type":"","overlay-color":"","overlay-opacity":"","overlay-gradient":""},"mobile":{"background-color":"var(--ast-global-color-5)","background-image":"","background-repeat":"repeat","background-position":"center center","background-size":"auto","background-attachment":"scroll","background-type":"","background-media":"","overlay-type":"","overlay-color":"","overlay-opacity":"","overlay-gradient":""}}},"product_brand":[],"product_cat":[34],"product_tag":[],"class_list":{"0":"post-5715","1":"product","2":"type-product","3":"status-publish","4":"has-post-thumbnail","6":"product_cat-serums","7":"desktop-align-center","8":"tablet-align-center","9":"mobile-align-center","11":"first","12":"instock","13":"sale","14":"shipping-taxable","15":"purchasable","16":"product-type-simple"},"yoast_head":"<!-- This site is optimized with the Yoast SEO plugin v27.1.1 - https:\/\/yoast.com\/product\/yoast-seo-wordpress\/ -->\n<title>Shampooing Magique d\u2019Argan | alassille.com<\/title>\n<meta name=\"description\" content=\"D\u00e9couvrez le Shampooing Magique d\u2019Argan, id\u00e9al pour nourrir, hydrater et renforcer vos cheveux tout en revitalisant le cuir chevelu!\" \/>\n<meta name=\"robots\" content=\"index, follow, max-snippet:-1, max-image-preview:large, max-video-preview:-1\" \/>\n<link rel=\"canonical\" href=\"https:\/\/alassille.com\/ar\/product\/shampooing-magique-dargan\/\" \/>\n<meta property=\"og:locale\" content=\"ar_AR\" \/>\n<meta property=\"og:type\" content=\"article\" \/>\n<meta property=\"og:title\" content=\"Shampooing Magique d\u2019Argan | alassille.com\" \/>\n<meta property=\"og:description\" content=\"D\u00e9couvrez le Shampooing Magique d\u2019Argan, id\u00e9al pour nourrir, hydrater et renforcer vos cheveux tout en revitalisant le cuir chevelu!\" \/>\n<meta property=\"og:url\" content=\"https:\/\/alassille.com\/ar\/product\/shampooing-magique-dargan\/\" \/>\n<meta property=\"og:site_name\" content=\"alassille.com\" \/>\n<meta property=\"article:modified_time\" content=\"2026-03-26T23:29:21+00:00\" \/>\n<meta property=\"og:image\" content=\"https:\/\/alassille.com\/wp-content\/uploads\/2026\/02\/56.png\" \/>\n\t<meta property=\"og:image:width\" content=\"960\" \/>\n\t<meta property=\"og:image:height\" content=\"1300\" \/>\n\t<meta property=\"og:image:type\" content=\"image\/png\" \/>\n<meta name=\"twitter:card\" content=\"summary_large_image\" \/>\n<meta name=\"twitter:label1\" content=\"\u0648\u0642\u062a \u0627\u0644\u0642\u0631\u0627\u0621\u0629 \u0627\u0644\u0645\u064f\u0642\u062f\u0651\u0631\" \/>\n\t<meta name=\"twitter:data1\" content=\"\u062f\u0642\u064a\u0642\u0629 \u0648\u0627\u062d\u062f\u0629\" \/>\n<script type=\"application\/ld+json\" class=\"yoast-schema-graph\">{\"@context\":\"https:\/\/schema.org\",\"@graph\":[{\"@type\":\"WebPage\",\"@id\":\"https:\/\/alassille.com\/product\/shampooing-magique-dargan\/\",\"url\":\"https:\/\/alassille.com\/product\/shampooing-magique-dargan\/\",\"name\":\"Shampooing Magique d\u2019Argan | alassille.com\",\"isPartOf\":{\"@id\":\"https:\/\/alassille.com\/#website\"},\"primaryImageOfPage\":{\"@id\":\"https:\/\/alassille.com\/product\/shampooing-magique-dargan\/#primaryimage\"},\"image\":{\"@id\":\"https:\/\/alassille.com\/product\/shampooing-magique-dargan\/#primaryimage\"},\"thumbnailUrl\":\"https:\/\/alassille.com\/wp-content\/uploads\/2026\/02\/56.png\",\"datePublished\":\"2026-02-14T18:12:22+00:00\",\"dateModified\":\"2026-03-26T23:29:21+00:00\",\"description\":\"D\u00e9couvrez le Shampooing Magique d\u2019Argan, id\u00e9al pour nourrir, hydrater et renforcer vos cheveux tout en revitalisant le cuir chevelu!\",\"breadcrumb\":{\"@id\":\"https:\/\/alassille.com\/product\/shampooing-magique-dargan\/#breadcrumb\"},\"inLanguage\":\"ar\",\"potentialAction\":[{\"@type\":\"ReadAction\",\"target\":[\"https:\/\/alassille.com\/product\/shampooing-magique-dargan\/\"]}]},{\"@type\":\"ImageObject\",\"inLanguage\":\"ar\",\"@id\":\"https:\/\/alassille.com\/product\/shampooing-magique-dargan\/#primaryimage\",\"url\":\"https:\/\/alassille.com\/wp-content\/uploads\/2026\/02\/56.png\",\"contentUrl\":\"https:\/\/alassille.com\/wp-content\/uploads\/2026\/02\/56.png\",\"width\":960,\"height\":1300,\"caption\":\"shampooing au chanvre indien\"},{\"@type\":\"BreadcrumbList\",\"@id\":\"https:\/\/alassille.com\/product\/shampooing-magique-dargan\/#breadcrumb\",\"itemListElement\":[{\"@type\":\"ListItem\",\"position\":1,\"name\":\"Accueil\",\"item\":\"https:\/\/alassille.com\/\"},{\"@type\":\"ListItem\",\"position\":2,\"name\":\"Shop\",\"item\":\"https:\/\/alassille.com\/shop\/\"},{\"@type\":\"ListItem\",\"position\":3,\"name\":\"Shampooing Magique d\u2019Argan\"}]},{\"@type\":\"WebSite\",\"@id\":\"https:\/\/alassille.com\/#website\",\"url\":\"https:\/\/alassille.com\/\",\"name\":\"alassille.com\",\"description\":\"produits 100% Al assille\",\"publisher\":{\"@id\":\"https:\/\/alassille.com\/#organization\"},\"potentialAction\":[{\"@type\":\"SearchAction\",\"target\":{\"@type\":\"EntryPoint\",\"urlTemplate\":\"https:\/\/alassille.com\/?s={search_term_string}\"},\"query-input\":{\"@type\":\"PropertyValueSpecification\",\"valueRequired\":true,\"valueName\":\"search_term_string\"}}],\"inLanguage\":\"ar\"},{\"@type\":\"Organization\",\"@id\":\"https:\/\/alassille.com\/#organization\",\"name\":\"Al Assille\",\"url\":\"https:\/\/alassille.com\/\",\"logo\":{\"@type\":\"ImageObject\",\"inLanguage\":\"ar\",\"@id\":\"https:\/\/alassille.com\/#\/schema\/logo\/image\/\",\"url\":\"https:\/\/alassille.com\/wp-content\/uploads\/2025\/12\/cropped-sabhi_logo-1-e1768585539861.webp\",\"contentUrl\":\"https:\/\/alassille.com\/wp-content\/uploads\/2025\/12\/cropped-sabhi_logo-1-e1768585539861.webp\",\"width\":160,\"height\":92,\"caption\":\"Al Assille\"},\"image\":{\"@id\":\"https:\/\/alassille.com\/#\/schema\/logo\/image\/\"}}]}<\/script>\n<!-- \/ Yoast SEO plugin. -->","yoast_head_json":{"title":"Shampooing Magique d\u2019Argan | alassille.com","description":"D\u00e9couvrez le Shampooing Magique d\u2019Argan, id\u00e9al pour nourrir, hydrater et renforcer vos cheveux tout en revitalisant le cuir chevelu!","robots":{"index":"index","follow":"follow","max-snippet":"max-snippet:-1","max-image-preview":"max-image-preview:large","max-video-preview":"max-video-preview:-1"},"canonical":"https:\/\/alassille.com\/ar\/product\/shampooing-magique-dargan\/","og_locale":"ar_AR","og_type":"article","og_title":"Shampooing Magique d\u2019Argan | alassille.com","og_description":"D\u00e9couvrez le Shampooing Magique d\u2019Argan, id\u00e9al pour nourrir, hydrater et renforcer vos cheveux tout en revitalisant le cuir chevelu!","og_url":"https:\/\/alassille.com\/ar\/product\/shampooing-magique-dargan\/","og_site_name":"alassille.com","article_modified_time":"2026-03-26T23:29:21+00:00","og_image":[{"width":960,"height":1300,"url":"https:\/\/alassille.com\/wp-content\/uploads\/2026\/02\/56.png","type":"image\/png"}],"twitter_card":"summary_large_image","twitter_misc":{"\u0648\u0642\u062a \u0627\u0644\u0642\u0631\u0627\u0621\u0629 \u0627\u0644\u0645\u064f\u0642\u062f\u0651\u0631":"\u062f\u0642\u064a\u0642\u0629 \u0648\u0627\u062d\u062f\u0629"},"schema":{"@context":"https:\/\/schema.org","@graph":[{"@type":"WebPage","@id":"https:\/\/alassille.com\/product\/shampooing-magique-dargan\/","url":"https:\/\/alassille.com\/product\/shampooing-magique-dargan\/","name":"Shampooing Magique d\u2019Argan | alassille.com","isPartOf":{"@id":"https:\/\/alassille.com\/#website"},"primaryImageOfPage":{"@id":"https:\/\/alassille.com\/product\/shampooing-magique-dargan\/#primaryimage"},"image":{"@id":"https:\/\/alassille.com\/product\/shampooing-magique-dargan\/#primaryimage"},"thumbnailUrl":"https:\/\/alassille.com\/wp-content\/uploads\/2026\/02\/56.png","datePublished":"2026-02-14T18:12:22+00:00","dateModified":"2026-03-26T23:29:21+00:00","description":"D\u00e9couvrez le Shampooing Magique d\u2019Argan, id\u00e9al pour nourrir, hydrater et renforcer vos cheveux tout en revitalisant le cuir chevelu!","breadcrumb":{"@id":"https:\/\/alassille.com\/product\/shampooing-magique-dargan\/#breadcrumb"},"inLanguage":"ar","potentialAction":[{"@type":"ReadAction","target":["https:\/\/alassille.com\/product\/shampooing-magique-dargan\/"]}]},{"@type":"ImageObject","inLanguage":"ar","@id":"https:\/\/alassille.com\/product\/shampooing-magique-dargan\/#primaryimage","url":"https:\/\/alassille.com\/wp-content\/uploads\/2026\/02\/56.png","contentUrl":"https:\/\/alassille.com\/wp-content\/uploads\/2026\/02\/56.png","width":960,"height":1300,"caption":"shampooing au chanvre indien"},{"@type":"BreadcrumbList","@id":"https:\/\/alassille.com\/product\/shampooing-magique-dargan\/#breadcrumb","itemListElement":[{"@type":"ListItem","position":1,"name":"Accueil","item":"https:\/\/alassille.com\/"},{"@type":"ListItem","position":2,"name":"Shop","item":"https:\/\/alassille.com\/shop\/"},{"@type":"ListItem","position":3,"name":"Shampooing Magique d\u2019Argan"}]},{"@type":"WebSite","@id":"https:\/\/alassille.com\/#website","url":"https:\/\/alassille.com\/","name":"alassille.com","description":"produits 100% Al assille","publisher":{"@id":"https:\/\/alassille.com\/#organization"},"potentialAction":[{"@type":"SearchAction","target":{"@type":"EntryPoint","urlTemplate":"https:\/\/alassille.com\/?s={search_term_string}"},"query-input":{"@type":"PropertyValueSpecification","valueRequired":true,"valueName":"search_term_string"}}],"inLanguage":"ar"},{"@type":"Organization","@id":"https:\/\/alassille.com\/#organization","name":"Al Assille","url":"https:\/\/alassille.com\/","logo":{"@type":"ImageObject","inLanguage":"ar","@id":"https:\/\/alassille.com\/#\/schema\/logo\/image\/","url":"https:\/\/alassille.com\/wp-content\/uploads\/2025\/12\/cropped-sabhi_logo-1-e1768585539861.webp","contentUrl":"https:\/\/alassille.com\/wp-content\/uploads\/2025\/12\/cropped-sabhi_logo-1-e1768585539861.webp","width":160,"height":92,"caption":"Al Assille"},"image":{"@id":"https:\/\/alassille.com\/#\/schema\/logo\/image\/"}}]}},"uagb_featured_image_src":{"full":["https:\/\/alassille.com\/wp-content\/uploads\/2026\/02\/56.png",960,1300,false],"thumbnail":["https:\/\/alassille.com\/wp-content\/uploads\/2026\/02\/56-150x150.png",150,150,true],"medium":["https:\/\/alassille.com\/wp-content\/uploads\/2026\/02\/56-222x300.png",222,300,true],"medium_large":["https:\/\/alassille.com\/wp-content\/uploads\/2026\/02\/56-768x1040.png",768,1040,true],"large":["https:\/\/alassille.com\/wp-content\/uploads\/2026\/02\/56-756x1024.png",756,1024,true],"1536x1536":["https:\/\/alassille.com\/wp-content\/uploads\/2026\/02\/56.png",960,1300,false],"2048x2048":["https:\/\/alassille.com\/wp-content\/uploads\/2026\/02\/56.png",960,1300,false],"trp-custom-language-flag":["https:\/\/alassille.com\/wp-content\/uploads\/2026\/02\/56.png",9,12,false],"woocommerce_thumbnail":["https:\/\/alassille.com\/wp-content\/uploads\/2026\/02\/56-300x406.png",300,406,true],"woocommerce_single":["https:\/\/alassille.com\/wp-content\/uploads\/2026\/02\/56-600x813.png",600,813,true],"woocommerce_gallery_thumbnail":["https:\/\/alassille.com\/wp-content\/uploads\/2026\/02\/56-100x100.png",100,100,true]},"uagb_author_info":{"display_name":"abderrazzak","author_link":"https:\/\/alassille.com\/ar\/author\/"},"uagb_comment_info":0,"uagb_excerpt":"Description d\u00e9taill\u00e9e : Le Shampooing Magique d\u2019Argan Al Assile est un soin capillaire formul\u00e9 pour un usage r\u00e9gulier. Sa texture agr\u00e9able nettoie les cheveux en douceur et s\u2019int\u00e8gre facilement \u00e0 la routine de lavage quotidienne. Selon les indications de l\u2019emballage, ce shampooing \u00e0 l\u2019argan contribue \u00e0 nourrir et assouplir les cheveux, les rendant plus faciles&hellip;","_links":{"self":[{"href":"https:\/\/alassille.com\/ar\/wp-json\/wp\/v2\/product\/5715","targetHints":{"allow":["GET"]}}],"collection":[{"href":"https:\/\/alassille.com\/ar\/wp-json\/wp\/v2\/product"}],"about":[{"href":"https:\/\/alassille.com\/ar\/wp-json\/wp\/v2\/types\/product"}],"wp:featuredmedia":[{"embeddable":true,"href":"https:\/\/alassille.com\/ar\/wp-json\/wp\/v2\/media\/5770"}],"wp:attachment":[{"href":"https:\/\/alassille.com\/ar\/wp-json\/wp\/v2\/media?parent=5715"}],"wp:term":[{"taxonomy":"product_brand","embeddable":true,"href":"https:\/\/alassille.com\/ar\/wp-json\/wp\/v2\/product_brand?post=5715"},{"taxonomy":"product_cat","embeddable":true,"href":"https:\/\/alassille.com\/ar\/wp-json\/wp\/v2\/product_cat?post=5715"},{"taxonomy":"product_tag","embeddable":true,"href":"https:\/\/alassille.com\/ar\/wp-json\/wp\/v2\/product_tag?post=5715"}],"curies":[{"name":"wp","href":"https:\/\/api.w.org\/{rel}","templated":true}]}}