{"id":5702,"date":"2026-02-14T17:54:55","date_gmt":"2026-02-14T17:54:55","guid":{"rendered":"https:\/\/alassille.com\/?post_type=product&#038;p=5702"},"modified":"2026-03-26T23:16:05","modified_gmt":"2026-03-26T23:16:05","slug":"serum-vitamine-e-visage-et-corps","status":"publish","type":"product","link":"https:\/\/alassille.com\/ar\/product\/serum-vitamine-e-visage-et-corps\/","title":{"rendered":"Huile Vitamine E \u2013 Visage et Corps"},"content":{"rendered":"","protected":false},"excerpt":{"rendered":"<p><strong>Description d\u00e9taill\u00e9e :<\/strong><br \/>\nLe S\u00e9rum Vitamine E est un soin cosm\u00e9tique pr\u00e9sent\u00e9 dans un flacon pompe \u00e9l\u00e9gant et pratique, assurant une application ma\u00eetris\u00e9e et hygi\u00e9nique. Sa formule met en avant la vitamine E, un actif couramment utilis\u00e9 en cosm\u00e9tique pour le soin de la peau.<\/p>\n<p>Gr\u00e2ce \u00e0 sa texture l\u00e9g\u00e8re et transparente, ce s\u00e9rum s\u2019applique ais\u00e9ment sur le visage et le corps. Il convient aux utilisateurs recherchant un soin simple, polyvalent et adapt\u00e9 \u00e0 un usage quotidien.<\/p>\n<p><strong>Bienfaits :<\/strong><\/p>\n<ul>\n<li>Contient de la vitamine E<\/li>\n<li>S\u00e9rum cosm\u00e9tique pour le visage et le corps<\/li>\n<li>Texture fluide et l\u00e9g\u00e8re<\/li>\n<li>Application facile gr\u00e2ce au flacon pompe<\/li>\n<li>Adapt\u00e9 \u00e0 une utilisation quotidienne<\/li>\n<\/ul>\n<p><strong>Id\u00e9al pour :<\/strong><br \/>\nLes routines de soin quotidiennes du visage et du corps.<\/p>","protected":false},"featured_media":5679,"template":"","meta":{"_uag_custom_page_level_css":"","site-sidebar-layout":"default","site-content-layout":"","ast-site-content-layout":"default","site-content-style":"default","site-sidebar-style":"default","ast-global-header-display":"","ast-banner-title-visibility":"","ast-main-header-display":"","ast-hfb-above-header-display":"","ast-hfb-below-header-display":"","ast-hfb-mobile-header-display":"","site-post-title":"","ast-breadcrumbs-content":"","ast-featured-img":"","footer-sml-layout":"","ast-disable-related-posts":"","theme-transparent-header-meta":"default","adv-header-id-meta":"","stick-header-meta":"","header-above-stick-meta":"","header-main-stick-meta":"","header-below-stick-meta":"","astra-migrate-meta-layouts":"set","ast-page-background-enabled":"default","ast-page-background-meta":{"desktop":{"background-color":"","background-image":"","background-repeat":"repeat","background-position":"center center","background-size":"auto","background-attachment":"scroll","background-type":"","background-media":"","overlay-type":"","overlay-color":"","overlay-opacity":"","overlay-gradient":""},"tablet":{"background-color":"","background-image":"","background-repeat":"repeat","background-position":"center center","background-size":"auto","background-attachment":"scroll","background-type":"","background-media":"","overlay-type":"","overlay-color":"","overlay-opacity":"","overlay-gradient":""},"mobile":{"background-color":"","background-image":"","background-repeat":"repeat","background-position":"center center","background-size":"auto","background-attachment":"scroll","background-type":"","background-media":"","overlay-type":"","overlay-color":"","overlay-opacity":"","overlay-gradient":""}},"ast-content-background-meta":{"desktop":{"background-color":"var(--ast-global-color-5)","background-image":"","background-repeat":"repeat","background-position":"center center","background-size":"auto","background-attachment":"scroll","background-type":"","background-media":"","overlay-type":"","overlay-color":"","overlay-opacity":"","overlay-gradient":""},"tablet":{"background-color":"var(--ast-global-color-5)","background-image":"","background-repeat":"repeat","background-position":"center center","background-size":"auto","background-attachment":"scroll","background-type":"","background-media":"","overlay-type":"","overlay-color":"","overlay-opacity":"","overlay-gradient":""},"mobile":{"background-color":"var(--ast-global-color-5)","background-image":"","background-repeat":"repeat","background-position":"center center","background-size":"auto","background-attachment":"scroll","background-type":"","background-media":"","overlay-type":"","overlay-color":"","overlay-opacity":"","overlay-gradient":""}}},"product_brand":[],"product_cat":[33],"product_tag":[],"class_list":{"0":"post-5702","1":"product","2":"type-product","3":"status-publish","4":"has-post-thumbnail","6":"product_cat-huiles","7":"desktop-align-center","8":"tablet-align-center","9":"mobile-align-center","11":"first","12":"instock","13":"sale","14":"shipping-taxable","15":"purchasable","16":"product-type-simple"},"yoast_head":"<!-- This site is optimized with the Yoast SEO plugin v27.1.1 - https:\/\/yoast.com\/product\/yoast-seo-wordpress\/ -->\n<title>Huile Vitamine E \u2013 Visage et Corps | alassille.com<\/title>\n<meta name=\"description\" content=\"Offrez-vous une pause bien-\u00eatre avec notre Huile Vitamine E. Transformez chaque moment en un voyage de s\u00e9r\u00e9nit\u00e9, procurez-vous-la d\u00e8s maintenant ! \ud83c\udf3f\" \/>\n<meta name=\"robots\" content=\"index, follow, max-snippet:-1, max-image-preview:large, max-video-preview:-1\" \/>\n<link rel=\"canonical\" href=\"https:\/\/alassille.com\/ar\/product\/serum-vitamine-e-visage-et-corps\/\" \/>\n<meta property=\"og:locale\" content=\"ar_AR\" \/>\n<meta property=\"og:type\" content=\"article\" \/>\n<meta property=\"og:title\" content=\"Huile Vitamine E \u2013 Visage et Corps | alassille.com\" \/>\n<meta property=\"og:description\" content=\"Offrez-vous une pause bien-\u00eatre avec notre Huile Vitamine E. Transformez chaque moment en un voyage de s\u00e9r\u00e9nit\u00e9, procurez-vous-la d\u00e8s maintenant ! \ud83c\udf3f\" \/>\n<meta property=\"og:url\" content=\"https:\/\/alassille.com\/ar\/product\/serum-vitamine-e-visage-et-corps\/\" \/>\n<meta property=\"og:site_name\" content=\"alassille.com\" \/>\n<meta property=\"article:modified_time\" content=\"2026-03-26T23:16:05+00:00\" \/>\n<meta property=\"og:image\" content=\"https:\/\/alassille.com\/wp-content\/uploads\/2026\/02\/29.png\" \/>\n\t<meta property=\"og:image:width\" content=\"960\" \/>\n\t<meta property=\"og:image:height\" content=\"1170\" \/>\n\t<meta property=\"og:image:type\" content=\"image\/png\" \/>\n<meta name=\"twitter:card\" content=\"summary_large_image\" \/>\n<meta name=\"twitter:label1\" content=\"\u0648\u0642\u062a \u0627\u0644\u0642\u0631\u0627\u0621\u0629 \u0627\u0644\u0645\u064f\u0642\u062f\u0651\u0631\" \/>\n\t<meta name=\"twitter:data1\" content=\"\u062f\u0642\u064a\u0642\u0629 \u0648\u0627\u062d\u062f\u0629\" \/>\n<script type=\"application\/ld+json\" class=\"yoast-schema-graph\">{\"@context\":\"https:\/\/schema.org\",\"@graph\":[{\"@type\":\"WebPage\",\"@id\":\"https:\/\/alassille.com\/product\/serum-vitamine-e-visage-et-corps\/\",\"url\":\"https:\/\/alassille.com\/product\/serum-vitamine-e-visage-et-corps\/\",\"name\":\"Huile Vitamine E \u2013 Visage et Corps | alassille.com\",\"isPartOf\":{\"@id\":\"https:\/\/alassille.com\/#website\"},\"primaryImageOfPage\":{\"@id\":\"https:\/\/alassille.com\/product\/serum-vitamine-e-visage-et-corps\/#primaryimage\"},\"image\":{\"@id\":\"https:\/\/alassille.com\/product\/serum-vitamine-e-visage-et-corps\/#primaryimage\"},\"thumbnailUrl\":\"https:\/\/alassille.com\/wp-content\/uploads\/2026\/02\/29.png\",\"datePublished\":\"2026-02-14T17:54:55+00:00\",\"dateModified\":\"2026-03-26T23:16:05+00:00\",\"description\":\"Offrez-vous une pause bien-\u00eatre avec notre Huile Vitamine E. Transformez chaque moment en un voyage de s\u00e9r\u00e9nit\u00e9, procurez-vous-la d\u00e8s maintenant ! \ud83c\udf3f\",\"breadcrumb\":{\"@id\":\"https:\/\/alassille.com\/product\/serum-vitamine-e-visage-et-corps\/#breadcrumb\"},\"inLanguage\":\"ar\",\"potentialAction\":[{\"@type\":\"ReadAction\",\"target\":[\"https:\/\/alassille.com\/product\/serum-vitamine-e-visage-et-corps\/\"]}]},{\"@type\":\"ImageObject\",\"inLanguage\":\"ar\",\"@id\":\"https:\/\/alassille.com\/product\/serum-vitamine-e-visage-et-corps\/#primaryimage\",\"url\":\"https:\/\/alassille.com\/wp-content\/uploads\/2026\/02\/29.png\",\"contentUrl\":\"https:\/\/alassille.com\/wp-content\/uploads\/2026\/02\/29.png\",\"width\":960,\"height\":1170,\"caption\":\"gommage purifiant au miel\"},{\"@type\":\"BreadcrumbList\",\"@id\":\"https:\/\/alassille.com\/product\/serum-vitamine-e-visage-et-corps\/#breadcrumb\",\"itemListElement\":[{\"@type\":\"ListItem\",\"position\":1,\"name\":\"Accueil\",\"item\":\"https:\/\/alassille.com\/\"},{\"@type\":\"ListItem\",\"position\":2,\"name\":\"Shop\",\"item\":\"https:\/\/alassille.com\/shop\/\"},{\"@type\":\"ListItem\",\"position\":3,\"name\":\"Huile Vitamine E \u2013 Visage et Corps\"}]},{\"@type\":\"WebSite\",\"@id\":\"https:\/\/alassille.com\/#website\",\"url\":\"https:\/\/alassille.com\/\",\"name\":\"alassille.com\",\"description\":\"produits 100% Al assille\",\"publisher\":{\"@id\":\"https:\/\/alassille.com\/#organization\"},\"potentialAction\":[{\"@type\":\"SearchAction\",\"target\":{\"@type\":\"EntryPoint\",\"urlTemplate\":\"https:\/\/alassille.com\/?s={search_term_string}\"},\"query-input\":{\"@type\":\"PropertyValueSpecification\",\"valueRequired\":true,\"valueName\":\"search_term_string\"}}],\"inLanguage\":\"ar\"},{\"@type\":\"Organization\",\"@id\":\"https:\/\/alassille.com\/#organization\",\"name\":\"Al Assille\",\"url\":\"https:\/\/alassille.com\/\",\"logo\":{\"@type\":\"ImageObject\",\"inLanguage\":\"ar\",\"@id\":\"https:\/\/alassille.com\/#\/schema\/logo\/image\/\",\"url\":\"https:\/\/alassille.com\/wp-content\/uploads\/2025\/12\/cropped-sabhi_logo-1-e1768585539861.webp\",\"contentUrl\":\"https:\/\/alassille.com\/wp-content\/uploads\/2025\/12\/cropped-sabhi_logo-1-e1768585539861.webp\",\"width\":160,\"height\":92,\"caption\":\"Al Assille\"},\"image\":{\"@id\":\"https:\/\/alassille.com\/#\/schema\/logo\/image\/\"}}]}<\/script>\n<!-- \/ Yoast SEO plugin. -->","yoast_head_json":{"title":"Huile Vitamine E \u2013 Visage et Corps | alassille.com","description":"Offrez-vous une pause bien-\u00eatre avec notre Huile Vitamine E. Transformez chaque moment en un voyage de s\u00e9r\u00e9nit\u00e9, procurez-vous-la d\u00e8s maintenant ! \ud83c\udf3f","robots":{"index":"index","follow":"follow","max-snippet":"max-snippet:-1","max-image-preview":"max-image-preview:large","max-video-preview":"max-video-preview:-1"},"canonical":"https:\/\/alassille.com\/ar\/product\/serum-vitamine-e-visage-et-corps\/","og_locale":"ar_AR","og_type":"article","og_title":"Huile Vitamine E \u2013 Visage et Corps | alassille.com","og_description":"Offrez-vous une pause bien-\u00eatre avec notre Huile Vitamine E. Transformez chaque moment en un voyage de s\u00e9r\u00e9nit\u00e9, procurez-vous-la d\u00e8s maintenant ! \ud83c\udf3f","og_url":"https:\/\/alassille.com\/ar\/product\/serum-vitamine-e-visage-et-corps\/","og_site_name":"alassille.com","article_modified_time":"2026-03-26T23:16:05+00:00","og_image":[{"width":960,"height":1170,"url":"https:\/\/alassille.com\/wp-content\/uploads\/2026\/02\/29.png","type":"image\/png"}],"twitter_card":"summary_large_image","twitter_misc":{"\u0648\u0642\u062a \u0627\u0644\u0642\u0631\u0627\u0621\u0629 \u0627\u0644\u0645\u064f\u0642\u062f\u0651\u0631":"\u062f\u0642\u064a\u0642\u0629 \u0648\u0627\u062d\u062f\u0629"},"schema":{"@context":"https:\/\/schema.org","@graph":[{"@type":"WebPage","@id":"https:\/\/alassille.com\/product\/serum-vitamine-e-visage-et-corps\/","url":"https:\/\/alassille.com\/product\/serum-vitamine-e-visage-et-corps\/","name":"Huile Vitamine E \u2013 Visage et Corps | alassille.com","isPartOf":{"@id":"https:\/\/alassille.com\/#website"},"primaryImageOfPage":{"@id":"https:\/\/alassille.com\/product\/serum-vitamine-e-visage-et-corps\/#primaryimage"},"image":{"@id":"https:\/\/alassille.com\/product\/serum-vitamine-e-visage-et-corps\/#primaryimage"},"thumbnailUrl":"https:\/\/alassille.com\/wp-content\/uploads\/2026\/02\/29.png","datePublished":"2026-02-14T17:54:55+00:00","dateModified":"2026-03-26T23:16:05+00:00","description":"Offrez-vous une pause bien-\u00eatre avec notre Huile Vitamine E. Transformez chaque moment en un voyage de s\u00e9r\u00e9nit\u00e9, procurez-vous-la d\u00e8s maintenant ! \ud83c\udf3f","breadcrumb":{"@id":"https:\/\/alassille.com\/product\/serum-vitamine-e-visage-et-corps\/#breadcrumb"},"inLanguage":"ar","potentialAction":[{"@type":"ReadAction","target":["https:\/\/alassille.com\/product\/serum-vitamine-e-visage-et-corps\/"]}]},{"@type":"ImageObject","inLanguage":"ar","@id":"https:\/\/alassille.com\/product\/serum-vitamine-e-visage-et-corps\/#primaryimage","url":"https:\/\/alassille.com\/wp-content\/uploads\/2026\/02\/29.png","contentUrl":"https:\/\/alassille.com\/wp-content\/uploads\/2026\/02\/29.png","width":960,"height":1170,"caption":"gommage purifiant au miel"},{"@type":"BreadcrumbList","@id":"https:\/\/alassille.com\/product\/serum-vitamine-e-visage-et-corps\/#breadcrumb","itemListElement":[{"@type":"ListItem","position":1,"name":"Accueil","item":"https:\/\/alassille.com\/"},{"@type":"ListItem","position":2,"name":"Shop","item":"https:\/\/alassille.com\/shop\/"},{"@type":"ListItem","position":3,"name":"Huile Vitamine E \u2013 Visage et Corps"}]},{"@type":"WebSite","@id":"https:\/\/alassille.com\/#website","url":"https:\/\/alassille.com\/","name":"alassille.com","description":"produits 100% Al assille","publisher":{"@id":"https:\/\/alassille.com\/#organization"},"potentialAction":[{"@type":"SearchAction","target":{"@type":"EntryPoint","urlTemplate":"https:\/\/alassille.com\/?s={search_term_string}"},"query-input":{"@type":"PropertyValueSpecification","valueRequired":true,"valueName":"search_term_string"}}],"inLanguage":"ar"},{"@type":"Organization","@id":"https:\/\/alassille.com\/#organization","name":"Al Assille","url":"https:\/\/alassille.com\/","logo":{"@type":"ImageObject","inLanguage":"ar","@id":"https:\/\/alassille.com\/#\/schema\/logo\/image\/","url":"https:\/\/alassille.com\/wp-content\/uploads\/2025\/12\/cropped-sabhi_logo-1-e1768585539861.webp","contentUrl":"https:\/\/alassille.com\/wp-content\/uploads\/2025\/12\/cropped-sabhi_logo-1-e1768585539861.webp","width":160,"height":92,"caption":"Al Assille"},"image":{"@id":"https:\/\/alassille.com\/#\/schema\/logo\/image\/"}}]}},"uagb_featured_image_src":{"full":["https:\/\/alassille.com\/wp-content\/uploads\/2026\/02\/29.png",960,1170,false],"thumbnail":["https:\/\/alassille.com\/wp-content\/uploads\/2026\/02\/29-150x150.png",150,150,true],"medium":["https:\/\/alassille.com\/wp-content\/uploads\/2026\/02\/29-246x300.png",246,300,true],"medium_large":["https:\/\/alassille.com\/wp-content\/uploads\/2026\/02\/29-768x936.png",768,936,true],"large":["https:\/\/alassille.com\/wp-content\/uploads\/2026\/02\/29-840x1024.png",840,1024,true],"1536x1536":["https:\/\/alassille.com\/wp-content\/uploads\/2026\/02\/29.png",960,1170,false],"2048x2048":["https:\/\/alassille.com\/wp-content\/uploads\/2026\/02\/29.png",960,1170,false],"trp-custom-language-flag":["https:\/\/alassille.com\/wp-content\/uploads\/2026\/02\/29.png",10,12,false],"woocommerce_thumbnail":["https:\/\/alassille.com\/wp-content\/uploads\/2026\/02\/29-300x366.png",300,366,true],"woocommerce_single":["https:\/\/alassille.com\/wp-content\/uploads\/2026\/02\/29-600x731.png",600,731,true],"woocommerce_gallery_thumbnail":["https:\/\/alassille.com\/wp-content\/uploads\/2026\/02\/29-100x100.png",100,100,true]},"uagb_author_info":{"display_name":"abderrazzak","author_link":"https:\/\/alassille.com\/ar\/author\/"},"uagb_comment_info":0,"uagb_excerpt":"Description d\u00e9taill\u00e9e : Le S\u00e9rum Vitamine E est un soin cosm\u00e9tique pr\u00e9sent\u00e9 dans un flacon pompe \u00e9l\u00e9gant et pratique, assurant une application ma\u00eetris\u00e9e et hygi\u00e9nique. Sa formule met en avant la vitamine E, un actif couramment utilis\u00e9 en cosm\u00e9tique pour le soin de la peau. Gr\u00e2ce \u00e0 sa texture l\u00e9g\u00e8re et transparente, ce s\u00e9rum s\u2019applique&hellip;","_links":{"self":[{"href":"https:\/\/alassille.com\/ar\/wp-json\/wp\/v2\/product\/5702","targetHints":{"allow":["GET"]}}],"collection":[{"href":"https:\/\/alassille.com\/ar\/wp-json\/wp\/v2\/product"}],"about":[{"href":"https:\/\/alassille.com\/ar\/wp-json\/wp\/v2\/types\/product"}],"wp:featuredmedia":[{"embeddable":true,"href":"https:\/\/alassille.com\/ar\/wp-json\/wp\/v2\/media\/5679"}],"wp:attachment":[{"href":"https:\/\/alassille.com\/ar\/wp-json\/wp\/v2\/media?parent=5702"}],"wp:term":[{"taxonomy":"product_brand","embeddable":true,"href":"https:\/\/alassille.com\/ar\/wp-json\/wp\/v2\/product_brand?post=5702"},{"taxonomy":"product_cat","embeddable":true,"href":"https:\/\/alassille.com\/ar\/wp-json\/wp\/v2\/product_cat?post=5702"},{"taxonomy":"product_tag","embeddable":true,"href":"https:\/\/alassille.com\/ar\/wp-json\/wp\/v2\/product_tag?post=5702"}],"curies":[{"name":"wp","href":"https:\/\/api.w.org\/{rel}","templated":true}]}}