{"id":5669,"date":"2026-02-14T17:36:28","date_gmt":"2026-02-14T17:36:28","guid":{"rendered":"https:\/\/alassille.com\/?post_type=product&#038;p=5669"},"modified":"2026-03-26T23:21:18","modified_gmt":"2026-03-26T23:21:18","slug":"gommage-purifiant-au-miel","status":"publish","type":"product","link":"https:\/\/alassille.com\/ar\/product\/gommage-purifiant-au-miel\/","title":{"rendered":"Gommage Purifiant au Miel"},"content":{"rendered":"","protected":false},"excerpt":{"rendered":"<p><strong>Description d\u00e9taill\u00e9e :<\/strong><br \/>\nLe Gommage Purifiant au Miel est un soin exfoliant qui aide \u00e0 d\u00e9barrasser la peau des impuret\u00e9s accumul\u00e9es et des points noirs, tout en respectant son \u00e9quilibre naturel. Sa texture cr\u00e9meuse enrichie en particules exfoliantes visibles offre un nettoyage efficace et agr\u00e9able.<\/p>\n<p>Gr\u00e2ce aux propri\u00e9t\u00e9s reconnues du miel, ce gommage contribue \u00e0 illuminer le teint et \u00e0 maintenir une hydratation naturelle apr\u00e8s chaque utilisation, laissant la peau douce, lisse et visiblement plus fra\u00eeche.<\/p>\n<p><strong>Bienfaits :<\/strong><\/p>\n<ul>\n<li>Aide \u00e0 \u00e9liminer les impuret\u00e9s et les points noirs<\/li>\n<li>Exfolie la peau en douceur<\/li>\n<li>Contribue \u00e0 un teint plus lumineux<\/li>\n<li>Laisse la peau naturellement hydrat\u00e9e<\/li>\n<li>Texture agr\u00e9able et facile \u00e0 appliquer<\/li>\n<\/ul>\n<p><strong>Id\u00e9al pour :<\/strong><br \/>\nLes soins exfoliants r\u00e9guliers du visage et du corps.<\/p>","protected":false},"featured_media":5764,"template":"","meta":{"_uag_custom_page_level_css":"","site-sidebar-layout":"default","site-content-layout":"","ast-site-content-layout":"default","site-content-style":"default","site-sidebar-style":"default","ast-global-header-display":"","ast-banner-title-visibility":"","ast-main-header-display":"","ast-hfb-above-header-display":"","ast-hfb-below-header-display":"","ast-hfb-mobile-header-display":"","site-post-title":"","ast-breadcrumbs-content":"","ast-featured-img":"","footer-sml-layout":"","ast-disable-related-posts":"","theme-transparent-header-meta":"default","adv-header-id-meta":"","stick-header-meta":"","header-above-stick-meta":"","header-main-stick-meta":"","header-below-stick-meta":"","astra-migrate-meta-layouts":"set","ast-page-background-enabled":"default","ast-page-background-meta":{"desktop":{"background-color":"","background-image":"","background-repeat":"repeat","background-position":"center center","background-size":"auto","background-attachment":"scroll","background-type":"","background-media":"","overlay-type":"","overlay-color":"","overlay-opacity":"","overlay-gradient":""},"tablet":{"background-color":"","background-image":"","background-repeat":"repeat","background-position":"center center","background-size":"auto","background-attachment":"scroll","background-type":"","background-media":"","overlay-type":"","overlay-color":"","overlay-opacity":"","overlay-gradient":""},"mobile":{"background-color":"","background-image":"","background-repeat":"repeat","background-position":"center center","background-size":"auto","background-attachment":"scroll","background-type":"","background-media":"","overlay-type":"","overlay-color":"","overlay-opacity":"","overlay-gradient":""}},"ast-content-background-meta":{"desktop":{"background-color":"var(--ast-global-color-5)","background-image":"","background-repeat":"repeat","background-position":"center center","background-size":"auto","background-attachment":"scroll","background-type":"","background-media":"","overlay-type":"","overlay-color":"","overlay-opacity":"","overlay-gradient":""},"tablet":{"background-color":"var(--ast-global-color-5)","background-image":"","background-repeat":"repeat","background-position":"center center","background-size":"auto","background-attachment":"scroll","background-type":"","background-media":"","overlay-type":"","overlay-color":"","overlay-opacity":"","overlay-gradient":""},"mobile":{"background-color":"var(--ast-global-color-5)","background-image":"","background-repeat":"repeat","background-position":"center center","background-size":"auto","background-attachment":"scroll","background-type":"","background-media":"","overlay-type":"","overlay-color":"","overlay-opacity":"","overlay-gradient":""}}},"product_brand":[],"product_cat":[21],"product_tag":[],"class_list":{"0":"post-5669","1":"product","2":"type-product","3":"status-publish","4":"has-post-thumbnail","6":"product_cat-cremes","7":"desktop-align-center","8":"tablet-align-center","9":"mobile-align-center","11":"first","12":"instock","13":"sale","14":"shipping-taxable","15":"purchasable","16":"product-type-variable"},"yoast_head":"<!-- This site is optimized with the Yoast SEO plugin v27.1.1 - https:\/\/yoast.com\/product\/yoast-seo-wordpress\/ -->\n<title>Gommage Purifiant au Miel | alassille.com<\/title>\n<meta name=\"description\" content=\"Offrez \u00e0 votre peau le soin qu&#039;elle m\u00e9rite avec notre Gommage Purifiant au Miel. R\u00e9v\u00e9lez une douceur incroyable et charme, d\u00e9couvrez-le maintenant !\" \/>\n<meta name=\"robots\" content=\"index, follow, max-snippet:-1, max-image-preview:large, max-video-preview:-1\" \/>\n<link rel=\"canonical\" href=\"https:\/\/alassille.com\/ar\/product\/gommage-purifiant-au-miel\/\" \/>\n<meta property=\"og:locale\" content=\"ar_AR\" \/>\n<meta property=\"og:type\" content=\"article\" \/>\n<meta property=\"og:title\" content=\"Gommage Purifiant au Miel | alassille.com\" \/>\n<meta property=\"og:description\" content=\"Offrez \u00e0 votre peau le soin qu&#039;elle m\u00e9rite avec notre Gommage Purifiant au Miel. R\u00e9v\u00e9lez une douceur incroyable et charme, d\u00e9couvrez-le maintenant !\" \/>\n<meta property=\"og:url\" content=\"https:\/\/alassille.com\/ar\/product\/gommage-purifiant-au-miel\/\" \/>\n<meta property=\"og:site_name\" content=\"alassille.com\" \/>\n<meta property=\"article:modified_time\" content=\"2026-03-26T23:21:18+00:00\" \/>\n<meta property=\"og:image\" content=\"https:\/\/alassille.com\/wp-content\/uploads\/2026\/02\/7.png\" \/>\n\t<meta property=\"og:image:width\" content=\"960\" \/>\n\t<meta property=\"og:image:height\" content=\"1170\" \/>\n\t<meta property=\"og:image:type\" content=\"image\/png\" \/>\n<meta name=\"twitter:card\" content=\"summary_large_image\" \/>\n<meta name=\"twitter:label1\" content=\"\u0648\u0642\u062a \u0627\u0644\u0642\u0631\u0627\u0621\u0629 \u0627\u0644\u0645\u064f\u0642\u062f\u0651\u0631\" \/>\n\t<meta name=\"twitter:data1\" content=\"\u062f\u0642\u064a\u0642\u0629 \u0648\u0627\u062d\u062f\u0629\" \/>\n<script type=\"application\/ld+json\" class=\"yoast-schema-graph\">{\"@context\":\"https:\/\/schema.org\",\"@graph\":[{\"@type\":\"WebPage\",\"@id\":\"https:\/\/alassille.com\/product\/gommage-purifiant-au-miel\/\",\"url\":\"https:\/\/alassille.com\/product\/gommage-purifiant-au-miel\/\",\"name\":\"Gommage Purifiant au Miel | alassille.com\",\"isPartOf\":{\"@id\":\"https:\/\/alassille.com\/#website\"},\"primaryImageOfPage\":{\"@id\":\"https:\/\/alassille.com\/product\/gommage-purifiant-au-miel\/#primaryimage\"},\"image\":{\"@id\":\"https:\/\/alassille.com\/product\/gommage-purifiant-au-miel\/#primaryimage\"},\"thumbnailUrl\":\"https:\/\/alassille.com\/wp-content\/uploads\/2026\/02\/7.png\",\"datePublished\":\"2026-02-14T17:36:28+00:00\",\"dateModified\":\"2026-03-26T23:21:18+00:00\",\"description\":\"Offrez \u00e0 votre peau le soin qu'elle m\u00e9rite avec notre Gommage Purifiant au Miel. R\u00e9v\u00e9lez une douceur incroyable et charme, d\u00e9couvrez-le maintenant !\",\"breadcrumb\":{\"@id\":\"https:\/\/alassille.com\/product\/gommage-purifiant-au-miel\/#breadcrumb\"},\"inLanguage\":\"ar\",\"potentialAction\":[{\"@type\":\"ReadAction\",\"target\":[\"https:\/\/alassille.com\/product\/gommage-purifiant-au-miel\/\"]}]},{\"@type\":\"ImageObject\",\"inLanguage\":\"ar\",\"@id\":\"https:\/\/alassille.com\/product\/gommage-purifiant-au-miel\/#primaryimage\",\"url\":\"https:\/\/alassille.com\/wp-content\/uploads\/2026\/02\/7.png\",\"contentUrl\":\"https:\/\/alassille.com\/wp-content\/uploads\/2026\/02\/7.png\",\"width\":960,\"height\":1170,\"caption\":\"gommage purifiant \u00e0 la figue de barbarie\"},{\"@type\":\"BreadcrumbList\",\"@id\":\"https:\/\/alassille.com\/product\/gommage-purifiant-au-miel\/#breadcrumb\",\"itemListElement\":[{\"@type\":\"ListItem\",\"position\":1,\"name\":\"Accueil\",\"item\":\"https:\/\/alassille.com\/\"},{\"@type\":\"ListItem\",\"position\":2,\"name\":\"Shop\",\"item\":\"https:\/\/alassille.com\/shop\/\"},{\"@type\":\"ListItem\",\"position\":3,\"name\":\"Gommage Purifiant au Miel\"}]},{\"@type\":\"WebSite\",\"@id\":\"https:\/\/alassille.com\/#website\",\"url\":\"https:\/\/alassille.com\/\",\"name\":\"alassille.com\",\"description\":\"produits 100% Al assille\",\"publisher\":{\"@id\":\"https:\/\/alassille.com\/#organization\"},\"potentialAction\":[{\"@type\":\"SearchAction\",\"target\":{\"@type\":\"EntryPoint\",\"urlTemplate\":\"https:\/\/alassille.com\/?s={search_term_string}\"},\"query-input\":{\"@type\":\"PropertyValueSpecification\",\"valueRequired\":true,\"valueName\":\"search_term_string\"}}],\"inLanguage\":\"ar\"},{\"@type\":\"Organization\",\"@id\":\"https:\/\/alassille.com\/#organization\",\"name\":\"Al Assille\",\"url\":\"https:\/\/alassille.com\/\",\"logo\":{\"@type\":\"ImageObject\",\"inLanguage\":\"ar\",\"@id\":\"https:\/\/alassille.com\/#\/schema\/logo\/image\/\",\"url\":\"https:\/\/alassille.com\/wp-content\/uploads\/2025\/12\/cropped-sabhi_logo-1-e1768585539861.webp\",\"contentUrl\":\"https:\/\/alassille.com\/wp-content\/uploads\/2025\/12\/cropped-sabhi_logo-1-e1768585539861.webp\",\"width\":160,\"height\":92,\"caption\":\"Al Assille\"},\"image\":{\"@id\":\"https:\/\/alassille.com\/#\/schema\/logo\/image\/\"}}]}<\/script>\n<!-- \/ Yoast SEO plugin. -->","yoast_head_json":{"title":"Gommage Purifiant au Miel | alassille.com","description":"Offrez \u00e0 votre peau le soin qu'elle m\u00e9rite avec notre Gommage Purifiant au Miel. R\u00e9v\u00e9lez une douceur incroyable et charme, d\u00e9couvrez-le maintenant !","robots":{"index":"index","follow":"follow","max-snippet":"max-snippet:-1","max-image-preview":"max-image-preview:large","max-video-preview":"max-video-preview:-1"},"canonical":"https:\/\/alassille.com\/ar\/product\/gommage-purifiant-au-miel\/","og_locale":"ar_AR","og_type":"article","og_title":"Gommage Purifiant au Miel | alassille.com","og_description":"Offrez \u00e0 votre peau le soin qu'elle m\u00e9rite avec notre Gommage Purifiant au Miel. R\u00e9v\u00e9lez une douceur incroyable et charme, d\u00e9couvrez-le maintenant !","og_url":"https:\/\/alassille.com\/ar\/product\/gommage-purifiant-au-miel\/","og_site_name":"alassille.com","article_modified_time":"2026-03-26T23:21:18+00:00","og_image":[{"width":960,"height":1170,"url":"https:\/\/alassille.com\/wp-content\/uploads\/2026\/02\/7.png","type":"image\/png"}],"twitter_card":"summary_large_image","twitter_misc":{"\u0648\u0642\u062a \u0627\u0644\u0642\u0631\u0627\u0621\u0629 \u0627\u0644\u0645\u064f\u0642\u062f\u0651\u0631":"\u062f\u0642\u064a\u0642\u0629 \u0648\u0627\u062d\u062f\u0629"},"schema":{"@context":"https:\/\/schema.org","@graph":[{"@type":"WebPage","@id":"https:\/\/alassille.com\/product\/gommage-purifiant-au-miel\/","url":"https:\/\/alassille.com\/product\/gommage-purifiant-au-miel\/","name":"Gommage Purifiant au Miel | alassille.com","isPartOf":{"@id":"https:\/\/alassille.com\/#website"},"primaryImageOfPage":{"@id":"https:\/\/alassille.com\/product\/gommage-purifiant-au-miel\/#primaryimage"},"image":{"@id":"https:\/\/alassille.com\/product\/gommage-purifiant-au-miel\/#primaryimage"},"thumbnailUrl":"https:\/\/alassille.com\/wp-content\/uploads\/2026\/02\/7.png","datePublished":"2026-02-14T17:36:28+00:00","dateModified":"2026-03-26T23:21:18+00:00","description":"Offrez \u00e0 votre peau le soin qu'elle m\u00e9rite avec notre Gommage Purifiant au Miel. R\u00e9v\u00e9lez une douceur incroyable et charme, d\u00e9couvrez-le maintenant !","breadcrumb":{"@id":"https:\/\/alassille.com\/product\/gommage-purifiant-au-miel\/#breadcrumb"},"inLanguage":"ar","potentialAction":[{"@type":"ReadAction","target":["https:\/\/alassille.com\/product\/gommage-purifiant-au-miel\/"]}]},{"@type":"ImageObject","inLanguage":"ar","@id":"https:\/\/alassille.com\/product\/gommage-purifiant-au-miel\/#primaryimage","url":"https:\/\/alassille.com\/wp-content\/uploads\/2026\/02\/7.png","contentUrl":"https:\/\/alassille.com\/wp-content\/uploads\/2026\/02\/7.png","width":960,"height":1170,"caption":"gommage purifiant \u00e0 la figue de barbarie"},{"@type":"BreadcrumbList","@id":"https:\/\/alassille.com\/product\/gommage-purifiant-au-miel\/#breadcrumb","itemListElement":[{"@type":"ListItem","position":1,"name":"Accueil","item":"https:\/\/alassille.com\/"},{"@type":"ListItem","position":2,"name":"Shop","item":"https:\/\/alassille.com\/shop\/"},{"@type":"ListItem","position":3,"name":"Gommage Purifiant au Miel"}]},{"@type":"WebSite","@id":"https:\/\/alassille.com\/#website","url":"https:\/\/alassille.com\/","name":"alassille.com","description":"produits 100% Al assille","publisher":{"@id":"https:\/\/alassille.com\/#organization"},"potentialAction":[{"@type":"SearchAction","target":{"@type":"EntryPoint","urlTemplate":"https:\/\/alassille.com\/?s={search_term_string}"},"query-input":{"@type":"PropertyValueSpecification","valueRequired":true,"valueName":"search_term_string"}}],"inLanguage":"ar"},{"@type":"Organization","@id":"https:\/\/alassille.com\/#organization","name":"Al Assille","url":"https:\/\/alassille.com\/","logo":{"@type":"ImageObject","inLanguage":"ar","@id":"https:\/\/alassille.com\/#\/schema\/logo\/image\/","url":"https:\/\/alassille.com\/wp-content\/uploads\/2025\/12\/cropped-sabhi_logo-1-e1768585539861.webp","contentUrl":"https:\/\/alassille.com\/wp-content\/uploads\/2025\/12\/cropped-sabhi_logo-1-e1768585539861.webp","width":160,"height":92,"caption":"Al Assille"},"image":{"@id":"https:\/\/alassille.com\/#\/schema\/logo\/image\/"}}]}},"uagb_featured_image_src":{"full":["https:\/\/alassille.com\/wp-content\/uploads\/2026\/02\/7.png",960,1170,false],"thumbnail":["https:\/\/alassille.com\/wp-content\/uploads\/2026\/02\/7-150x150.png",150,150,true],"medium":["https:\/\/alassille.com\/wp-content\/uploads\/2026\/02\/7-246x300.png",246,300,true],"medium_large":["https:\/\/alassille.com\/wp-content\/uploads\/2026\/02\/7-768x936.png",768,936,true],"large":["https:\/\/alassille.com\/wp-content\/uploads\/2026\/02\/7-840x1024.png",840,1024,true],"1536x1536":["https:\/\/alassille.com\/wp-content\/uploads\/2026\/02\/7.png",960,1170,false],"2048x2048":["https:\/\/alassille.com\/wp-content\/uploads\/2026\/02\/7.png",960,1170,false],"trp-custom-language-flag":["https:\/\/alassille.com\/wp-content\/uploads\/2026\/02\/7.png",10,12,false],"woocommerce_thumbnail":["https:\/\/alassille.com\/wp-content\/uploads\/2026\/02\/7-300x366.png",300,366,true],"woocommerce_single":["https:\/\/alassille.com\/wp-content\/uploads\/2026\/02\/7-600x731.png",600,731,true],"woocommerce_gallery_thumbnail":["https:\/\/alassille.com\/wp-content\/uploads\/2026\/02\/7-100x100.png",100,100,true]},"uagb_author_info":{"display_name":"abderrazzak","author_link":"https:\/\/alassille.com\/ar\/author\/"},"uagb_comment_info":0,"uagb_excerpt":"Description d\u00e9taill\u00e9e : Le Gommage Purifiant au Miel est un soin exfoliant qui aide \u00e0 d\u00e9barrasser la peau des impuret\u00e9s accumul\u00e9es et des points noirs, tout en respectant son \u00e9quilibre naturel. Sa texture cr\u00e9meuse enrichie en particules exfoliantes visibles offre un nettoyage efficace et agr\u00e9able. Gr\u00e2ce aux propri\u00e9t\u00e9s reconnues du miel, ce gommage contribue \u00e0&hellip;","_links":{"self":[{"href":"https:\/\/alassille.com\/ar\/wp-json\/wp\/v2\/product\/5669","targetHints":{"allow":["GET"]}}],"collection":[{"href":"https:\/\/alassille.com\/ar\/wp-json\/wp\/v2\/product"}],"about":[{"href":"https:\/\/alassille.com\/ar\/wp-json\/wp\/v2\/types\/product"}],"wp:featuredmedia":[{"embeddable":true,"href":"https:\/\/alassille.com\/ar\/wp-json\/wp\/v2\/media\/5764"}],"wp:attachment":[{"href":"https:\/\/alassille.com\/ar\/wp-json\/wp\/v2\/media?parent=5669"}],"wp:term":[{"taxonomy":"product_brand","embeddable":true,"href":"https:\/\/alassille.com\/ar\/wp-json\/wp\/v2\/product_brand?post=5669"},{"taxonomy":"product_cat","embeddable":true,"href":"https:\/\/alassille.com\/ar\/wp-json\/wp\/v2\/product_cat?post=5669"},{"taxonomy":"product_tag","embeddable":true,"href":"https:\/\/alassille.com\/ar\/wp-json\/wp\/v2\/product_tag?post=5669"}],"curies":[{"name":"wp","href":"https:\/\/api.w.org\/{rel}","templated":true}]}}