{"id":5648,"date":"2026-01-16T21:43:04","date_gmt":"2026-01-16T21:43:04","guid":{"rendered":"https:\/\/alassille.com\/?post_type=product&#038;p=5648"},"modified":"2026-03-26T23:25:46","modified_gmt":"2026-03-26T23:25:46","slug":"serum-dencens-doliban","status":"publish","type":"product","link":"https:\/\/alassille.com\/ar\/product\/serum-dencens-doliban\/","title":{"rendered":"S\u00e9rum d\u2019Encens d\u2019Oliban"},"content":{"rendered":"","protected":false},"excerpt":{"rendered":"<p><strong>Description d\u00e9taill\u00e9e :<\/strong><br \/>\nPr\u00e9sent\u00e9 dans un flacon en verre avec pipette, ce s\u00e9rum capillaire est con\u00e7u pour une application pr\u00e9cise et pratique. Sa formule \u00e0 l\u2019encens d\u2019Oliban s\u2019int\u00e8gre facilement dans les gestes de soin quotidiens des cheveux.<\/p>\n<p>Indiqu\u00e9 pour un usage capillaire, le S\u00e9rum d\u2019Encens d\u2019Oliban SB PHARM accompagne la chevelure au quotidien et s\u2019adapte \u00e0 tous les types de cheveux.<\/p>\n<p><strong>Bienfaits :<\/strong><\/p>\n<ul>\n<li>S\u00e9rum capillaire \u00e0 l\u2019encens d\u2019Oliban<\/li>\n<li>Con\u00e7u pour les cheveux<\/li>\n<li>Convient \u00e0 tous les types de cheveux<\/li>\n<li>Application facile gr\u00e2ce \u00e0 la pipette<\/li>\n<li>Texture fluide et agr\u00e9able<\/li>\n<\/ul>\n<p><strong>Id\u00e9al pour :<\/strong><br \/>\nTous les types de cheveux et la routine capillaire quotidienne.<\/p>","protected":false},"featured_media":5642,"template":"","meta":{"_uag_custom_page_level_css":"","site-sidebar-layout":"default","site-content-layout":"","ast-site-content-layout":"default","site-content-style":"default","site-sidebar-style":"default","ast-global-header-display":"","ast-banner-title-visibility":"","ast-main-header-display":"","ast-hfb-above-header-display":"","ast-hfb-below-header-display":"","ast-hfb-mobile-header-display":"","site-post-title":"","ast-breadcrumbs-content":"","ast-featured-img":"","footer-sml-layout":"","ast-disable-related-posts":"","theme-transparent-header-meta":"default","adv-header-id-meta":"","stick-header-meta":"","header-above-stick-meta":"","header-main-stick-meta":"","header-below-stick-meta":"","astra-migrate-meta-layouts":"set","ast-page-background-enabled":"default","ast-page-background-meta":{"desktop":{"background-color":"","background-image":"","background-repeat":"repeat","background-position":"center center","background-size":"auto","background-attachment":"scroll","background-type":"","background-media":"","overlay-type":"","overlay-color":"","overlay-opacity":"","overlay-gradient":""},"tablet":{"background-color":"","background-image":"","background-repeat":"repeat","background-position":"center center","background-size":"auto","background-attachment":"scroll","background-type":"","background-media":"","overlay-type":"","overlay-color":"","overlay-opacity":"","overlay-gradient":""},"mobile":{"background-color":"","background-image":"","background-repeat":"repeat","background-position":"center center","background-size":"auto","background-attachment":"scroll","background-type":"","background-media":"","overlay-type":"","overlay-color":"","overlay-opacity":"","overlay-gradient":""}},"ast-content-background-meta":{"desktop":{"background-color":"var(--ast-global-color-5)","background-image":"","background-repeat":"repeat","background-position":"center center","background-size":"auto","background-attachment":"scroll","background-type":"","background-media":"","overlay-type":"","overlay-color":"","overlay-opacity":"","overlay-gradient":""},"tablet":{"background-color":"var(--ast-global-color-5)","background-image":"","background-repeat":"repeat","background-position":"center center","background-size":"auto","background-attachment":"scroll","background-type":"","background-media":"","overlay-type":"","overlay-color":"","overlay-opacity":"","overlay-gradient":""},"mobile":{"background-color":"var(--ast-global-color-5)","background-image":"","background-repeat":"repeat","background-position":"center center","background-size":"auto","background-attachment":"scroll","background-type":"","background-media":"","overlay-type":"","overlay-color":"","overlay-opacity":"","overlay-gradient":""}}},"product_brand":[],"product_cat":[34],"product_tag":[],"class_list":{"0":"post-5648","1":"product","2":"type-product","3":"status-publish","4":"has-post-thumbnail","6":"product_cat-serums","7":"desktop-align-center","8":"tablet-align-center","9":"mobile-align-center","11":"first","12":"instock","13":"sale","14":"shipping-taxable","15":"purchasable","16":"product-type-simple"},"yoast_head":"<!-- This site is optimized with the Yoast SEO plugin v27.1.1 - https:\/\/yoast.com\/product\/yoast-seo-wordpress\/ -->\n<title>S\u00e9rum d\u2019Encens d\u2019Oliban | alassille.com<\/title>\n<meta name=\"description\" content=\"Ravivez votre beaut\u00e9 avec notre S\u00e9rum d\u2019Encens d\u2019Oliban. Un produit essentiel pour une peau douce et \u00e9clatante. Ne manquez pas cette opportunit\u00e9 !\" \/>\n<meta name=\"robots\" content=\"index, follow, max-snippet:-1, max-image-preview:large, max-video-preview:-1\" \/>\n<link rel=\"canonical\" href=\"https:\/\/alassille.com\/ar\/product\/serum-dencens-doliban\/\" \/>\n<meta property=\"og:locale\" content=\"ar_AR\" \/>\n<meta property=\"og:type\" content=\"article\" \/>\n<meta property=\"og:title\" content=\"S\u00e9rum d\u2019Encens d\u2019Oliban | alassille.com\" \/>\n<meta property=\"og:description\" content=\"Ravivez votre beaut\u00e9 avec notre S\u00e9rum d\u2019Encens d\u2019Oliban. Un produit essentiel pour une peau douce et \u00e9clatante. Ne manquez pas cette opportunit\u00e9 !\" \/>\n<meta property=\"og:url\" content=\"https:\/\/alassille.com\/ar\/product\/serum-dencens-doliban\/\" \/>\n<meta property=\"og:site_name\" content=\"alassille.com\" \/>\n<meta property=\"article:modified_time\" content=\"2026-03-26T23:25:46+00:00\" \/>\n<meta property=\"og:image\" content=\"https:\/\/alassille.com\/wp-content\/uploads\/2026\/01\/20.png\" \/>\n\t<meta property=\"og:image:width\" content=\"960\" \/>\n\t<meta property=\"og:image:height\" content=\"1170\" \/>\n\t<meta property=\"og:image:type\" content=\"image\/png\" \/>\n<meta name=\"twitter:card\" content=\"summary_large_image\" \/>\n<meta name=\"twitter:label1\" content=\"\u0648\u0642\u062a \u0627\u0644\u0642\u0631\u0627\u0621\u0629 \u0627\u0644\u0645\u064f\u0642\u062f\u0651\u0631\" \/>\n\t<meta name=\"twitter:data1\" content=\"\u062f\u0642\u064a\u0642\u0629 \u0648\u0627\u062d\u062f\u0629\" \/>\n<script type=\"application\/ld+json\" class=\"yoast-schema-graph\">{\"@context\":\"https:\/\/schema.org\",\"@graph\":[{\"@type\":\"WebPage\",\"@id\":\"https:\/\/alassille.com\/product\/serum-dencens-doliban\/\",\"url\":\"https:\/\/alassille.com\/product\/serum-dencens-doliban\/\",\"name\":\"S\u00e9rum d\u2019Encens d\u2019Oliban | alassille.com\",\"isPartOf\":{\"@id\":\"https:\/\/alassille.com\/#website\"},\"primaryImageOfPage\":{\"@id\":\"https:\/\/alassille.com\/product\/serum-dencens-doliban\/#primaryimage\"},\"image\":{\"@id\":\"https:\/\/alassille.com\/product\/serum-dencens-doliban\/#primaryimage\"},\"thumbnailUrl\":\"https:\/\/alassille.com\/wp-content\/uploads\/2026\/01\/20.png\",\"datePublished\":\"2026-01-16T21:43:04+00:00\",\"dateModified\":\"2026-03-26T23:25:46+00:00\",\"description\":\"Ravivez votre beaut\u00e9 avec notre S\u00e9rum d\u2019Encens d\u2019Oliban. Un produit essentiel pour une peau douce et \u00e9clatante. Ne manquez pas cette opportunit\u00e9 !\",\"breadcrumb\":{\"@id\":\"https:\/\/alassille.com\/product\/serum-dencens-doliban\/#breadcrumb\"},\"inLanguage\":\"ar\",\"potentialAction\":[{\"@type\":\"ReadAction\",\"target\":[\"https:\/\/alassille.com\/product\/serum-dencens-doliban\/\"]}]},{\"@type\":\"ImageObject\",\"inLanguage\":\"ar\",\"@id\":\"https:\/\/alassille.com\/product\/serum-dencens-doliban\/#primaryimage\",\"url\":\"https:\/\/alassille.com\/wp-content\/uploads\/2026\/01\/20.png\",\"contentUrl\":\"https:\/\/alassille.com\/wp-content\/uploads\/2026\/01\/20.png\",\"width\":960,\"height\":1170,\"caption\":\"cr\u00e8me \u00e0 l\u2019huile d\u2019encens\"},{\"@type\":\"BreadcrumbList\",\"@id\":\"https:\/\/alassille.com\/product\/serum-dencens-doliban\/#breadcrumb\",\"itemListElement\":[{\"@type\":\"ListItem\",\"position\":1,\"name\":\"Accueil\",\"item\":\"https:\/\/alassille.com\/\"},{\"@type\":\"ListItem\",\"position\":2,\"name\":\"Shop\",\"item\":\"https:\/\/alassille.com\/shop\/\"},{\"@type\":\"ListItem\",\"position\":3,\"name\":\"S\u00e9rum d\u2019Encens d\u2019Oliban\"}]},{\"@type\":\"WebSite\",\"@id\":\"https:\/\/alassille.com\/#website\",\"url\":\"https:\/\/alassille.com\/\",\"name\":\"alassille.com\",\"description\":\"produits 100% Al assille\",\"publisher\":{\"@id\":\"https:\/\/alassille.com\/#organization\"},\"potentialAction\":[{\"@type\":\"SearchAction\",\"target\":{\"@type\":\"EntryPoint\",\"urlTemplate\":\"https:\/\/alassille.com\/?s={search_term_string}\"},\"query-input\":{\"@type\":\"PropertyValueSpecification\",\"valueRequired\":true,\"valueName\":\"search_term_string\"}}],\"inLanguage\":\"ar\"},{\"@type\":\"Organization\",\"@id\":\"https:\/\/alassille.com\/#organization\",\"name\":\"Al Assille\",\"url\":\"https:\/\/alassille.com\/\",\"logo\":{\"@type\":\"ImageObject\",\"inLanguage\":\"ar\",\"@id\":\"https:\/\/alassille.com\/#\/schema\/logo\/image\/\",\"url\":\"https:\/\/alassille.com\/wp-content\/uploads\/2025\/12\/cropped-sabhi_logo-1-e1768585539861.webp\",\"contentUrl\":\"https:\/\/alassille.com\/wp-content\/uploads\/2025\/12\/cropped-sabhi_logo-1-e1768585539861.webp\",\"width\":160,\"height\":92,\"caption\":\"Al Assille\"},\"image\":{\"@id\":\"https:\/\/alassille.com\/#\/schema\/logo\/image\/\"}}]}<\/script>\n<!-- \/ Yoast SEO plugin. -->","yoast_head_json":{"title":"S\u00e9rum d\u2019Encens d\u2019Oliban | alassille.com","description":"Ravivez votre beaut\u00e9 avec notre S\u00e9rum d\u2019Encens d\u2019Oliban. Un produit essentiel pour une peau douce et \u00e9clatante. Ne manquez pas cette opportunit\u00e9 !","robots":{"index":"index","follow":"follow","max-snippet":"max-snippet:-1","max-image-preview":"max-image-preview:large","max-video-preview":"max-video-preview:-1"},"canonical":"https:\/\/alassille.com\/ar\/product\/serum-dencens-doliban\/","og_locale":"ar_AR","og_type":"article","og_title":"S\u00e9rum d\u2019Encens d\u2019Oliban | alassille.com","og_description":"Ravivez votre beaut\u00e9 avec notre S\u00e9rum d\u2019Encens d\u2019Oliban. Un produit essentiel pour une peau douce et \u00e9clatante. Ne manquez pas cette opportunit\u00e9 !","og_url":"https:\/\/alassille.com\/ar\/product\/serum-dencens-doliban\/","og_site_name":"alassille.com","article_modified_time":"2026-03-26T23:25:46+00:00","og_image":[{"width":960,"height":1170,"url":"https:\/\/alassille.com\/wp-content\/uploads\/2026\/01\/20.png","type":"image\/png"}],"twitter_card":"summary_large_image","twitter_misc":{"\u0648\u0642\u062a \u0627\u0644\u0642\u0631\u0627\u0621\u0629 \u0627\u0644\u0645\u064f\u0642\u062f\u0651\u0631":"\u062f\u0642\u064a\u0642\u0629 \u0648\u0627\u062d\u062f\u0629"},"schema":{"@context":"https:\/\/schema.org","@graph":[{"@type":"WebPage","@id":"https:\/\/alassille.com\/product\/serum-dencens-doliban\/","url":"https:\/\/alassille.com\/product\/serum-dencens-doliban\/","name":"S\u00e9rum d\u2019Encens d\u2019Oliban | alassille.com","isPartOf":{"@id":"https:\/\/alassille.com\/#website"},"primaryImageOfPage":{"@id":"https:\/\/alassille.com\/product\/serum-dencens-doliban\/#primaryimage"},"image":{"@id":"https:\/\/alassille.com\/product\/serum-dencens-doliban\/#primaryimage"},"thumbnailUrl":"https:\/\/alassille.com\/wp-content\/uploads\/2026\/01\/20.png","datePublished":"2026-01-16T21:43:04+00:00","dateModified":"2026-03-26T23:25:46+00:00","description":"Ravivez votre beaut\u00e9 avec notre S\u00e9rum d\u2019Encens d\u2019Oliban. Un produit essentiel pour une peau douce et \u00e9clatante. Ne manquez pas cette opportunit\u00e9 !","breadcrumb":{"@id":"https:\/\/alassille.com\/product\/serum-dencens-doliban\/#breadcrumb"},"inLanguage":"ar","potentialAction":[{"@type":"ReadAction","target":["https:\/\/alassille.com\/product\/serum-dencens-doliban\/"]}]},{"@type":"ImageObject","inLanguage":"ar","@id":"https:\/\/alassille.com\/product\/serum-dencens-doliban\/#primaryimage","url":"https:\/\/alassille.com\/wp-content\/uploads\/2026\/01\/20.png","contentUrl":"https:\/\/alassille.com\/wp-content\/uploads\/2026\/01\/20.png","width":960,"height":1170,"caption":"cr\u00e8me \u00e0 l\u2019huile d\u2019encens"},{"@type":"BreadcrumbList","@id":"https:\/\/alassille.com\/product\/serum-dencens-doliban\/#breadcrumb","itemListElement":[{"@type":"ListItem","position":1,"name":"Accueil","item":"https:\/\/alassille.com\/"},{"@type":"ListItem","position":2,"name":"Shop","item":"https:\/\/alassille.com\/shop\/"},{"@type":"ListItem","position":3,"name":"S\u00e9rum d\u2019Encens d\u2019Oliban"}]},{"@type":"WebSite","@id":"https:\/\/alassille.com\/#website","url":"https:\/\/alassille.com\/","name":"alassille.com","description":"produits 100% Al assille","publisher":{"@id":"https:\/\/alassille.com\/#organization"},"potentialAction":[{"@type":"SearchAction","target":{"@type":"EntryPoint","urlTemplate":"https:\/\/alassille.com\/?s={search_term_string}"},"query-input":{"@type":"PropertyValueSpecification","valueRequired":true,"valueName":"search_term_string"}}],"inLanguage":"ar"},{"@type":"Organization","@id":"https:\/\/alassille.com\/#organization","name":"Al Assille","url":"https:\/\/alassille.com\/","logo":{"@type":"ImageObject","inLanguage":"ar","@id":"https:\/\/alassille.com\/#\/schema\/logo\/image\/","url":"https:\/\/alassille.com\/wp-content\/uploads\/2025\/12\/cropped-sabhi_logo-1-e1768585539861.webp","contentUrl":"https:\/\/alassille.com\/wp-content\/uploads\/2025\/12\/cropped-sabhi_logo-1-e1768585539861.webp","width":160,"height":92,"caption":"Al Assille"},"image":{"@id":"https:\/\/alassille.com\/#\/schema\/logo\/image\/"}}]}},"uagb_featured_image_src":{"full":["https:\/\/alassille.com\/wp-content\/uploads\/2026\/01\/20.png",960,1170,false],"thumbnail":["https:\/\/alassille.com\/wp-content\/uploads\/2026\/01\/20-150x150.png",150,150,true],"medium":["https:\/\/alassille.com\/wp-content\/uploads\/2026\/01\/20-246x300.png",246,300,true],"medium_large":["https:\/\/alassille.com\/wp-content\/uploads\/2026\/01\/20-768x936.png",768,936,true],"large":["https:\/\/alassille.com\/wp-content\/uploads\/2026\/01\/20-840x1024.png",840,1024,true],"1536x1536":["https:\/\/alassille.com\/wp-content\/uploads\/2026\/01\/20.png",960,1170,false],"2048x2048":["https:\/\/alassille.com\/wp-content\/uploads\/2026\/01\/20.png",960,1170,false],"trp-custom-language-flag":["https:\/\/alassille.com\/wp-content\/uploads\/2026\/01\/20.png",10,12,false],"woocommerce_thumbnail":["https:\/\/alassille.com\/wp-content\/uploads\/2026\/01\/20-300x366.png",300,366,true],"woocommerce_single":["https:\/\/alassille.com\/wp-content\/uploads\/2026\/01\/20-600x731.png",600,731,true],"woocommerce_gallery_thumbnail":["https:\/\/alassille.com\/wp-content\/uploads\/2026\/01\/20-100x100.png",100,100,true]},"uagb_author_info":{"display_name":"abderrazzak","author_link":"https:\/\/alassille.com\/ar\/author\/"},"uagb_comment_info":0,"uagb_excerpt":"Description d\u00e9taill\u00e9e : Pr\u00e9sent\u00e9 dans un flacon en verre avec pipette, ce s\u00e9rum capillaire est con\u00e7u pour une application pr\u00e9cise et pratique. Sa formule \u00e0 l\u2019encens d\u2019Oliban s\u2019int\u00e8gre facilement dans les gestes de soin quotidiens des cheveux. Indiqu\u00e9 pour un usage capillaire, le S\u00e9rum d\u2019Encens d\u2019Oliban SB PHARM accompagne la chevelure au quotidien et s\u2019adapte&hellip;","_links":{"self":[{"href":"https:\/\/alassille.com\/ar\/wp-json\/wp\/v2\/product\/5648","targetHints":{"allow":["GET"]}}],"collection":[{"href":"https:\/\/alassille.com\/ar\/wp-json\/wp\/v2\/product"}],"about":[{"href":"https:\/\/alassille.com\/ar\/wp-json\/wp\/v2\/types\/product"}],"wp:featuredmedia":[{"embeddable":true,"href":"https:\/\/alassille.com\/ar\/wp-json\/wp\/v2\/media\/5642"}],"wp:attachment":[{"href":"https:\/\/alassille.com\/ar\/wp-json\/wp\/v2\/media?parent=5648"}],"wp:term":[{"taxonomy":"product_brand","embeddable":true,"href":"https:\/\/alassille.com\/ar\/wp-json\/wp\/v2\/product_brand?post=5648"},{"taxonomy":"product_cat","embeddable":true,"href":"https:\/\/alassille.com\/ar\/wp-json\/wp\/v2\/product_cat?post=5648"},{"taxonomy":"product_tag","embeddable":true,"href":"https:\/\/alassille.com\/ar\/wp-json\/wp\/v2\/product_tag?post=5648"}],"curies":[{"name":"wp","href":"https:\/\/api.w.org\/{rel}","templated":true}]}}