{"id":2089,"date":"2026-01-13T23:08:13","date_gmt":"2026-01-13T23:08:13","guid":{"rendered":"https:\/\/alassille.com\/product\/propolis-professional-treatment-gel\/"},"modified":"2026-03-26T23:21:21","modified_gmt":"2026-03-26T23:21:21","slug":"propolis-professional-treatment-gel","status":"publish","type":"product","link":"https:\/\/alassille.com\/ar\/product\/propolis-professional-treatment-gel\/","title":{"rendered":"Propolis Professional Treatment Gel"},"content":{"rendered":"","protected":false},"excerpt":{"rendered":"<p><strong>Description d\u00e9taill\u00e9e :<\/strong><br \/>\nLe Propolis Professional Treatment Gel est un gel topique formul\u00e9 \u00e0 base de propolis, reconnu pour son usage traditionnel dans les soins externes. Sa texture l\u00e9g\u00e8re facilite l\u2019application et le massage de la zone concern\u00e9e, tout en laissant une sensation de confort sur la peau.<\/p>\n<p>Pr\u00e9sent\u00e9 en tube pratique, ce gel s\u2019int\u00e8gre facilement dans une routine de soin locale. Il est con\u00e7u pour une utilisation externe et offre une exp\u00e9rience d\u2019application simple et ma\u00eetris\u00e9e.<\/p>\n<p><strong>Bienfaits :<\/strong><\/p>\n<ul>\n<li>Application locale cibl\u00e9e<\/li>\n<li>Texture gel facile \u00e0 \u00e9taler<\/li>\n<li>Sensation de confort sur la peau<\/li>\n<li>Format pratique pour une utilisation quotidienne<\/li>\n<li>Soin externe \u00e0 base de propolis<\/li>\n<\/ul>\n<p><strong>Id\u00e9al pour :<\/strong><br \/>\nLes soins cutan\u00e9s externes et le massage local de zones cibl\u00e9es.<\/p>","protected":false},"featured_media":2122,"template":"","meta":{"_uag_custom_page_level_css":"","site-sidebar-layout":"default","site-content-layout":"","ast-site-content-layout":"default","site-content-style":"default","site-sidebar-style":"default","ast-global-header-display":"","ast-banner-title-visibility":"","ast-main-header-display":"","ast-hfb-above-header-display":"","ast-hfb-below-header-display":"","ast-hfb-mobile-header-display":"","site-post-title":"","ast-breadcrumbs-content":"","ast-featured-img":"","footer-sml-layout":"","ast-disable-related-posts":"","theme-transparent-header-meta":"default","adv-header-id-meta":"","stick-header-meta":"","header-above-stick-meta":"","header-main-stick-meta":"","header-below-stick-meta":"","astra-migrate-meta-layouts":"set","ast-page-background-enabled":"default","ast-page-background-meta":{"desktop":{"background-color":"","background-image":"","background-repeat":"repeat","background-position":"center center","background-size":"auto","background-attachment":"scroll","background-type":"","background-media":"","overlay-type":"","overlay-color":"","overlay-opacity":"","overlay-gradient":""},"tablet":{"background-color":"","background-image":"","background-repeat":"repeat","background-position":"center center","background-size":"auto","background-attachment":"scroll","background-type":"","background-media":"","overlay-type":"","overlay-color":"","overlay-opacity":"","overlay-gradient":""},"mobile":{"background-color":"","background-image":"","background-repeat":"repeat","background-position":"center center","background-size":"auto","background-attachment":"scroll","background-type":"","background-media":"","overlay-type":"","overlay-color":"","overlay-opacity":"","overlay-gradient":""}},"ast-content-background-meta":{"desktop":{"background-color":"var(--ast-global-color-5)","background-image":"","background-repeat":"repeat","background-position":"center center","background-size":"auto","background-attachment":"scroll","background-type":"","background-media":"","overlay-type":"","overlay-color":"","overlay-opacity":"","overlay-gradient":""},"tablet":{"background-color":"var(--ast-global-color-5)","background-image":"","background-repeat":"repeat","background-position":"center center","background-size":"auto","background-attachment":"scroll","background-type":"","background-media":"","overlay-type":"","overlay-color":"","overlay-opacity":"","overlay-gradient":""},"mobile":{"background-color":"var(--ast-global-color-5)","background-image":"","background-repeat":"repeat","background-position":"center center","background-size":"auto","background-attachment":"scroll","background-type":"","background-media":"","overlay-type":"","overlay-color":"","overlay-opacity":"","overlay-gradient":""}}},"product_brand":[],"product_cat":[21],"product_tag":[],"class_list":{"0":"post-2089","1":"product","2":"type-product","3":"status-publish","4":"has-post-thumbnail","6":"product_cat-cremes","7":"desktop-align-center","8":"tablet-align-center","9":"mobile-align-center","11":"first","12":"instock","13":"sale","14":"shipping-taxable","15":"purchasable","16":"product-type-simple"},"yoast_head":"<!-- This site is optimized with the Yoast SEO plugin v27.1.1 - https:\/\/yoast.com\/product\/yoast-seo-wordpress\/ -->\n<title>Propolis Professional Treatment Gel | alassille.com<\/title>\n<meta name=\"description\" content=\"Offrez \u00e0 vos muscles le soin qu&#039;ils m\u00e9ritent avec notre Propolis Professional Treatment Gel!\" \/>\n<meta name=\"robots\" content=\"index, follow, max-snippet:-1, max-image-preview:large, max-video-preview:-1\" \/>\n<link rel=\"canonical\" href=\"https:\/\/alassille.com\/ar\/product\/propolis-professional-treatment-gel\/\" \/>\n<meta property=\"og:locale\" content=\"ar_AR\" \/>\n<meta property=\"og:type\" content=\"article\" \/>\n<meta property=\"og:title\" content=\"Propolis Professional Treatment Gel | alassille.com\" \/>\n<meta property=\"og:description\" content=\"Offrez \u00e0 vos muscles le soin qu&#039;ils m\u00e9ritent avec notre Propolis Professional Treatment Gel!\" \/>\n<meta property=\"og:url\" content=\"https:\/\/alassille.com\/ar\/product\/propolis-professional-treatment-gel\/\" \/>\n<meta property=\"og:site_name\" content=\"alassille.com\" \/>\n<meta property=\"article:modified_time\" content=\"2026-03-26T23:21:21+00:00\" \/>\n<meta property=\"og:image\" content=\"https:\/\/alassille.com\/wp-content\/uploads\/2026\/01\/11.webp\" \/>\n\t<meta property=\"og:image:width\" content=\"960\" \/>\n\t<meta property=\"og:image:height\" content=\"1170\" \/>\n\t<meta property=\"og:image:type\" content=\"image\/webp\" \/>\n<meta name=\"twitter:card\" content=\"summary_large_image\" \/>\n<meta name=\"twitter:label1\" content=\"\u0648\u0642\u062a \u0627\u0644\u0642\u0631\u0627\u0621\u0629 \u0627\u0644\u0645\u064f\u0642\u062f\u0651\u0631\" \/>\n\t<meta name=\"twitter:data1\" content=\"\u062f\u0642\u064a\u0642\u0629 \u0648\u0627\u062d\u062f\u0629\" \/>\n<script type=\"application\/ld+json\" class=\"yoast-schema-graph\">{\"@context\":\"https:\/\/schema.org\",\"@graph\":[{\"@type\":\"WebPage\",\"@id\":\"https:\/\/alassille.com\/product\/propolis-professional-treatment-gel\/\",\"url\":\"https:\/\/alassille.com\/product\/propolis-professional-treatment-gel\/\",\"name\":\"Propolis Professional Treatment Gel | alassille.com\",\"isPartOf\":{\"@id\":\"https:\/\/alassille.com\/#website\"},\"primaryImageOfPage\":{\"@id\":\"https:\/\/alassille.com\/product\/propolis-professional-treatment-gel\/#primaryimage\"},\"image\":{\"@id\":\"https:\/\/alassille.com\/product\/propolis-professional-treatment-gel\/#primaryimage\"},\"thumbnailUrl\":\"https:\/\/alassille.com\/wp-content\/uploads\/2026\/01\/11.webp\",\"datePublished\":\"2026-01-13T23:08:13+00:00\",\"dateModified\":\"2026-03-26T23:21:21+00:00\",\"description\":\"Offrez \u00e0 vos muscles le soin qu'ils m\u00e9ritent avec notre Propolis Professional Treatment Gel!\",\"breadcrumb\":{\"@id\":\"https:\/\/alassille.com\/product\/propolis-professional-treatment-gel\/#breadcrumb\"},\"inLanguage\":\"ar\",\"potentialAction\":[{\"@type\":\"ReadAction\",\"target\":[\"https:\/\/alassille.com\/product\/propolis-professional-treatment-gel\/\"]}]},{\"@type\":\"ImageObject\",\"inLanguage\":\"ar\",\"@id\":\"https:\/\/alassille.com\/product\/propolis-professional-treatment-gel\/#primaryimage\",\"url\":\"https:\/\/alassille.com\/wp-content\/uploads\/2026\/01\/11.webp\",\"contentUrl\":\"https:\/\/alassille.com\/wp-content\/uploads\/2026\/01\/11.webp\",\"width\":960,\"height\":1170},{\"@type\":\"BreadcrumbList\",\"@id\":\"https:\/\/alassille.com\/product\/propolis-professional-treatment-gel\/#breadcrumb\",\"itemListElement\":[{\"@type\":\"ListItem\",\"position\":1,\"name\":\"Accueil\",\"item\":\"https:\/\/alassille.com\/\"},{\"@type\":\"ListItem\",\"position\":2,\"name\":\"Shop\",\"item\":\"https:\/\/alassille.com\/shop\/\"},{\"@type\":\"ListItem\",\"position\":3,\"name\":\"Propolis Professional Treatment Gel\"}]},{\"@type\":\"WebSite\",\"@id\":\"https:\/\/alassille.com\/#website\",\"url\":\"https:\/\/alassille.com\/\",\"name\":\"alassille.com\",\"description\":\"produits 100% Al assille\",\"publisher\":{\"@id\":\"https:\/\/alassille.com\/#organization\"},\"potentialAction\":[{\"@type\":\"SearchAction\",\"target\":{\"@type\":\"EntryPoint\",\"urlTemplate\":\"https:\/\/alassille.com\/?s={search_term_string}\"},\"query-input\":{\"@type\":\"PropertyValueSpecification\",\"valueRequired\":true,\"valueName\":\"search_term_string\"}}],\"inLanguage\":\"ar\"},{\"@type\":\"Organization\",\"@id\":\"https:\/\/alassille.com\/#organization\",\"name\":\"Al Assille\",\"url\":\"https:\/\/alassille.com\/\",\"logo\":{\"@type\":\"ImageObject\",\"inLanguage\":\"ar\",\"@id\":\"https:\/\/alassille.com\/#\/schema\/logo\/image\/\",\"url\":\"https:\/\/alassille.com\/wp-content\/uploads\/2025\/12\/cropped-sabhi_logo-1-e1768585539861.webp\",\"contentUrl\":\"https:\/\/alassille.com\/wp-content\/uploads\/2025\/12\/cropped-sabhi_logo-1-e1768585539861.webp\",\"width\":160,\"height\":92,\"caption\":\"Al Assille\"},\"image\":{\"@id\":\"https:\/\/alassille.com\/#\/schema\/logo\/image\/\"}}]}<\/script>\n<!-- \/ Yoast SEO plugin. -->","yoast_head_json":{"title":"Propolis Professional Treatment Gel | alassille.com","description":"Offrez \u00e0 vos muscles le soin qu'ils m\u00e9ritent avec notre Propolis Professional Treatment Gel!","robots":{"index":"index","follow":"follow","max-snippet":"max-snippet:-1","max-image-preview":"max-image-preview:large","max-video-preview":"max-video-preview:-1"},"canonical":"https:\/\/alassille.com\/ar\/product\/propolis-professional-treatment-gel\/","og_locale":"ar_AR","og_type":"article","og_title":"Propolis Professional Treatment Gel | alassille.com","og_description":"Offrez \u00e0 vos muscles le soin qu'ils m\u00e9ritent avec notre Propolis Professional Treatment Gel!","og_url":"https:\/\/alassille.com\/ar\/product\/propolis-professional-treatment-gel\/","og_site_name":"alassille.com","article_modified_time":"2026-03-26T23:21:21+00:00","og_image":[{"width":960,"height":1170,"url":"https:\/\/alassille.com\/wp-content\/uploads\/2026\/01\/11.webp","type":"image\/webp"}],"twitter_card":"summary_large_image","twitter_misc":{"\u0648\u0642\u062a \u0627\u0644\u0642\u0631\u0627\u0621\u0629 \u0627\u0644\u0645\u064f\u0642\u062f\u0651\u0631":"\u062f\u0642\u064a\u0642\u0629 \u0648\u0627\u062d\u062f\u0629"},"schema":{"@context":"https:\/\/schema.org","@graph":[{"@type":"WebPage","@id":"https:\/\/alassille.com\/product\/propolis-professional-treatment-gel\/","url":"https:\/\/alassille.com\/product\/propolis-professional-treatment-gel\/","name":"Propolis Professional Treatment Gel | alassille.com","isPartOf":{"@id":"https:\/\/alassille.com\/#website"},"primaryImageOfPage":{"@id":"https:\/\/alassille.com\/product\/propolis-professional-treatment-gel\/#primaryimage"},"image":{"@id":"https:\/\/alassille.com\/product\/propolis-professional-treatment-gel\/#primaryimage"},"thumbnailUrl":"https:\/\/alassille.com\/wp-content\/uploads\/2026\/01\/11.webp","datePublished":"2026-01-13T23:08:13+00:00","dateModified":"2026-03-26T23:21:21+00:00","description":"Offrez \u00e0 vos muscles le soin qu'ils m\u00e9ritent avec notre Propolis Professional Treatment Gel!","breadcrumb":{"@id":"https:\/\/alassille.com\/product\/propolis-professional-treatment-gel\/#breadcrumb"},"inLanguage":"ar","potentialAction":[{"@type":"ReadAction","target":["https:\/\/alassille.com\/product\/propolis-professional-treatment-gel\/"]}]},{"@type":"ImageObject","inLanguage":"ar","@id":"https:\/\/alassille.com\/product\/propolis-professional-treatment-gel\/#primaryimage","url":"https:\/\/alassille.com\/wp-content\/uploads\/2026\/01\/11.webp","contentUrl":"https:\/\/alassille.com\/wp-content\/uploads\/2026\/01\/11.webp","width":960,"height":1170},{"@type":"BreadcrumbList","@id":"https:\/\/alassille.com\/product\/propolis-professional-treatment-gel\/#breadcrumb","itemListElement":[{"@type":"ListItem","position":1,"name":"Accueil","item":"https:\/\/alassille.com\/"},{"@type":"ListItem","position":2,"name":"Shop","item":"https:\/\/alassille.com\/shop\/"},{"@type":"ListItem","position":3,"name":"Propolis Professional Treatment Gel"}]},{"@type":"WebSite","@id":"https:\/\/alassille.com\/#website","url":"https:\/\/alassille.com\/","name":"alassille.com","description":"produits 100% Al assille","publisher":{"@id":"https:\/\/alassille.com\/#organization"},"potentialAction":[{"@type":"SearchAction","target":{"@type":"EntryPoint","urlTemplate":"https:\/\/alassille.com\/?s={search_term_string}"},"query-input":{"@type":"PropertyValueSpecification","valueRequired":true,"valueName":"search_term_string"}}],"inLanguage":"ar"},{"@type":"Organization","@id":"https:\/\/alassille.com\/#organization","name":"Al Assille","url":"https:\/\/alassille.com\/","logo":{"@type":"ImageObject","inLanguage":"ar","@id":"https:\/\/alassille.com\/#\/schema\/logo\/image\/","url":"https:\/\/alassille.com\/wp-content\/uploads\/2025\/12\/cropped-sabhi_logo-1-e1768585539861.webp","contentUrl":"https:\/\/alassille.com\/wp-content\/uploads\/2025\/12\/cropped-sabhi_logo-1-e1768585539861.webp","width":160,"height":92,"caption":"Al Assille"},"image":{"@id":"https:\/\/alassille.com\/#\/schema\/logo\/image\/"}}]}},"uagb_featured_image_src":{"full":["https:\/\/alassille.com\/wp-content\/uploads\/2026\/01\/11.webp",960,1170,false],"thumbnail":["https:\/\/alassille.com\/wp-content\/uploads\/2026\/01\/11-150x150.png",150,150,true],"medium":["https:\/\/alassille.com\/wp-content\/uploads\/2026\/01\/11-246x300.png",246,300,true],"medium_large":["https:\/\/alassille.com\/wp-content\/uploads\/2026\/01\/11-768x936.png",768,936,true],"large":["https:\/\/alassille.com\/wp-content\/uploads\/2026\/01\/11-840x1024.png",840,1024,true],"1536x1536":["https:\/\/alassille.com\/wp-content\/uploads\/2026\/01\/11.webp",960,1170,false],"2048x2048":["https:\/\/alassille.com\/wp-content\/uploads\/2026\/01\/11.webp",960,1170,false],"trp-custom-language-flag":["https:\/\/alassille.com\/wp-content\/uploads\/2026\/01\/11.webp",10,12,false],"woocommerce_thumbnail":["https:\/\/alassille.com\/wp-content\/uploads\/2026\/01\/11-300x366.webp",300,366,true],"woocommerce_single":["https:\/\/alassille.com\/wp-content\/uploads\/2026\/01\/11-600x731.png",600,731,true],"woocommerce_gallery_thumbnail":["https:\/\/alassille.com\/wp-content\/uploads\/2026\/01\/11-100x100.webp",100,100,true]},"uagb_author_info":{"display_name":"abderrazzak","author_link":"https:\/\/alassille.com\/ar\/author\/"},"uagb_comment_info":0,"uagb_excerpt":"Description d\u00e9taill\u00e9e : Le Propolis Professional Treatment Gel est un gel topique formul\u00e9 \u00e0 base de propolis, reconnu pour son usage traditionnel dans les soins externes. Sa texture l\u00e9g\u00e8re facilite l\u2019application et le massage de la zone concern\u00e9e, tout en laissant une sensation de confort sur la peau. Pr\u00e9sent\u00e9 en tube pratique, ce gel s\u2019int\u00e8gre&hellip;","_links":{"self":[{"href":"https:\/\/alassille.com\/ar\/wp-json\/wp\/v2\/product\/2089","targetHints":{"allow":["GET"]}}],"collection":[{"href":"https:\/\/alassille.com\/ar\/wp-json\/wp\/v2\/product"}],"about":[{"href":"https:\/\/alassille.com\/ar\/wp-json\/wp\/v2\/types\/product"}],"wp:featuredmedia":[{"embeddable":true,"href":"https:\/\/alassille.com\/ar\/wp-json\/wp\/v2\/media\/2122"}],"wp:attachment":[{"href":"https:\/\/alassille.com\/ar\/wp-json\/wp\/v2\/media?parent=2089"}],"wp:term":[{"taxonomy":"product_brand","embeddable":true,"href":"https:\/\/alassille.com\/ar\/wp-json\/wp\/v2\/product_brand?post=2089"},{"taxonomy":"product_cat","embeddable":true,"href":"https:\/\/alassille.com\/ar\/wp-json\/wp\/v2\/product_cat?post=2089"},{"taxonomy":"product_tag","embeddable":true,"href":"https:\/\/alassille.com\/ar\/wp-json\/wp\/v2\/product_tag?post=2089"}],"curies":[{"name":"wp","href":"https:\/\/api.w.org\/{rel}","templated":true}]}}