{"id":2087,"date":"2026-01-13T23:08:13","date_gmt":"2026-01-13T23:08:13","guid":{"rendered":"https:\/\/alassille.com\/product\/huile-dargan-cosmetique\/"},"modified":"2026-03-26T23:11:44","modified_gmt":"2026-03-26T23:11:44","slug":"huile-dargan-cosmetique","status":"publish","type":"product","link":"https:\/\/alassille.com\/ar\/product\/huile-dargan-cosmetique\/","title":{"rendered":"Huile d\u2019Argan Cosm\u00e9tique"},"content":{"rendered":"","protected":false},"excerpt":{"rendered":"<p><strong>Description d\u00e9taill\u00e9e :<\/strong><br \/>\nL\u2019huile d\u2019argan cosm\u00e9tique (250ml) est un soin de beaut\u00e9 traditionnel appr\u00e9ci\u00e9 pour son usage polyvalent. Pr\u00e9sent\u00e9e dans un flacon \u00e9l\u00e9gant, elle s\u2019int\u00e8gre facilement dans la routine de soin du visage, du corps ou des cheveux.<\/p>\n<p>Sa texture fluide permet une application agr\u00e9able et laisse la peau douce, souple et visiblement plus lumineuse. Utilis\u00e9e r\u00e9guli\u00e8rement, elle contribue \u00e0 am\u00e9liorer l\u2019apparence g\u00e9n\u00e9rale de la peau et des cheveux, tout en offrant une exp\u00e9rience sensorielle authentique.<\/p>\n<p><strong>Bienfaits :<\/strong><\/p>\n<ul>\n<li>Nourrit la peau et les cheveux<\/li>\n<li>Aide \u00e0 adoucir et lisser<\/li>\n<li>Apporte \u00e9clat et souplesse<\/li>\n<li>Texture naturelle et agr\u00e9able<\/li>\n<li>Usage cosm\u00e9tique polyvalent<\/li>\n<\/ul>\n<p><strong>Id\u00e9al pour :<\/strong><br \/>\nLes soins quotidiens de la peau et des cheveux.<\/p>","protected":false},"featured_media":2120,"template":"","meta":{"_uag_custom_page_level_css":"","site-sidebar-layout":"default","site-content-layout":"","ast-site-content-layout":"default","site-content-style":"default","site-sidebar-style":"default","ast-global-header-display":"","ast-banner-title-visibility":"","ast-main-header-display":"","ast-hfb-above-header-display":"","ast-hfb-below-header-display":"","ast-hfb-mobile-header-display":"","site-post-title":"","ast-breadcrumbs-content":"","ast-featured-img":"","footer-sml-layout":"","ast-disable-related-posts":"","theme-transparent-header-meta":"default","adv-header-id-meta":"","stick-header-meta":"","header-above-stick-meta":"","header-main-stick-meta":"","header-below-stick-meta":"","astra-migrate-meta-layouts":"set","ast-page-background-enabled":"default","ast-page-background-meta":{"desktop":{"background-color":"","background-image":"","background-repeat":"repeat","background-position":"center center","background-size":"auto","background-attachment":"scroll","background-type":"","background-media":"","overlay-type":"","overlay-color":"","overlay-opacity":"","overlay-gradient":""},"tablet":{"background-color":"","background-image":"","background-repeat":"repeat","background-position":"center center","background-size":"auto","background-attachment":"scroll","background-type":"","background-media":"","overlay-type":"","overlay-color":"","overlay-opacity":"","overlay-gradient":""},"mobile":{"background-color":"","background-image":"","background-repeat":"repeat","background-position":"center center","background-size":"auto","background-attachment":"scroll","background-type":"","background-media":"","overlay-type":"","overlay-color":"","overlay-opacity":"","overlay-gradient":""}},"ast-content-background-meta":{"desktop":{"background-color":"var(--ast-global-color-5)","background-image":"","background-repeat":"repeat","background-position":"center center","background-size":"auto","background-attachment":"scroll","background-type":"","background-media":"","overlay-type":"","overlay-color":"","overlay-opacity":"","overlay-gradient":""},"tablet":{"background-color":"var(--ast-global-color-5)","background-image":"","background-repeat":"repeat","background-position":"center center","background-size":"auto","background-attachment":"scroll","background-type":"","background-media":"","overlay-type":"","overlay-color":"","overlay-opacity":"","overlay-gradient":""},"mobile":{"background-color":"var(--ast-global-color-5)","background-image":"","background-repeat":"repeat","background-position":"center center","background-size":"auto","background-attachment":"scroll","background-type":"","background-media":"","overlay-type":"","overlay-color":"","overlay-opacity":"","overlay-gradient":""}}},"product_brand":[],"product_cat":[33],"product_tag":[],"class_list":{"0":"post-2087","1":"product","2":"type-product","3":"status-publish","4":"has-post-thumbnail","6":"product_cat-huiles","7":"desktop-align-center","8":"tablet-align-center","9":"mobile-align-center","11":"first","12":"instock","13":"sale","14":"shipping-taxable","15":"purchasable","16":"product-type-simple"},"yoast_head":"<!-- This site is optimized with the Yoast SEO plugin v27.1.1 - https:\/\/yoast.com\/product\/yoast-seo-wordpress\/ -->\n<title>Huile d\u2019Argan Cosm\u00e9tique | alassille.com<\/title>\n<meta name=\"description\" content=\"Offrez-vous une pause bien-\u00eatre avec notre Huile d\u2019Argan. Transformez chaque moment en un voyage de s\u00e9r\u00e9nit\u00e9, procurez-vous-la d\u00e8s maintenant ! \ud83c\udf3f\" \/>\n<meta name=\"robots\" content=\"index, follow, max-snippet:-1, max-image-preview:large, max-video-preview:-1\" \/>\n<link rel=\"canonical\" href=\"https:\/\/alassille.com\/ar\/product\/huile-dargan-cosmetique\/\" \/>\n<meta property=\"og:locale\" content=\"ar_AR\" \/>\n<meta property=\"og:type\" content=\"article\" \/>\n<meta property=\"og:title\" content=\"Huile d\u2019Argan Cosm\u00e9tique | alassille.com\" \/>\n<meta property=\"og:description\" content=\"Offrez-vous une pause bien-\u00eatre avec notre Huile d\u2019Argan. Transformez chaque moment en un voyage de s\u00e9r\u00e9nit\u00e9, procurez-vous-la d\u00e8s maintenant ! \ud83c\udf3f\" \/>\n<meta property=\"og:url\" content=\"https:\/\/alassille.com\/ar\/product\/huile-dargan-cosmetique\/\" \/>\n<meta property=\"og:site_name\" content=\"alassille.com\" \/>\n<meta property=\"article:modified_time\" content=\"2026-03-26T23:11:44+00:00\" \/>\n<meta property=\"og:image\" content=\"https:\/\/alassille.com\/wp-content\/uploads\/2026\/01\/9.webp\" \/>\n\t<meta property=\"og:image:width\" content=\"960\" \/>\n\t<meta property=\"og:image:height\" content=\"1300\" \/>\n\t<meta property=\"og:image:type\" content=\"image\/webp\" \/>\n<meta name=\"twitter:card\" content=\"summary_large_image\" \/>\n<meta name=\"twitter:label1\" content=\"\u0648\u0642\u062a \u0627\u0644\u0642\u0631\u0627\u0621\u0629 \u0627\u0644\u0645\u064f\u0642\u062f\u0651\u0631\" \/>\n\t<meta name=\"twitter:data1\" content=\"\u062f\u0642\u064a\u0642\u0629 \u0648\u0627\u062d\u062f\u0629\" \/>\n<script type=\"application\/ld+json\" class=\"yoast-schema-graph\">{\"@context\":\"https:\/\/schema.org\",\"@graph\":[{\"@type\":\"WebPage\",\"@id\":\"https:\/\/alassille.com\/product\/huile-dargan-cosmetique\/\",\"url\":\"https:\/\/alassille.com\/product\/huile-dargan-cosmetique\/\",\"name\":\"Huile d\u2019Argan Cosm\u00e9tique | alassille.com\",\"isPartOf\":{\"@id\":\"https:\/\/alassille.com\/#website\"},\"primaryImageOfPage\":{\"@id\":\"https:\/\/alassille.com\/product\/huile-dargan-cosmetique\/#primaryimage\"},\"image\":{\"@id\":\"https:\/\/alassille.com\/product\/huile-dargan-cosmetique\/#primaryimage\"},\"thumbnailUrl\":\"https:\/\/alassille.com\/wp-content\/uploads\/2026\/01\/9.webp\",\"datePublished\":\"2026-01-13T23:08:13+00:00\",\"dateModified\":\"2026-03-26T23:11:44+00:00\",\"description\":\"Offrez-vous une pause bien-\u00eatre avec notre Huile d\u2019Argan. Transformez chaque moment en un voyage de s\u00e9r\u00e9nit\u00e9, procurez-vous-la d\u00e8s maintenant ! \ud83c\udf3f\",\"breadcrumb\":{\"@id\":\"https:\/\/alassille.com\/product\/huile-dargan-cosmetique\/#breadcrumb\"},\"inLanguage\":\"ar\",\"potentialAction\":[{\"@type\":\"ReadAction\",\"target\":[\"https:\/\/alassille.com\/product\/huile-dargan-cosmetique\/\"]}]},{\"@type\":\"ImageObject\",\"inLanguage\":\"ar\",\"@id\":\"https:\/\/alassille.com\/product\/huile-dargan-cosmetique\/#primaryimage\",\"url\":\"https:\/\/alassille.com\/wp-content\/uploads\/2026\/01\/9.webp\",\"contentUrl\":\"https:\/\/alassille.com\/wp-content\/uploads\/2026\/01\/9.webp\",\"width\":960,\"height\":1300},{\"@type\":\"BreadcrumbList\",\"@id\":\"https:\/\/alassille.com\/product\/huile-dargan-cosmetique\/#breadcrumb\",\"itemListElement\":[{\"@type\":\"ListItem\",\"position\":1,\"name\":\"Accueil\",\"item\":\"https:\/\/alassille.com\/\"},{\"@type\":\"ListItem\",\"position\":2,\"name\":\"Shop\",\"item\":\"https:\/\/alassille.com\/shop\/\"},{\"@type\":\"ListItem\",\"position\":3,\"name\":\"Huile d\u2019Argan Cosm\u00e9tique\"}]},{\"@type\":\"WebSite\",\"@id\":\"https:\/\/alassille.com\/#website\",\"url\":\"https:\/\/alassille.com\/\",\"name\":\"alassille.com\",\"description\":\"produits 100% Al assille\",\"publisher\":{\"@id\":\"https:\/\/alassille.com\/#organization\"},\"potentialAction\":[{\"@type\":\"SearchAction\",\"target\":{\"@type\":\"EntryPoint\",\"urlTemplate\":\"https:\/\/alassille.com\/?s={search_term_string}\"},\"query-input\":{\"@type\":\"PropertyValueSpecification\",\"valueRequired\":true,\"valueName\":\"search_term_string\"}}],\"inLanguage\":\"ar\"},{\"@type\":\"Organization\",\"@id\":\"https:\/\/alassille.com\/#organization\",\"name\":\"Al Assille\",\"url\":\"https:\/\/alassille.com\/\",\"logo\":{\"@type\":\"ImageObject\",\"inLanguage\":\"ar\",\"@id\":\"https:\/\/alassille.com\/#\/schema\/logo\/image\/\",\"url\":\"https:\/\/alassille.com\/wp-content\/uploads\/2025\/12\/cropped-sabhi_logo-1-e1768585539861.webp\",\"contentUrl\":\"https:\/\/alassille.com\/wp-content\/uploads\/2025\/12\/cropped-sabhi_logo-1-e1768585539861.webp\",\"width\":160,\"height\":92,\"caption\":\"Al Assille\"},\"image\":{\"@id\":\"https:\/\/alassille.com\/#\/schema\/logo\/image\/\"}}]}<\/script>\n<!-- \/ Yoast SEO plugin. -->","yoast_head_json":{"title":"Huile d\u2019Argan Cosm\u00e9tique | alassille.com","description":"Offrez-vous une pause bien-\u00eatre avec notre Huile d\u2019Argan. Transformez chaque moment en un voyage de s\u00e9r\u00e9nit\u00e9, procurez-vous-la d\u00e8s maintenant ! \ud83c\udf3f","robots":{"index":"index","follow":"follow","max-snippet":"max-snippet:-1","max-image-preview":"max-image-preview:large","max-video-preview":"max-video-preview:-1"},"canonical":"https:\/\/alassille.com\/ar\/product\/huile-dargan-cosmetique\/","og_locale":"ar_AR","og_type":"article","og_title":"Huile d\u2019Argan Cosm\u00e9tique | alassille.com","og_description":"Offrez-vous une pause bien-\u00eatre avec notre Huile d\u2019Argan. Transformez chaque moment en un voyage de s\u00e9r\u00e9nit\u00e9, procurez-vous-la d\u00e8s maintenant ! \ud83c\udf3f","og_url":"https:\/\/alassille.com\/ar\/product\/huile-dargan-cosmetique\/","og_site_name":"alassille.com","article_modified_time":"2026-03-26T23:11:44+00:00","og_image":[{"width":960,"height":1300,"url":"https:\/\/alassille.com\/wp-content\/uploads\/2026\/01\/9.webp","type":"image\/webp"}],"twitter_card":"summary_large_image","twitter_misc":{"\u0648\u0642\u062a \u0627\u0644\u0642\u0631\u0627\u0621\u0629 \u0627\u0644\u0645\u064f\u0642\u062f\u0651\u0631":"\u062f\u0642\u064a\u0642\u0629 \u0648\u0627\u062d\u062f\u0629"},"schema":{"@context":"https:\/\/schema.org","@graph":[{"@type":"WebPage","@id":"https:\/\/alassille.com\/product\/huile-dargan-cosmetique\/","url":"https:\/\/alassille.com\/product\/huile-dargan-cosmetique\/","name":"Huile d\u2019Argan Cosm\u00e9tique | alassille.com","isPartOf":{"@id":"https:\/\/alassille.com\/#website"},"primaryImageOfPage":{"@id":"https:\/\/alassille.com\/product\/huile-dargan-cosmetique\/#primaryimage"},"image":{"@id":"https:\/\/alassille.com\/product\/huile-dargan-cosmetique\/#primaryimage"},"thumbnailUrl":"https:\/\/alassille.com\/wp-content\/uploads\/2026\/01\/9.webp","datePublished":"2026-01-13T23:08:13+00:00","dateModified":"2026-03-26T23:11:44+00:00","description":"Offrez-vous une pause bien-\u00eatre avec notre Huile d\u2019Argan. Transformez chaque moment en un voyage de s\u00e9r\u00e9nit\u00e9, procurez-vous-la d\u00e8s maintenant ! \ud83c\udf3f","breadcrumb":{"@id":"https:\/\/alassille.com\/product\/huile-dargan-cosmetique\/#breadcrumb"},"inLanguage":"ar","potentialAction":[{"@type":"ReadAction","target":["https:\/\/alassille.com\/product\/huile-dargan-cosmetique\/"]}]},{"@type":"ImageObject","inLanguage":"ar","@id":"https:\/\/alassille.com\/product\/huile-dargan-cosmetique\/#primaryimage","url":"https:\/\/alassille.com\/wp-content\/uploads\/2026\/01\/9.webp","contentUrl":"https:\/\/alassille.com\/wp-content\/uploads\/2026\/01\/9.webp","width":960,"height":1300},{"@type":"BreadcrumbList","@id":"https:\/\/alassille.com\/product\/huile-dargan-cosmetique\/#breadcrumb","itemListElement":[{"@type":"ListItem","position":1,"name":"Accueil","item":"https:\/\/alassille.com\/"},{"@type":"ListItem","position":2,"name":"Shop","item":"https:\/\/alassille.com\/shop\/"},{"@type":"ListItem","position":3,"name":"Huile d\u2019Argan Cosm\u00e9tique"}]},{"@type":"WebSite","@id":"https:\/\/alassille.com\/#website","url":"https:\/\/alassille.com\/","name":"alassille.com","description":"produits 100% Al assille","publisher":{"@id":"https:\/\/alassille.com\/#organization"},"potentialAction":[{"@type":"SearchAction","target":{"@type":"EntryPoint","urlTemplate":"https:\/\/alassille.com\/?s={search_term_string}"},"query-input":{"@type":"PropertyValueSpecification","valueRequired":true,"valueName":"search_term_string"}}],"inLanguage":"ar"},{"@type":"Organization","@id":"https:\/\/alassille.com\/#organization","name":"Al Assille","url":"https:\/\/alassille.com\/","logo":{"@type":"ImageObject","inLanguage":"ar","@id":"https:\/\/alassille.com\/#\/schema\/logo\/image\/","url":"https:\/\/alassille.com\/wp-content\/uploads\/2025\/12\/cropped-sabhi_logo-1-e1768585539861.webp","contentUrl":"https:\/\/alassille.com\/wp-content\/uploads\/2025\/12\/cropped-sabhi_logo-1-e1768585539861.webp","width":160,"height":92,"caption":"Al Assille"},"image":{"@id":"https:\/\/alassille.com\/#\/schema\/logo\/image\/"}}]}},"uagb_featured_image_src":{"full":["https:\/\/alassille.com\/wp-content\/uploads\/2026\/01\/9.webp",960,1300,false],"thumbnail":["https:\/\/alassille.com\/wp-content\/uploads\/2026\/01\/9.webp",111,150,false],"medium":["https:\/\/alassille.com\/wp-content\/uploads\/2026\/01\/9.webp",222,300,false],"medium_large":["https:\/\/alassille.com\/wp-content\/uploads\/2026\/01\/9.webp",768,1040,false],"large":["https:\/\/alassille.com\/wp-content\/uploads\/2026\/01\/9.webp",756,1024,false],"1536x1536":["https:\/\/alassille.com\/wp-content\/uploads\/2026\/01\/9.webp",960,1300,false],"2048x2048":["https:\/\/alassille.com\/wp-content\/uploads\/2026\/01\/9.webp",960,1300,false],"trp-custom-language-flag":["https:\/\/alassille.com\/wp-content\/uploads\/2026\/01\/9.webp",9,12,false],"woocommerce_thumbnail":["https:\/\/alassille.com\/wp-content\/uploads\/2026\/01\/9-300x406.webp",300,406,true],"woocommerce_single":["https:\/\/alassille.com\/wp-content\/uploads\/2026\/01\/9-600x813.webp",600,813,true],"woocommerce_gallery_thumbnail":["https:\/\/alassille.com\/wp-content\/uploads\/2026\/01\/9-100x100.webp",100,100,true]},"uagb_author_info":{"display_name":"abderrazzak","author_link":"https:\/\/alassille.com\/ar\/author\/"},"uagb_comment_info":0,"uagb_excerpt":"Description d\u00e9taill\u00e9e : L\u2019huile d\u2019argan cosm\u00e9tique (250ml) est un soin de beaut\u00e9 traditionnel appr\u00e9ci\u00e9 pour son usage polyvalent. Pr\u00e9sent\u00e9e dans un flacon \u00e9l\u00e9gant, elle s\u2019int\u00e8gre facilement dans la routine de soin du visage, du corps ou des cheveux. Sa texture fluide permet une application agr\u00e9able et laisse la peau douce, souple et visiblement plus lumineuse.&hellip;","_links":{"self":[{"href":"https:\/\/alassille.com\/ar\/wp-json\/wp\/v2\/product\/2087","targetHints":{"allow":["GET"]}}],"collection":[{"href":"https:\/\/alassille.com\/ar\/wp-json\/wp\/v2\/product"}],"about":[{"href":"https:\/\/alassille.com\/ar\/wp-json\/wp\/v2\/types\/product"}],"wp:featuredmedia":[{"embeddable":true,"href":"https:\/\/alassille.com\/ar\/wp-json\/wp\/v2\/media\/2120"}],"wp:attachment":[{"href":"https:\/\/alassille.com\/ar\/wp-json\/wp\/v2\/media?parent=2087"}],"wp:term":[{"taxonomy":"product_brand","embeddable":true,"href":"https:\/\/alassille.com\/ar\/wp-json\/wp\/v2\/product_brand?post=2087"},{"taxonomy":"product_cat","embeddable":true,"href":"https:\/\/alassille.com\/ar\/wp-json\/wp\/v2\/product_cat?post=2087"},{"taxonomy":"product_tag","embeddable":true,"href":"https:\/\/alassille.com\/ar\/wp-json\/wp\/v2\/product_tag?post=2087"}],"curies":[{"name":"wp","href":"https:\/\/api.w.org\/{rel}","templated":true}]}}