{"id":2081,"date":"2026-01-13T23:08:13","date_gmt":"2026-01-13T23:08:13","guid":{"rendered":"https:\/\/alassille.com\/product\/gommage-purifiant-au-cafe\/"},"modified":"2026-03-26T23:21:14","modified_gmt":"2026-03-26T23:21:14","slug":"gommage-purifiant-au-cafe","status":"publish","type":"product","link":"https:\/\/alassille.com\/ar\/product\/gommage-purifiant-au-cafe\/","title":{"rendered":"Gommage Purifiant au Caf\u00e9"},"content":{"rendered":"","protected":false},"excerpt":{"rendered":"<p><strong>Description d\u00e9taill\u00e9e :<\/strong><br \/>\nLe gommage purifiant au caf\u00e9 est un soin exfoliant qui aide \u00e0 d\u00e9barrasser la peau des cellules mortes et des impuret\u00e9s accumul\u00e9es. Gr\u00e2ce \u00e0 sa formule enrichie en particules exfoliantes visibles et \u00e0 l\u2019extrait de caf\u00e9, il contribue \u00e0 nettoyer la peau en profondeur tout en respectant son \u00e9quilibre naturel.<\/p>\n<p>Sa texture onctueuse permet une exfoliation efficace, laissant la peau plus lisse, plus douce et visiblement revitalis\u00e9e apr\u00e8s chaque utilisation. Le teint para\u00eet plus propre et plus lumineux.<\/p>\n<p><strong>Bienfaits :<\/strong><\/p>\n<ul>\n<li>Exfolie la peau en douceur<\/li>\n<li>Aide \u00e0 \u00e9liminer les impuret\u00e9s<\/li>\n<li>Contribue \u00e0 d\u00e9sincruster les pores<\/li>\n<li>Aide \u00e0 purifier la peau<\/li>\n<li>Laisse la peau douce et fra\u00eeche<\/li>\n<\/ul>\n<p><strong>Id\u00e9al pour :<\/strong><br \/>\nSoin exfoliant r\u00e9gulier pour une peau propre et revitalis\u00e9e.<\/p>","protected":false},"featured_media":5760,"template":"","meta":{"_uag_custom_page_level_css":"","site-sidebar-layout":"default","site-content-layout":"","ast-site-content-layout":"default","site-content-style":"default","site-sidebar-style":"default","ast-global-header-display":"","ast-banner-title-visibility":"","ast-main-header-display":"","ast-hfb-above-header-display":"","ast-hfb-below-header-display":"","ast-hfb-mobile-header-display":"","site-post-title":"","ast-breadcrumbs-content":"","ast-featured-img":"","footer-sml-layout":"","ast-disable-related-posts":"","theme-transparent-header-meta":"default","adv-header-id-meta":"","stick-header-meta":"","header-above-stick-meta":"","header-main-stick-meta":"","header-below-stick-meta":"","astra-migrate-meta-layouts":"set","ast-page-background-enabled":"default","ast-page-background-meta":{"desktop":{"background-color":"","background-image":"","background-repeat":"repeat","background-position":"center center","background-size":"auto","background-attachment":"scroll","background-type":"","background-media":"","overlay-type":"","overlay-color":"","overlay-opacity":"","overlay-gradient":""},"tablet":{"background-color":"","background-image":"","background-repeat":"repeat","background-position":"center center","background-size":"auto","background-attachment":"scroll","background-type":"","background-media":"","overlay-type":"","overlay-color":"","overlay-opacity":"","overlay-gradient":""},"mobile":{"background-color":"","background-image":"","background-repeat":"repeat","background-position":"center center","background-size":"auto","background-attachment":"scroll","background-type":"","background-media":"","overlay-type":"","overlay-color":"","overlay-opacity":"","overlay-gradient":""}},"ast-content-background-meta":{"desktop":{"background-color":"var(--ast-global-color-5)","background-image":"","background-repeat":"repeat","background-position":"center center","background-size":"auto","background-attachment":"scroll","background-type":"","background-media":"","overlay-type":"","overlay-color":"","overlay-opacity":"","overlay-gradient":""},"tablet":{"background-color":"var(--ast-global-color-5)","background-image":"","background-repeat":"repeat","background-position":"center center","background-size":"auto","background-attachment":"scroll","background-type":"","background-media":"","overlay-type":"","overlay-color":"","overlay-opacity":"","overlay-gradient":""},"mobile":{"background-color":"var(--ast-global-color-5)","background-image":"","background-repeat":"repeat","background-position":"center center","background-size":"auto","background-attachment":"scroll","background-type":"","background-media":"","overlay-type":"","overlay-color":"","overlay-opacity":"","overlay-gradient":""}}},"product_brand":[],"product_cat":[21],"product_tag":[],"class_list":{"0":"post-2081","1":"product","2":"type-product","3":"status-publish","4":"has-post-thumbnail","6":"product_cat-cremes","7":"desktop-align-center","8":"tablet-align-center","9":"mobile-align-center","11":"first","12":"instock","13":"sale","14":"shipping-taxable","15":"purchasable","16":"product-type-variable"},"yoast_head":"<!-- This site is optimized with the Yoast SEO plugin v27.1.1 - https:\/\/yoast.com\/product\/yoast-seo-wordpress\/ -->\n<title>Gommage Purifiant au Caf\u00e9 | alassille.com<\/title>\n<meta name=\"description\" content=\"Offrez \u00e0 votre peau le soin qu&#039;elle m\u00e9rite avec notre Gommage Purifiant au Caf\u00e9. R\u00e9v\u00e9lez une douceur incroyable et charme, d\u00e9couvrez-le maintenant !\" \/>\n<meta name=\"robots\" content=\"index, follow, max-snippet:-1, max-image-preview:large, max-video-preview:-1\" \/>\n<link rel=\"canonical\" href=\"https:\/\/alassille.com\/ar\/product\/gommage-purifiant-au-cafe\/\" \/>\n<meta property=\"og:locale\" content=\"ar_AR\" \/>\n<meta property=\"og:type\" content=\"article\" \/>\n<meta property=\"og:title\" content=\"Gommage Purifiant au Caf\u00e9 | alassille.com\" \/>\n<meta property=\"og:description\" content=\"Offrez \u00e0 votre peau le soin qu&#039;elle m\u00e9rite avec notre Gommage Purifiant au Caf\u00e9. R\u00e9v\u00e9lez une douceur incroyable et charme, d\u00e9couvrez-le maintenant !\" \/>\n<meta property=\"og:url\" content=\"https:\/\/alassille.com\/ar\/product\/gommage-purifiant-au-cafe\/\" \/>\n<meta property=\"og:site_name\" content=\"alassille.com\" \/>\n<meta property=\"article:modified_time\" content=\"2026-03-26T23:21:14+00:00\" \/>\n<meta property=\"og:image\" content=\"https:\/\/alassille.com\/wp-content\/uploads\/2026\/02\/3.png\" \/>\n\t<meta property=\"og:image:width\" content=\"960\" \/>\n\t<meta property=\"og:image:height\" content=\"1170\" \/>\n\t<meta property=\"og:image:type\" content=\"image\/png\" \/>\n<meta name=\"twitter:card\" content=\"summary_large_image\" \/>\n<meta name=\"twitter:label1\" content=\"\u0648\u0642\u062a \u0627\u0644\u0642\u0631\u0627\u0621\u0629 \u0627\u0644\u0645\u064f\u0642\u062f\u0651\u0631\" \/>\n\t<meta name=\"twitter:data1\" content=\"\u062f\u0642\u064a\u0642\u0629 \u0648\u0627\u062d\u062f\u0629\" \/>\n<script type=\"application\/ld+json\" class=\"yoast-schema-graph\">{\"@context\":\"https:\/\/schema.org\",\"@graph\":[{\"@type\":\"WebPage\",\"@id\":\"https:\/\/alassille.com\/product\/gommage-purifiant-au-cafe\/\",\"url\":\"https:\/\/alassille.com\/product\/gommage-purifiant-au-cafe\/\",\"name\":\"Gommage Purifiant au Caf\u00e9 | alassille.com\",\"isPartOf\":{\"@id\":\"https:\/\/alassille.com\/#website\"},\"primaryImageOfPage\":{\"@id\":\"https:\/\/alassille.com\/product\/gommage-purifiant-au-cafe\/#primaryimage\"},\"image\":{\"@id\":\"https:\/\/alassille.com\/product\/gommage-purifiant-au-cafe\/#primaryimage\"},\"thumbnailUrl\":\"https:\/\/alassille.com\/wp-content\/uploads\/2026\/02\/3.png\",\"datePublished\":\"2026-01-13T23:08:13+00:00\",\"dateModified\":\"2026-03-26T23:21:14+00:00\",\"description\":\"Offrez \u00e0 votre peau le soin qu'elle m\u00e9rite avec notre Gommage Purifiant au Caf\u00e9. R\u00e9v\u00e9lez une douceur incroyable et charme, d\u00e9couvrez-le maintenant !\",\"breadcrumb\":{\"@id\":\"https:\/\/alassille.com\/product\/gommage-purifiant-au-cafe\/#breadcrumb\"},\"inLanguage\":\"ar\",\"potentialAction\":[{\"@type\":\"ReadAction\",\"target\":[\"https:\/\/alassille.com\/product\/gommage-purifiant-au-cafe\/\"]}]},{\"@type\":\"ImageObject\",\"inLanguage\":\"ar\",\"@id\":\"https:\/\/alassille.com\/product\/gommage-purifiant-au-cafe\/#primaryimage\",\"url\":\"https:\/\/alassille.com\/wp-content\/uploads\/2026\/02\/3.png\",\"contentUrl\":\"https:\/\/alassille.com\/wp-content\/uploads\/2026\/02\/3.png\",\"width\":960,\"height\":1170,\"caption\":\"gommage purifiant \u00e0 la figue de barbarie\"},{\"@type\":\"BreadcrumbList\",\"@id\":\"https:\/\/alassille.com\/product\/gommage-purifiant-au-cafe\/#breadcrumb\",\"itemListElement\":[{\"@type\":\"ListItem\",\"position\":1,\"name\":\"Accueil\",\"item\":\"https:\/\/alassille.com\/\"},{\"@type\":\"ListItem\",\"position\":2,\"name\":\"Shop\",\"item\":\"https:\/\/alassille.com\/shop\/\"},{\"@type\":\"ListItem\",\"position\":3,\"name\":\"Gommage Purifiant au Caf\u00e9\"}]},{\"@type\":\"WebSite\",\"@id\":\"https:\/\/alassille.com\/#website\",\"url\":\"https:\/\/alassille.com\/\",\"name\":\"alassille.com\",\"description\":\"produits 100% Al assille\",\"publisher\":{\"@id\":\"https:\/\/alassille.com\/#organization\"},\"potentialAction\":[{\"@type\":\"SearchAction\",\"target\":{\"@type\":\"EntryPoint\",\"urlTemplate\":\"https:\/\/alassille.com\/?s={search_term_string}\"},\"query-input\":{\"@type\":\"PropertyValueSpecification\",\"valueRequired\":true,\"valueName\":\"search_term_string\"}}],\"inLanguage\":\"ar\"},{\"@type\":\"Organization\",\"@id\":\"https:\/\/alassille.com\/#organization\",\"name\":\"Al Assille\",\"url\":\"https:\/\/alassille.com\/\",\"logo\":{\"@type\":\"ImageObject\",\"inLanguage\":\"ar\",\"@id\":\"https:\/\/alassille.com\/#\/schema\/logo\/image\/\",\"url\":\"https:\/\/alassille.com\/wp-content\/uploads\/2025\/12\/cropped-sabhi_logo-1-e1768585539861.webp\",\"contentUrl\":\"https:\/\/alassille.com\/wp-content\/uploads\/2025\/12\/cropped-sabhi_logo-1-e1768585539861.webp\",\"width\":160,\"height\":92,\"caption\":\"Al Assille\"},\"image\":{\"@id\":\"https:\/\/alassille.com\/#\/schema\/logo\/image\/\"}}]}<\/script>\n<!-- \/ Yoast SEO plugin. -->","yoast_head_json":{"title":"Gommage Purifiant au Caf\u00e9 | alassille.com","description":"Offrez \u00e0 votre peau le soin qu'elle m\u00e9rite avec notre Gommage Purifiant au Caf\u00e9. R\u00e9v\u00e9lez une douceur incroyable et charme, d\u00e9couvrez-le maintenant !","robots":{"index":"index","follow":"follow","max-snippet":"max-snippet:-1","max-image-preview":"max-image-preview:large","max-video-preview":"max-video-preview:-1"},"canonical":"https:\/\/alassille.com\/ar\/product\/gommage-purifiant-au-cafe\/","og_locale":"ar_AR","og_type":"article","og_title":"Gommage Purifiant au Caf\u00e9 | alassille.com","og_description":"Offrez \u00e0 votre peau le soin qu'elle m\u00e9rite avec notre Gommage Purifiant au Caf\u00e9. R\u00e9v\u00e9lez une douceur incroyable et charme, d\u00e9couvrez-le maintenant !","og_url":"https:\/\/alassille.com\/ar\/product\/gommage-purifiant-au-cafe\/","og_site_name":"alassille.com","article_modified_time":"2026-03-26T23:21:14+00:00","og_image":[{"width":960,"height":1170,"url":"https:\/\/alassille.com\/wp-content\/uploads\/2026\/02\/3.png","type":"image\/png"}],"twitter_card":"summary_large_image","twitter_misc":{"\u0648\u0642\u062a \u0627\u0644\u0642\u0631\u0627\u0621\u0629 \u0627\u0644\u0645\u064f\u0642\u062f\u0651\u0631":"\u062f\u0642\u064a\u0642\u0629 \u0648\u0627\u062d\u062f\u0629"},"schema":{"@context":"https:\/\/schema.org","@graph":[{"@type":"WebPage","@id":"https:\/\/alassille.com\/product\/gommage-purifiant-au-cafe\/","url":"https:\/\/alassille.com\/product\/gommage-purifiant-au-cafe\/","name":"Gommage Purifiant au Caf\u00e9 | alassille.com","isPartOf":{"@id":"https:\/\/alassille.com\/#website"},"primaryImageOfPage":{"@id":"https:\/\/alassille.com\/product\/gommage-purifiant-au-cafe\/#primaryimage"},"image":{"@id":"https:\/\/alassille.com\/product\/gommage-purifiant-au-cafe\/#primaryimage"},"thumbnailUrl":"https:\/\/alassille.com\/wp-content\/uploads\/2026\/02\/3.png","datePublished":"2026-01-13T23:08:13+00:00","dateModified":"2026-03-26T23:21:14+00:00","description":"Offrez \u00e0 votre peau le soin qu'elle m\u00e9rite avec notre Gommage Purifiant au Caf\u00e9. R\u00e9v\u00e9lez une douceur incroyable et charme, d\u00e9couvrez-le maintenant !","breadcrumb":{"@id":"https:\/\/alassille.com\/product\/gommage-purifiant-au-cafe\/#breadcrumb"},"inLanguage":"ar","potentialAction":[{"@type":"ReadAction","target":["https:\/\/alassille.com\/product\/gommage-purifiant-au-cafe\/"]}]},{"@type":"ImageObject","inLanguage":"ar","@id":"https:\/\/alassille.com\/product\/gommage-purifiant-au-cafe\/#primaryimage","url":"https:\/\/alassille.com\/wp-content\/uploads\/2026\/02\/3.png","contentUrl":"https:\/\/alassille.com\/wp-content\/uploads\/2026\/02\/3.png","width":960,"height":1170,"caption":"gommage purifiant \u00e0 la figue de barbarie"},{"@type":"BreadcrumbList","@id":"https:\/\/alassille.com\/product\/gommage-purifiant-au-cafe\/#breadcrumb","itemListElement":[{"@type":"ListItem","position":1,"name":"Accueil","item":"https:\/\/alassille.com\/"},{"@type":"ListItem","position":2,"name":"Shop","item":"https:\/\/alassille.com\/shop\/"},{"@type":"ListItem","position":3,"name":"Gommage Purifiant au Caf\u00e9"}]},{"@type":"WebSite","@id":"https:\/\/alassille.com\/#website","url":"https:\/\/alassille.com\/","name":"alassille.com","description":"produits 100% Al assille","publisher":{"@id":"https:\/\/alassille.com\/#organization"},"potentialAction":[{"@type":"SearchAction","target":{"@type":"EntryPoint","urlTemplate":"https:\/\/alassille.com\/?s={search_term_string}"},"query-input":{"@type":"PropertyValueSpecification","valueRequired":true,"valueName":"search_term_string"}}],"inLanguage":"ar"},{"@type":"Organization","@id":"https:\/\/alassille.com\/#organization","name":"Al Assille","url":"https:\/\/alassille.com\/","logo":{"@type":"ImageObject","inLanguage":"ar","@id":"https:\/\/alassille.com\/#\/schema\/logo\/image\/","url":"https:\/\/alassille.com\/wp-content\/uploads\/2025\/12\/cropped-sabhi_logo-1-e1768585539861.webp","contentUrl":"https:\/\/alassille.com\/wp-content\/uploads\/2025\/12\/cropped-sabhi_logo-1-e1768585539861.webp","width":160,"height":92,"caption":"Al Assille"},"image":{"@id":"https:\/\/alassille.com\/#\/schema\/logo\/image\/"}}]}},"uagb_featured_image_src":{"full":["https:\/\/alassille.com\/wp-content\/uploads\/2026\/02\/3.png",960,1170,false],"thumbnail":["https:\/\/alassille.com\/wp-content\/uploads\/2026\/02\/3-150x150.png",150,150,true],"medium":["https:\/\/alassille.com\/wp-content\/uploads\/2026\/02\/3-246x300.png",246,300,true],"medium_large":["https:\/\/alassille.com\/wp-content\/uploads\/2026\/02\/3-768x936.png",768,936,true],"large":["https:\/\/alassille.com\/wp-content\/uploads\/2026\/02\/3-840x1024.png",840,1024,true],"1536x1536":["https:\/\/alassille.com\/wp-content\/uploads\/2026\/02\/3.png",960,1170,false],"2048x2048":["https:\/\/alassille.com\/wp-content\/uploads\/2026\/02\/3.png",960,1170,false],"trp-custom-language-flag":["https:\/\/alassille.com\/wp-content\/uploads\/2026\/02\/3.png",10,12,false],"woocommerce_thumbnail":["https:\/\/alassille.com\/wp-content\/uploads\/2026\/02\/3-300x366.png",300,366,true],"woocommerce_single":["https:\/\/alassille.com\/wp-content\/uploads\/2026\/02\/3-600x731.png",600,731,true],"woocommerce_gallery_thumbnail":["https:\/\/alassille.com\/wp-content\/uploads\/2026\/02\/3-100x100.png",100,100,true]},"uagb_author_info":{"display_name":"abderrazzak","author_link":"https:\/\/alassille.com\/ar\/author\/"},"uagb_comment_info":0,"uagb_excerpt":"Description d\u00e9taill\u00e9e : Le gommage purifiant au caf\u00e9 est un soin exfoliant qui aide \u00e0 d\u00e9barrasser la peau des cellules mortes et des impuret\u00e9s accumul\u00e9es. Gr\u00e2ce \u00e0 sa formule enrichie en particules exfoliantes visibles et \u00e0 l\u2019extrait de caf\u00e9, il contribue \u00e0 nettoyer la peau en profondeur tout en respectant son \u00e9quilibre naturel. Sa texture&hellip;","_links":{"self":[{"href":"https:\/\/alassille.com\/ar\/wp-json\/wp\/v2\/product\/2081","targetHints":{"allow":["GET"]}}],"collection":[{"href":"https:\/\/alassille.com\/ar\/wp-json\/wp\/v2\/product"}],"about":[{"href":"https:\/\/alassille.com\/ar\/wp-json\/wp\/v2\/types\/product"}],"wp:featuredmedia":[{"embeddable":true,"href":"https:\/\/alassille.com\/ar\/wp-json\/wp\/v2\/media\/5760"}],"wp:attachment":[{"href":"https:\/\/alassille.com\/ar\/wp-json\/wp\/v2\/media?parent=2081"}],"wp:term":[{"taxonomy":"product_brand","embeddable":true,"href":"https:\/\/alassille.com\/ar\/wp-json\/wp\/v2\/product_brand?post=2081"},{"taxonomy":"product_cat","embeddable":true,"href":"https:\/\/alassille.com\/ar\/wp-json\/wp\/v2\/product_cat?post=2081"},{"taxonomy":"product_tag","embeddable":true,"href":"https:\/\/alassille.com\/ar\/wp-json\/wp\/v2\/product_tag?post=2081"}],"curies":[{"name":"wp","href":"https:\/\/api.w.org\/{rel}","templated":true}]}}