{"id":9,"date":"2026-01-03T14:56:34","date_gmt":"2026-01-03T14:56:34","guid":{"rendered":"http:\/\/alassille.com\/?page_id=9"},"modified":"2026-01-16T14:43:25","modified_gmt":"2026-01-16T14:43:25","slug":"refund_returns","status":"publish","type":"page","link":"https:\/\/alassille.com\/ar\/refund_returns\/","title":{"rendered":"Politique de remboursement"},"content":{"rendered":"<div data-elementor-type=\"wp-page\" data-elementor-id=\"9\" class=\"elementor elementor-9\">\n\t\t\t\t<div class=\"elementor-element elementor-element-65c9a636 e-flex e-con-boxed e-con e-parent\" data-id=\"65c9a636\" data-element_type=\"container\" data-e-type=\"container\">\n\t\t\t\t\t<div class=\"e-con-inner\">\n\t\t\t\t<div class=\"elementor-element elementor-element-c8a3294 elementor-widget elementor-widget-text-editor\" data-id=\"c8a3294\" data-element_type=\"widget\" data-e-type=\"widget\" data-widget_type=\"text-editor.default\">\n\t\t\t\t<div class=\"elementor-widget-container\">\n\t\t\t\t\t\t\t\t\t\n<p>Chez <strong>Al Assille<\/strong>, la satisfaction de nos clients est une priorit\u00e9. Toutefois, en raison de la nature de nos produits cosm\u00e9tiques et capillaires, <strong>aucun retour ni remboursement n\u2019est accept\u00e9 apr\u00e8s l\u2019achat<\/strong>, les produits \u00e9tant destin\u00e9s \u00e0 \u00eatre utilis\u00e9s dans un d\u00e9lai limit\u00e9 apr\u00e8s ouverture.<\/p>\n<hr class=\"wp-block-separator has-alpha-channel-opacity\" \/>\n<h2 class=\"wp-block-heading\"><strong>Exceptions \u2013 \u00c9changes<\/strong><\/h2>\n\n<p>Nous proc\u00e9dons \u00e0 un <strong>\u00e9change uniquement en cas d\u2019erreur de commande<\/strong> de notre part.<\/p>\n\n<p>Si vous recevez un article diff\u00e9rent de celui que vous avez command\u00e9, vous pouvez demander un \u00e9change en nous contactant \u00e0 l\u2019adresse suivante :<\/p>\n\n<p><strong>support@alassille.ma<\/strong><\/p>\n\n<p>Pour \u00eatre \u00e9ligible \u00e0 un \u00e9change, l\u2019article doit :<\/p>\n\n<ul class=\"wp-block-list\">\n<li>\u00eatre retourn\u00e9 dans son <strong>\u00e9tat d\u2019origine<\/strong>,<\/li>\n\n<li>\u00eatre <strong>non utilis\u00e9<\/strong>,<\/li>\n\n<li>\u00eatre dans son <strong>emballage d\u2019origine<\/strong>.<\/li>\n<\/ul>\n\n<p>Toute demande doit \u00eatre effectu\u00e9e dans les plus brefs d\u00e9lais apr\u00e8s la r\u00e9ception de la commande.<\/p>\n<hr class=\"wp-block-separator has-alpha-channel-opacity\" \/>\n<h2 class=\"wp-block-heading\"><strong>Produits endommag\u00e9s ou probl\u00e8mes de commande<\/strong><\/h2>\n\n<p>Veuillez <strong>inspecter votre commande d\u00e8s sa r\u00e9ception<\/strong>.<\/p>\n\n<p>Si un produit est <strong>d\u00e9fectueux, endommag\u00e9 ou incorrect<\/strong>, merci de nous contacter imm\u00e9diatement afin que nous puissions \u00e9valuer la situation et vous proposer une solution appropri\u00e9e.<\/p>\n\n<p><strong>support@alassille.ma<\/strong><\/p>\n\n<p>\u00a0<\/p>\n\t\t\t\t\t\t\t\t<\/div>\n\t\t\t\t<\/div>\n\t\t\t\t\t<\/div>\n\t\t\t\t<\/div>\n\t\t\t\t<\/div>","protected":false},"excerpt":{"rendered":"<p>Chez Al Assille, la satisfaction de nos clients est une priorit\u00e9. Toutefois, en raison de la nature de nos produits cosm\u00e9tiques et capillaires, aucun retour ni remboursement n\u2019est accept\u00e9 apr\u00e8s l\u2019achat, les produits \u00e9tant destin\u00e9s \u00e0 \u00eatre utilis\u00e9s dans un d\u00e9lai limit\u00e9 apr\u00e8s ouverture. Exceptions \u2013 \u00c9changes Nous proc\u00e9dons \u00e0 un \u00e9change uniquement en cas [&hellip;]<\/p>\n","protected":false},"author":1,"featured_media":0,"parent":0,"menu_order":0,"comment_status":"closed","ping_status":"closed","template":"","meta":{"_uag_custom_page_level_css":"","site-sidebar-layout":"default","site-content-layout":"","ast-site-content-layout":"default","site-content-style":"default","site-sidebar-style":"default","ast-global-header-display":"","ast-banner-title-visibility":"","ast-main-header-display":"","ast-hfb-above-header-display":"","ast-hfb-below-header-display":"","ast-hfb-mobile-header-display":"","site-post-title":"","ast-breadcrumbs-content":"","ast-featured-img":"","footer-sml-layout":"","ast-disable-related-posts":"","theme-transparent-header-meta":"","adv-header-id-meta":"","stick-header-meta":"","header-above-stick-meta":"","header-main-stick-meta":"","header-below-stick-meta":"","astra-migrate-meta-layouts":"set","ast-page-background-enabled":"default","ast-page-background-meta":{"desktop":{"background-color":"var(--ast-global-color-4)","background-image":"","background-repeat":"repeat","background-position":"center center","background-size":"auto","background-attachment":"scroll","background-type":"","background-media":"","overlay-type":"","overlay-color":"","overlay-opacity":"","overlay-gradient":""},"tablet":{"background-color":"","background-image":"","background-repeat":"repeat","background-position":"center center","background-size":"auto","background-attachment":"scroll","background-type":"","background-media":"","overlay-type":"","overlay-color":"","overlay-opacity":"","overlay-gradient":""},"mobile":{"background-color":"","background-image":"","background-repeat":"repeat","background-position":"center center","background-size":"auto","background-attachment":"scroll","background-type":"","background-media":"","overlay-type":"","overlay-color":"","overlay-opacity":"","overlay-gradient":""}},"ast-content-background-meta":{"desktop":{"background-color":"var(--ast-global-color-5)","background-image":"","background-repeat":"repeat","background-position":"center center","background-size":"auto","background-attachment":"scroll","background-type":"","background-media":"","overlay-type":"","overlay-color":"","overlay-opacity":"","overlay-gradient":""},"tablet":{"background-color":"var(--ast-global-color-5)","background-image":"","background-repeat":"repeat","background-position":"center center","background-size":"auto","background-attachment":"scroll","background-type":"","background-media":"","overlay-type":"","overlay-color":"","overlay-opacity":"","overlay-gradient":""},"mobile":{"background-color":"var(--ast-global-color-5)","background-image":"","background-repeat":"repeat","background-position":"center center","background-size":"auto","background-attachment":"scroll","background-type":"","background-media":"","overlay-type":"","overlay-color":"","overlay-opacity":"","overlay-gradient":""}},"footnotes":""},"class_list":["post-9","page","type-page","status-publish","hentry"],"yoast_head":"<!-- This site is optimized with the Yoast SEO plugin v27.1.1 - https:\/\/yoast.com\/product\/yoast-seo-wordpress\/ -->\n<title>Politique de remboursement | alassille.com<\/title>\n<meta name=\"robots\" content=\"index, follow, max-snippet:-1, max-image-preview:large, max-video-preview:-1\" \/>\n<link rel=\"canonical\" href=\"https:\/\/alassille.com\/ar\/refund_returns\/\" \/>\n<meta property=\"og:locale\" content=\"ar_AR\" \/>\n<meta property=\"og:type\" content=\"article\" \/>\n<meta property=\"og:title\" content=\"Politique de remboursement | alassille.com\" \/>\n<meta property=\"og:description\" content=\"Chez Al Assille, la satisfaction de nos clients est une priorit\u00e9. Toutefois, en raison de la nature de nos produits cosm\u00e9tiques et capillaires, aucun retour ni remboursement n\u2019est accept\u00e9 apr\u00e8s l\u2019achat, les produits \u00e9tant destin\u00e9s \u00e0 \u00eatre utilis\u00e9s dans un d\u00e9lai limit\u00e9 apr\u00e8s ouverture. Exceptions \u2013 \u00c9changes Nous proc\u00e9dons \u00e0 un \u00e9change uniquement en cas [&hellip;]\" \/>\n<meta property=\"og:url\" content=\"https:\/\/alassille.com\/ar\/refund_returns\/\" \/>\n<meta property=\"og:site_name\" content=\"alassille.com\" \/>\n<meta property=\"article:modified_time\" content=\"2026-01-16T14:43:25+00:00\" \/>\n<meta name=\"twitter:card\" content=\"summary_large_image\" \/>\n<meta name=\"twitter:label1\" content=\"\u0648\u0642\u062a \u0627\u0644\u0642\u0631\u0627\u0621\u0629 \u0627\u0644\u0645\u064f\u0642\u062f\u0651\u0631\" \/>\n\t<meta name=\"twitter:data1\" content=\"\u062f\u0642\u064a\u0642\u0629 \u0648\u0627\u062d\u062f\u0629\" \/>\n<script type=\"application\/ld+json\" class=\"yoast-schema-graph\">{\"@context\":\"https:\/\/schema.org\",\"@graph\":[{\"@type\":\"WebPage\",\"@id\":\"https:\/\/alassille.com\/refund_returns\/\",\"url\":\"https:\/\/alassille.com\/refund_returns\/\",\"name\":\"Politique de remboursement | alassille.com\",\"isPartOf\":{\"@id\":\"https:\/\/alassille.com\/#website\"},\"datePublished\":\"2026-01-03T14:56:34+00:00\",\"dateModified\":\"2026-01-16T14:43:25+00:00\",\"breadcrumb\":{\"@id\":\"https:\/\/alassille.com\/refund_returns\/#breadcrumb\"},\"inLanguage\":\"ar\",\"potentialAction\":[{\"@type\":\"ReadAction\",\"target\":[\"https:\/\/alassille.com\/refund_returns\/\"]}]},{\"@type\":\"BreadcrumbList\",\"@id\":\"https:\/\/alassille.com\/refund_returns\/#breadcrumb\",\"itemListElement\":[{\"@type\":\"ListItem\",\"position\":1,\"name\":\"Accueil\",\"item\":\"https:\/\/alassille.com\/\"},{\"@type\":\"ListItem\",\"position\":2,\"name\":\"Politique de remboursement\"}]},{\"@type\":\"WebSite\",\"@id\":\"https:\/\/alassille.com\/#website\",\"url\":\"https:\/\/alassille.com\/\",\"name\":\"alassille.com\",\"description\":\"produits 100% Al assille\",\"publisher\":{\"@id\":\"https:\/\/alassille.com\/#organization\"},\"potentialAction\":[{\"@type\":\"SearchAction\",\"target\":{\"@type\":\"EntryPoint\",\"urlTemplate\":\"https:\/\/alassille.com\/?s={search_term_string}\"},\"query-input\":{\"@type\":\"PropertyValueSpecification\",\"valueRequired\":true,\"valueName\":\"search_term_string\"}}],\"inLanguage\":\"ar\"},{\"@type\":\"Organization\",\"@id\":\"https:\/\/alassille.com\/#organization\",\"name\":\"Al Assille\",\"url\":\"https:\/\/alassille.com\/\",\"logo\":{\"@type\":\"ImageObject\",\"inLanguage\":\"ar\",\"@id\":\"https:\/\/alassille.com\/#\/schema\/logo\/image\/\",\"url\":\"https:\/\/alassille.com\/wp-content\/uploads\/2025\/12\/cropped-sabhi_logo-1-e1768585539861.webp\",\"contentUrl\":\"https:\/\/alassille.com\/wp-content\/uploads\/2025\/12\/cropped-sabhi_logo-1-e1768585539861.webp\",\"width\":160,\"height\":92,\"caption\":\"Al Assille\"},\"image\":{\"@id\":\"https:\/\/alassille.com\/#\/schema\/logo\/image\/\"}}]}<\/script>\n<!-- \/ Yoast SEO plugin. -->","yoast_head_json":{"title":"Politique de remboursement | alassille.com","robots":{"index":"index","follow":"follow","max-snippet":"max-snippet:-1","max-image-preview":"max-image-preview:large","max-video-preview":"max-video-preview:-1"},"canonical":"https:\/\/alassille.com\/ar\/refund_returns\/","og_locale":"ar_AR","og_type":"article","og_title":"Politique de remboursement | alassille.com","og_description":"Chez Al Assille, la satisfaction de nos clients est une priorit\u00e9. Toutefois, en raison de la nature de nos produits cosm\u00e9tiques et capillaires, aucun retour ni remboursement n\u2019est accept\u00e9 apr\u00e8s l\u2019achat, les produits \u00e9tant destin\u00e9s \u00e0 \u00eatre utilis\u00e9s dans un d\u00e9lai limit\u00e9 apr\u00e8s ouverture. Exceptions \u2013 \u00c9changes Nous proc\u00e9dons \u00e0 un \u00e9change uniquement en cas [&hellip;]","og_url":"https:\/\/alassille.com\/ar\/refund_returns\/","og_site_name":"alassille.com","article_modified_time":"2026-01-16T14:43:25+00:00","twitter_card":"summary_large_image","twitter_misc":{"\u0648\u0642\u062a \u0627\u0644\u0642\u0631\u0627\u0621\u0629 \u0627\u0644\u0645\u064f\u0642\u062f\u0651\u0631":"\u062f\u0642\u064a\u0642\u0629 \u0648\u0627\u062d\u062f\u0629"},"schema":{"@context":"https:\/\/schema.org","@graph":[{"@type":"WebPage","@id":"https:\/\/alassille.com\/refund_returns\/","url":"https:\/\/alassille.com\/refund_returns\/","name":"Politique de remboursement | alassille.com","isPartOf":{"@id":"https:\/\/alassille.com\/#website"},"datePublished":"2026-01-03T14:56:34+00:00","dateModified":"2026-01-16T14:43:25+00:00","breadcrumb":{"@id":"https:\/\/alassille.com\/refund_returns\/#breadcrumb"},"inLanguage":"ar","potentialAction":[{"@type":"ReadAction","target":["https:\/\/alassille.com\/refund_returns\/"]}]},{"@type":"BreadcrumbList","@id":"https:\/\/alassille.com\/refund_returns\/#breadcrumb","itemListElement":[{"@type":"ListItem","position":1,"name":"Accueil","item":"https:\/\/alassille.com\/"},{"@type":"ListItem","position":2,"name":"Politique de remboursement"}]},{"@type":"WebSite","@id":"https:\/\/alassille.com\/#website","url":"https:\/\/alassille.com\/","name":"alassille.com","description":"produits 100% Al assille","publisher":{"@id":"https:\/\/alassille.com\/#organization"},"potentialAction":[{"@type":"SearchAction","target":{"@type":"EntryPoint","urlTemplate":"https:\/\/alassille.com\/?s={search_term_string}"},"query-input":{"@type":"PropertyValueSpecification","valueRequired":true,"valueName":"search_term_string"}}],"inLanguage":"ar"},{"@type":"Organization","@id":"https:\/\/alassille.com\/#organization","name":"Al Assille","url":"https:\/\/alassille.com\/","logo":{"@type":"ImageObject","inLanguage":"ar","@id":"https:\/\/alassille.com\/#\/schema\/logo\/image\/","url":"https:\/\/alassille.com\/wp-content\/uploads\/2025\/12\/cropped-sabhi_logo-1-e1768585539861.webp","contentUrl":"https:\/\/alassille.com\/wp-content\/uploads\/2025\/12\/cropped-sabhi_logo-1-e1768585539861.webp","width":160,"height":92,"caption":"Al Assille"},"image":{"@id":"https:\/\/alassille.com\/#\/schema\/logo\/image\/"}}]}},"_hostinger_reach_plugin_has_subscription_block":false,"_hostinger_reach_plugin_is_elementor":false,"uagb_featured_image_src":{"full":false,"thumbnail":false,"medium":false,"medium_large":false,"large":false,"1536x1536":false,"2048x2048":false,"trp-custom-language-flag":false,"woocommerce_thumbnail":false,"woocommerce_single":false,"woocommerce_gallery_thumbnail":false},"uagb_author_info":{"display_name":"abderrazzak","author_link":"https:\/\/alassille.com\/ar\/author\/abderrazzak-bajjougmail-com\/"},"uagb_comment_info":0,"uagb_excerpt":"Chez Al Assille, la satisfaction de nos clients est une priorit\u00e9. Toutefois, en raison de la nature de nos produits cosm\u00e9tiques et capillaires, aucun retour ni remboursement n\u2019est accept\u00e9 apr\u00e8s l\u2019achat, les produits \u00e9tant destin\u00e9s \u00e0 \u00eatre utilis\u00e9s dans un d\u00e9lai limit\u00e9 apr\u00e8s ouverture. Exceptions \u2013 \u00c9changes Nous proc\u00e9dons \u00e0 un \u00e9change uniquement en cas&hellip;","_links":{"self":[{"href":"https:\/\/alassille.com\/ar\/wp-json\/wp\/v2\/pages\/9","targetHints":{"allow":["GET"]}}],"collection":[{"href":"https:\/\/alassille.com\/ar\/wp-json\/wp\/v2\/pages"}],"about":[{"href":"https:\/\/alassille.com\/ar\/wp-json\/wp\/v2\/types\/page"}],"author":[{"embeddable":true,"href":"https:\/\/alassille.com\/ar\/wp-json\/wp\/v2\/users\/1"}],"replies":[{"embeddable":true,"href":"https:\/\/alassille.com\/ar\/wp-json\/wp\/v2\/comments?post=9"}],"version-history":[{"count":0,"href":"https:\/\/alassille.com\/ar\/wp-json\/wp\/v2\/pages\/9\/revisions"}],"wp:attachment":[{"href":"https:\/\/alassille.com\/ar\/wp-json\/wp\/v2\/media?parent=9"}],"curies":[{"name":"wp","href":"https:\/\/api.w.org\/{rel}","templated":true}]}}