{"id":3612,"date":"2026-01-16T15:07:41","date_gmt":"2026-01-16T15:07:41","guid":{"rendered":"https:\/\/alassille.com\/about-2\/"},"modified":"2026-03-11T21:24:30","modified_gmt":"2026-03-11T21:24:30","slug":"about","status":"publish","type":"page","link":"https:\/\/alassille.com\/ar\/about\/","title":{"rendered":"\u0645\u0646 \u0646\u062d\u0646"},"content":{"rendered":"<div class=\"wp-block-uagb-container uagb-block-35459231 alignfull uagb-is-root-container\"><div class=\"uagb-container-inner-blocks-wrap\"><\/div><\/div>\n\n\n\n<div class=\"wp-block-uagb-container uagb-block-96eb9c65 alignfull uagb-is-root-container\"><div class=\"uagb-container-inner-blocks-wrap\">\n<div class=\"wp-block-uagb-image aligncenter uagb-block-c1d734b6 wp-block-uagb-image--layout-default wp-block-uagb-image--effect-static wp-block-uagb-image--align-center\"><figure class=\"wp-block-uagb-image__figure\"><img loading=\"lazy\" decoding=\"async\" srcset=\"https:\/\/alassille.com\/wp-content\/uploads\/2019\/06\/logo-leaf2-free-img-1.webp ,https:\/\/alassille.com\/wp-content\/uploads\/2019\/06\/logo-leaf2-free-img-1.webp 780w, https:\/\/alassille.com\/wp-content\/uploads\/2019\/06\/logo-leaf2-free-img-1.webp 360w\" sizes=\"auto, (max-width: 480px) 150px\" src=\"https:\/\/alassille.com\/wp-content\/uploads\/2019\/06\/logo-leaf2-free-img-1.webp\" alt=\"logo leaf2 free img\" class=\"uag-image-5075\" width=\"150\" height=\"90\" title=\"logo leaf2 free img\" role=\"img\"\/><\/figure><\/div>\n<\/div><\/div>\n\n\n\n<div class=\"wp-block-uagb-container uagb-layout-grid uagb-block-31a3d8e8 alignfull uagb-is-root-container\"><div class=\"uagb-container-inner-blocks-wrap\">\n<div class=\"wp-block-uagb-advanced-heading uagb-block-ad1bed66\"><h2 class=\"uagb-heading-text\"><strong>\u0627\u0644\u0623\u0635\u064a\u0644<\/strong><\/h2><p class=\"uagb-desc-text translation-block\">\u0627\u0644\u0623\u0635\u064a\u0644 \u0647\u064a \u0639\u0644\u0627\u0645\u0629 \u062a\u062c\u0627\u0631\u064a\u0629 \u0645\u063a\u0631\u0628\u064a\u0629 100\u066a\u060c \u0648\u0631\u0627\u0626\u062f\u0629 \u0639\u0644\u0649 \u0627\u0644\u0645\u0633\u062a\u0648\u0649 \u0627\u0644\u0648\u0637\u0646\u064a \u0641\u064a \u062a\u0635\u0646\u064a\u0639 \u0632\u064a\u0648\u062a \u0627\u0644\u0634\u0639\u0631 \u0648\u0643\u0631\u064a\u0645\u0627\u062a \u0627\u0644\u0639\u0646\u0627\u064a\u0629 \u0628\u0627\u0644\u0634\u0639\u0631.<br> <br>\u0628\u0641\u0636\u0644 \u0625\u0646\u062a\u0627\u062c \u0648\u0627\u0633\u0639 \u0648\u0645\u062a\u062d\u0643\u0645 \u0641\u064a\u0647\u060c \u062a\u0636\u0645\u0646 \u0627\u0644\u0639\u0644\u0627\u0645\u0629 \u0645\u0646\u062a\u062c\u0627\u062a \u0630\u0627\u062a \u062c\u0648\u062f\u0629 \u062b\u0627\u0628\u062a\u0629 \u062a\u0644\u0628\u064a \u0645\u0639\u0627\u064a\u064a\u0631 \u0627\u0644\u0633\u0648\u0642.<br><br>\u0645\u062a\u062e\u0635\u0635\u0629 \u0641\u064a \u0627\u0644\u0628\u064a\u0639 \u0628\u0627\u0644\u062a\u062c\u0632\u0626\u0629 \u0648\u0627\u0644\u062c\u0645\u0644\u0629\u060c \u062a\u0642\u062f\u0645 \u0627\u0644\u0623\u0635\u064a\u0644\u0629 \u0645\u0646\u062a\u062c\u0627\u062a \u0639\u0646\u0627\u064a\u0629 \u0628\u0627\u0644\u0634\u0639\u0631 \u0641\u0639\u0651\u0627\u0644\u0629\u060c \u0641\u064a \u0645\u062a\u0646\u0627\u0648\u0644 \u0627\u0644\u062c\u0645\u064a\u0639\u060c \u0648\u0645\u0646\u0627\u0633\u0628\u0629 \u0644\u0644\u0623\u0641\u0631\u0627\u062f \u0648\u0627\u0644\u0645\u0647\u0646\u064a\u064a\u0646 \u0639\u0644\u0649 \u062d\u062f \u0633\u0648\u0627\u0621. \u0648\u0645\u0646 \u062e\u0644\u0627\u0644 \u0627\u0644\u062c\u0645\u0639 \u0628\u064a\u0646 \u0627\u0644\u062e\u0628\u0631\u0629 \u0648\u0627\u0644\u0627\u0628\u062a\u0643\u0627\u0631 \u0648\u0627\u0644\u0647\u0648\u064a\u0629 \u0627\u0644\u0645\u063a\u0631\u0628\u064a\u0629\u060c \u062a\u0641\u0631\u0636 \u0627\u0644\u0623\u0635\u064a\u0644\u0629 \u0646\u0641\u0633\u0647\u0627 \u0643\u0645\u0631\u062c\u0639 \u0641\u064a \u0645\u062c\u0627\u0644 \u0627\u0644\u0639\u0646\u0627\u064a\u0629 \u0628\u0627\u0644\u0634\u0639\u0631 \u0641\u064a \u0627\u0644\u0645\u063a\u0631\u0628.<\/p><\/div>\n\n\n\n<div class=\"wp-block-uagb-image uagb-block-bc8225a8 wp-block-uagb-image--layout-default wp-block-uagb-image--effect-static wp-block-uagb-image--align-none\"><figure class=\"wp-block-uagb-image__figure\"><img loading=\"lazy\" decoding=\"async\" srcset=\"https:\/\/alassille.com\/wp-content\/uploads\/2026\/02\/sabhi_logo-1024x683.png ,https:\/\/alassille.com\/wp-content\/uploads\/2026\/02\/sabhi_logo.png 780w, https:\/\/alassille.com\/wp-content\/uploads\/2026\/02\/sabhi_logo.png 360w\" sizes=\"auto, (max-width: 480px) 150px\" src=\"https:\/\/alassille.com\/wp-content\/uploads\/2026\/02\/sabhi_logo-1024x683.png\" alt=\"sabhi logo\" class=\"uag-image-5781\" width=\"580\" height=\"399\" title=\"sabhi logo\" role=\"img\"\/><\/figure><\/div>\n<\/div><\/div>\n\n\n\n<div class=\"wp-block-uagb-container uagb-layout-flex uagb-block-fcd81faf alignfull uagb-is-root-container\"><div class=\"uagb-container-inner-blocks-wrap\">\n<div class=\"wp-block-uagb-container uagb-block-6e6830f6\">\n<div class=\"wp-block-uagb-advanced-heading uagb-block-ffc78a46\"><h4 class=\"uagb-heading-text\">\u0627\u0644\u0623\u0631\u0642\u0627\u0645 \u062a\u062a\u062d\u062f\u062b \u0639\u0646 \u0646\u0641\u0633\u0647\u0627!<\/h4><\/div>\n<\/div>\n\n\n\n<div class=\"wp-block-uagb-container uagb-layout-grid uagb-block-4b1db345\">\n<div class=\"wp-block-uagb-counter uagb-block-1ab3f146 wp-block-uagb-counter--number\"><div class=\"wp-block-uagb-counter__number\"><span class=\"uagb-counter-block-number\" data-duration=\"1.5\" data-to-value=\"100\" data-from-value=\"85\" data-delimiter=\",\"><\/span><span class=\"uagb-counter-block-suffix\">+<\/span><\/div><div class=\"wp-block-uagb-counter__title\">\u0645\u0646\u062a\u062c\u0627\u062a<\/div><\/div>\n\n\n\n<div class=\"wp-block-uagb-counter uagb-block-a06576e0 wp-block-uagb-counter--number\"><div class=\"wp-block-uagb-counter__number\"><span class=\"uagb-counter-block-number\" data-duration=\"1.5\" data-to-value=\"800\" data-from-value=\"0\" data-delimiter=\",\"><\/span><span class=\"uagb-counter-block-suffix\">+<\/span><\/div><div class=\"wp-block-uagb-counter__title\">\u0639\u0645\u0644\u0627\u0621 \u0631\u0627\u0636\u0648\u0646<\/div><\/div>\n\n\n\n<div class=\"wp-block-uagb-counter uagb-block-ce7cbd39 wp-block-uagb-counter--number\"><div class=\"wp-block-uagb-counter__number\"><span class=\"uagb-counter-block-number\" data-duration=\"1.5\" data-to-value=\"10\" data-from-value=\"0\" data-delimiter=\",\"><\/span><span class=\"uagb-counter-block-suffix\">+<\/span><\/div><div class=\"wp-block-uagb-counter__title\">\u0623\u0646\u0648\u0627\u0639 \u0627\u0644\u0645\u0646\u062a\u062c\u0627\u062a<\/div><\/div>\n<\/div>\n<\/div><\/div>\n\n\n\n\n\n<div class=\"wp-block-uagb-container uagb-block-da66f883 alignfull uagb-is-root-container\"><div class=\"uagb-container-inner-blocks-wrap\">\n<div class=\"wp-block-uagb-advanced-heading uagb-block-97c863b3\"><h1 class=\"uagb-heading-text\">\u0627\u062a\u0635\u0644\u0648\u0627 \u0628\u0646\u0627<\/h1><\/div>\n<\/div><\/div>\n\n\n\n<div class=\"wp-block-uagb-container uagb-block-765d529e alignfull uagb-is-root-container\"><div class=\"uagb-container-inner-blocks-wrap\">\n<div class=\"wp-block-uagb-container uagb-block-0a58bf7c\">\n<div class=\"wp-block-uagb-container uagb-block-e551e8e8\">\n<div class=\"wp-block-uagb-container uagb-block-73163f22\">\n<div class=\"wp-block-uagb-info-box uagb-block-61dd07a3 uagb-infobox__content-wrap  uagb-infobox-icon-above-title uagb-infobox-image-valign-top\"><div class=\"uagb-ifb-content\"><div class=\"uagb-ifb-icon-wrap\"><svg xmlns=\"https:\/\/www.w3.org\/2000\/svg\" viewbox=\"0 0 512 512\"><path d=\"M18.92 351.2l108.5-46.52c12.78-5.531 27.77-1.801 36.45 8.98l44.09 53.82c69.25-34 125.5-90.31 159.5-159.5l-53.81-44.04c-10.75-8.781-14.41-23.69-8.974-36.47l46.51-108.5c6.094-13.91 21.1-21.52 35.79-18.11l100.8 23.25c14.25 3.25 24.22 15.8 24.22 30.46c0 252.3-205.2 457.5-457.5 457.5c-14.67 0-27.18-9.968-30.45-24.22l-23.25-100.8C-2.571 372.4 5.018 357.2 18.92 351.2z\"><\/path><\/svg><\/div><div class=\"uagb-ifb-title-wrap\"><\/div><p class=\"uagb-ifb-desc\"> +212 687-000123<\/p><\/div><\/div>\n<\/div>\n\n\n\n<div class=\"wp-block-uagb-container uagb-block-25b0093d\">\n<div class=\"wp-block-uagb-info-box uagb-block-f6b80adb uagb-infobox__content-wrap  uagb-infobox-icon-above-title uagb-infobox-image-valign-top\"><div class=\"uagb-ifb-content\"><div class=\"uagb-ifb-icon-wrap\"><svg xmlns=\"https:\/\/www.w3.org\/2000\/svg\" viewbox=\"0 0 512 512\"><path d=\"M464 64C490.5 64 512 85.49 512 112C512 127.1 504.9 141.3 492.8 150.4L275.2 313.6C263.8 322.1 248.2 322.1 236.8 313.6L19.2 150.4C7.113 141.3 0 127.1 0 112C0 85.49 21.49 64 48 64H464zM217.6 339.2C240.4 356.3 271.6 356.3 294.4 339.2L512 176V384C512 419.3 483.3 448 448 448H64C28.65 448 0 419.3 0 384V176L217.6 339.2z\"><\/path><\/svg><\/div><div class=\"uagb-ifb-title-wrap\"><\/div><p class=\"uagb-ifb-desc\">  Alasille1@gmail.com<br><\/p><\/div><\/div>\n<\/div>\n\n\n\n<div class=\"wp-block-uagb-container uagb-block-86006bae\">\n<div class=\"wp-block-uagb-info-box uagb-block-7083ecc1 uagb-infobox__content-wrap  uagb-infobox-icon-above-title uagb-infobox-image-valign-top\"><div class=\"uagb-ifb-content\"><div class=\"uagb-ifb-icon-wrap\"><svg xmlns=\"https:\/\/www.w3.org\/2000\/svg\" viewbox=\"0 0 384 512\"><path d=\"M168.3 499.2C116.1 435 0 279.4 0 192C0 85.96 85.96 0 192 0C298 0 384 85.96 384 192C384 279.4 267 435 215.7 499.2C203.4 514.5 180.6 514.5 168.3 499.2H168.3zM192 256C227.3 256 256 227.3 256 192C256 156.7 227.3 128 192 128C156.7 128 128 156.7 128 192C128 227.3 156.7 256 192 256z\"><\/path><\/svg><\/div><div class=\"uagb-ifb-title-wrap\"><\/div><p class=\"uagb-ifb-desc\">   Z1 Omrane Sahel, 4 \u00e8me Tranche, Lot N\u00b0112 &#8211; Maroc<\/p><\/div><\/div>\n<\/div>\n<\/div>\n<\/div>\n<\/div><\/div>\n\n\n\n<p><\/p>","protected":false},"excerpt":{"rendered":"<p>AL ASSILLE Al Assile&nbsp;est une marque&nbsp;100 % marocaine, leader national dans la fabrication d\u2019huiles pour cheveux&nbsp;et de&nbsp;cr\u00e8mes de soin capillaire. Gr\u00e2ce \u00e0 une&nbsp;production en masse ma\u00eetris\u00e9e, la marque garantit des produits de&nbsp;qualit\u00e9 constante, r\u00e9pondant aux standards du march\u00e9. Sp\u00e9cialis\u00e9e dans la&nbsp;vente au d\u00e9tail et en gros, Al Assile propose des soins capillaires efficaces, accessibles et [&hellip;]<\/p>\n","protected":false},"author":1,"featured_media":0,"parent":0,"menu_order":0,"comment_status":"closed","ping_status":"closed","template":"","meta":{"_uag_custom_page_level_css":"","site-sidebar-layout":"no-sidebar","site-content-layout":"plain-container","ast-site-content-layout":"full-width-container","site-content-style":"unboxed","site-sidebar-style":"unboxed","ast-global-header-display":"","ast-banner-title-visibility":"","ast-main-header-display":"","ast-hfb-above-header-display":"","ast-hfb-below-header-display":"","ast-hfb-mobile-header-display":"","site-post-title":"disabled","ast-breadcrumbs-content":"","ast-featured-img":"disabled","footer-sml-layout":"","ast-disable-related-posts":"","theme-transparent-header-meta":"enabled","adv-header-id-meta":"","stick-header-meta":"","header-above-stick-meta":"","header-main-stick-meta":"","header-below-stick-meta":"","astra-migrate-meta-layouts":"set","ast-page-background-enabled":"default","ast-page-background-meta":{"desktop":{"background-color":"","background-image":"","background-repeat":"repeat","background-position":"center center","background-size":"auto","background-attachment":"scroll","background-type":"","background-media":"","overlay-type":"","overlay-color":"","overlay-opacity":"","overlay-gradient":""},"tablet":{"background-color":"","background-image":"","background-repeat":"repeat","background-position":"center center","background-size":"auto","background-attachment":"scroll","background-type":"","background-media":"","overlay-type":"","overlay-color":"","overlay-opacity":"","overlay-gradient":""},"mobile":{"background-color":"","background-image":"","background-repeat":"repeat","background-position":"center center","background-size":"auto","background-attachment":"scroll","background-type":"","background-media":"","overlay-type":"","overlay-color":"","overlay-opacity":"","overlay-gradient":""}},"ast-content-background-meta":{"desktop":{"background-color":"var(--ast-global-color-5)","background-image":"","background-repeat":"repeat","background-position":"center center","background-size":"auto","background-attachment":"scroll","background-type":"","background-media":"","overlay-type":"","overlay-color":"","overlay-opacity":"","overlay-gradient":""},"tablet":{"background-color":"var(--ast-global-color-5)","background-image":"","background-repeat":"repeat","background-position":"center center","background-size":"auto","background-attachment":"scroll","background-type":"","background-media":"","overlay-type":"","overlay-color":"","overlay-opacity":"","overlay-gradient":""},"mobile":{"background-color":"var(--ast-global-color-5)","background-image":"","background-repeat":"repeat","background-position":"center center","background-size":"auto","background-attachment":"scroll","background-type":"","background-media":"","overlay-type":"","overlay-color":"","overlay-opacity":"","overlay-gradient":""}},"footnotes":""},"class_list":["post-3612","page","type-page","status-publish","hentry"],"yoast_head":"<!-- This site is optimized with the Yoast SEO plugin v27.1.1 - https:\/\/yoast.com\/product\/yoast-seo-wordpress\/ -->\n<title>Al Assille 100% authentique: Qualit\u00e9 Marocaine | alassille.com<\/title>\n<meta name=\"description\" content=\"D\u00e9couvrez Al Assille 100% authentique, le leader marocain des huiles et cr\u00e8mes capillaires de qualit\u00e9 exceptionnelle.\" \/>\n<meta name=\"robots\" content=\"index, follow, max-snippet:-1, max-image-preview:large, max-video-preview:-1\" \/>\n<link rel=\"canonical\" href=\"https:\/\/alassille.com\/ar\/about\/\" \/>\n<meta property=\"og:locale\" content=\"ar_AR\" \/>\n<meta property=\"og:type\" content=\"article\" \/>\n<meta property=\"og:title\" content=\"Al Assille 100% authentique: Qualit\u00e9 Marocaine | alassille.com\" \/>\n<meta property=\"og:description\" content=\"D\u00e9couvrez Al Assille 100% authentique, le leader marocain des huiles et cr\u00e8mes capillaires de qualit\u00e9 exceptionnelle.\" \/>\n<meta property=\"og:url\" content=\"https:\/\/alassille.com\/ar\/about\/\" \/>\n<meta property=\"og:site_name\" content=\"alassille.com\" \/>\n<meta property=\"article:modified_time\" content=\"2026-03-11T21:24:30+00:00\" \/>\n<meta property=\"og:image\" content=\"https:\/\/alassille.com\/wp-content\/uploads\/2019\/06\/logo-leaf2-free-img-1.webp\" \/>\n<meta name=\"twitter:card\" content=\"summary_large_image\" \/>\n<meta name=\"twitter:label1\" content=\"\u0648\u0642\u062a \u0627\u0644\u0642\u0631\u0627\u0621\u0629 \u0627\u0644\u0645\u064f\u0642\u062f\u0651\u0631\" \/>\n\t<meta name=\"twitter:data1\" content=\"3 \u062f\u0642\u0627\u0626\u0642\" \/>\n<script type=\"application\/ld+json\" class=\"yoast-schema-graph\">{\"@context\":\"https:\/\/schema.org\",\"@graph\":[{\"@type\":\"WebPage\",\"@id\":\"https:\/\/alassille.com\/about\/\",\"url\":\"https:\/\/alassille.com\/about\/\",\"name\":\"Al Assille 100% authentique: Qualit\u00e9 Marocaine | alassille.com\",\"isPartOf\":{\"@id\":\"https:\/\/alassille.com\/#website\"},\"primaryImageOfPage\":{\"@id\":\"https:\/\/alassille.com\/about\/#primaryimage\"},\"image\":{\"@id\":\"https:\/\/alassille.com\/about\/#primaryimage\"},\"thumbnailUrl\":\"https:\/\/alassille.com\/wp-content\/uploads\/2019\/06\/logo-leaf2-free-img-1.webp\",\"datePublished\":\"2026-01-16T15:07:41+00:00\",\"dateModified\":\"2026-03-11T21:24:30+00:00\",\"description\":\"D\u00e9couvrez Al Assille 100% authentique, le leader marocain des huiles et cr\u00e8mes capillaires de qualit\u00e9 exceptionnelle.\",\"breadcrumb\":{\"@id\":\"https:\/\/alassille.com\/about\/#breadcrumb\"},\"inLanguage\":\"ar\",\"potentialAction\":[{\"@type\":\"ReadAction\",\"target\":[\"https:\/\/alassille.com\/about\/\"]}]},{\"@type\":\"ImageObject\",\"inLanguage\":\"ar\",\"@id\":\"https:\/\/alassille.com\/about\/#primaryimage\",\"url\":\"https:\/\/alassille.com\/wp-content\/uploads\/2019\/06\/logo-leaf2-free-img-1.webp\",\"contentUrl\":\"https:\/\/alassille.com\/wp-content\/uploads\/2019\/06\/logo-leaf2-free-img-1.webp\"},{\"@type\":\"BreadcrumbList\",\"@id\":\"https:\/\/alassille.com\/about\/#breadcrumb\",\"itemListElement\":[{\"@type\":\"ListItem\",\"position\":1,\"name\":\"Accueil\",\"item\":\"https:\/\/alassille.com\/\"},{\"@type\":\"ListItem\",\"position\":2,\"name\":\"About\"}]},{\"@type\":\"WebSite\",\"@id\":\"https:\/\/alassille.com\/#website\",\"url\":\"https:\/\/alassille.com\/\",\"name\":\"alassille.com\",\"description\":\"produits 100% Al assille\",\"publisher\":{\"@id\":\"https:\/\/alassille.com\/#organization\"},\"potentialAction\":[{\"@type\":\"SearchAction\",\"target\":{\"@type\":\"EntryPoint\",\"urlTemplate\":\"https:\/\/alassille.com\/?s={search_term_string}\"},\"query-input\":{\"@type\":\"PropertyValueSpecification\",\"valueRequired\":true,\"valueName\":\"search_term_string\"}}],\"inLanguage\":\"ar\"},{\"@type\":\"Organization\",\"@id\":\"https:\/\/alassille.com\/#organization\",\"name\":\"Al Assille\",\"url\":\"https:\/\/alassille.com\/\",\"logo\":{\"@type\":\"ImageObject\",\"inLanguage\":\"ar\",\"@id\":\"https:\/\/alassille.com\/#\/schema\/logo\/image\/\",\"url\":\"https:\/\/alassille.com\/wp-content\/uploads\/2025\/12\/cropped-sabhi_logo-1-e1768585539861.webp\",\"contentUrl\":\"https:\/\/alassille.com\/wp-content\/uploads\/2025\/12\/cropped-sabhi_logo-1-e1768585539861.webp\",\"width\":160,\"height\":92,\"caption\":\"Al Assille\"},\"image\":{\"@id\":\"https:\/\/alassille.com\/#\/schema\/logo\/image\/\"}}]}<\/script>\n<!-- \/ Yoast SEO plugin. -->","yoast_head_json":{"title":"Al Assille 100% authentique: Qualit\u00e9 Marocaine | alassille.com","description":"D\u00e9couvrez Al Assille 100% authentique, le leader marocain des huiles et cr\u00e8mes capillaires de qualit\u00e9 exceptionnelle.","robots":{"index":"index","follow":"follow","max-snippet":"max-snippet:-1","max-image-preview":"max-image-preview:large","max-video-preview":"max-video-preview:-1"},"canonical":"https:\/\/alassille.com\/ar\/about\/","og_locale":"ar_AR","og_type":"article","og_title":"Al Assille 100% authentique: Qualit\u00e9 Marocaine | alassille.com","og_description":"D\u00e9couvrez Al Assille 100% authentique, le leader marocain des huiles et cr\u00e8mes capillaires de qualit\u00e9 exceptionnelle.","og_url":"https:\/\/alassille.com\/ar\/about\/","og_site_name":"alassille.com","article_modified_time":"2026-03-11T21:24:30+00:00","og_image":[{"url":"https:\/\/alassille.com\/wp-content\/uploads\/2019\/06\/logo-leaf2-free-img-1.webp","type":"","width":"","height":""}],"twitter_card":"summary_large_image","twitter_misc":{"\u0648\u0642\u062a \u0627\u0644\u0642\u0631\u0627\u0621\u0629 \u0627\u0644\u0645\u064f\u0642\u062f\u0651\u0631":"3 \u062f\u0642\u0627\u0626\u0642"},"schema":{"@context":"https:\/\/schema.org","@graph":[{"@type":"WebPage","@id":"https:\/\/alassille.com\/about\/","url":"https:\/\/alassille.com\/about\/","name":"Al Assille 100% authentique: Qualit\u00e9 Marocaine | alassille.com","isPartOf":{"@id":"https:\/\/alassille.com\/#website"},"primaryImageOfPage":{"@id":"https:\/\/alassille.com\/about\/#primaryimage"},"image":{"@id":"https:\/\/alassille.com\/about\/#primaryimage"},"thumbnailUrl":"https:\/\/alassille.com\/wp-content\/uploads\/2019\/06\/logo-leaf2-free-img-1.webp","datePublished":"2026-01-16T15:07:41+00:00","dateModified":"2026-03-11T21:24:30+00:00","description":"D\u00e9couvrez Al Assille 100% authentique, le leader marocain des huiles et cr\u00e8mes capillaires de qualit\u00e9 exceptionnelle.","breadcrumb":{"@id":"https:\/\/alassille.com\/about\/#breadcrumb"},"inLanguage":"ar","potentialAction":[{"@type":"ReadAction","target":["https:\/\/alassille.com\/about\/"]}]},{"@type":"ImageObject","inLanguage":"ar","@id":"https:\/\/alassille.com\/about\/#primaryimage","url":"https:\/\/alassille.com\/wp-content\/uploads\/2019\/06\/logo-leaf2-free-img-1.webp","contentUrl":"https:\/\/alassille.com\/wp-content\/uploads\/2019\/06\/logo-leaf2-free-img-1.webp"},{"@type":"BreadcrumbList","@id":"https:\/\/alassille.com\/about\/#breadcrumb","itemListElement":[{"@type":"ListItem","position":1,"name":"Accueil","item":"https:\/\/alassille.com\/"},{"@type":"ListItem","position":2,"name":"About"}]},{"@type":"WebSite","@id":"https:\/\/alassille.com\/#website","url":"https:\/\/alassille.com\/","name":"alassille.com","description":"produits 100% Al assille","publisher":{"@id":"https:\/\/alassille.com\/#organization"},"potentialAction":[{"@type":"SearchAction","target":{"@type":"EntryPoint","urlTemplate":"https:\/\/alassille.com\/?s={search_term_string}"},"query-input":{"@type":"PropertyValueSpecification","valueRequired":true,"valueName":"search_term_string"}}],"inLanguage":"ar"},{"@type":"Organization","@id":"https:\/\/alassille.com\/#organization","name":"Al Assille","url":"https:\/\/alassille.com\/","logo":{"@type":"ImageObject","inLanguage":"ar","@id":"https:\/\/alassille.com\/#\/schema\/logo\/image\/","url":"https:\/\/alassille.com\/wp-content\/uploads\/2025\/12\/cropped-sabhi_logo-1-e1768585539861.webp","contentUrl":"https:\/\/alassille.com\/wp-content\/uploads\/2025\/12\/cropped-sabhi_logo-1-e1768585539861.webp","width":160,"height":92,"caption":"Al Assille"},"image":{"@id":"https:\/\/alassille.com\/#\/schema\/logo\/image\/"}}]}},"_hostinger_reach_plugin_has_subscription_block":false,"_hostinger_reach_plugin_is_elementor":false,"uagb_featured_image_src":{"full":false,"thumbnail":false,"medium":false,"medium_large":false,"large":false,"1536x1536":false,"2048x2048":false,"trp-custom-language-flag":false,"woocommerce_thumbnail":false,"woocommerce_single":false,"woocommerce_gallery_thumbnail":false},"uagb_author_info":{"display_name":"abderrazzak","author_link":"https:\/\/alassille.com\/ar\/author\/abderrazzak-bajjougmail-com\/"},"uagb_comment_info":0,"uagb_excerpt":"AL ASSILLE Al Assile&nbsp;est une marque&nbsp;100 % marocaine, leader national dans la fabrication d\u2019huiles pour cheveux&nbsp;et de&nbsp;cr\u00e8mes de soin capillaire. Gr\u00e2ce \u00e0 une&nbsp;production en masse ma\u00eetris\u00e9e, la marque garantit des produits de&nbsp;qualit\u00e9 constante, r\u00e9pondant aux standards du march\u00e9. Sp\u00e9cialis\u00e9e dans la&nbsp;vente au d\u00e9tail et en gros, Al Assile propose des soins capillaires efficaces, accessibles et&hellip;","_links":{"self":[{"href":"https:\/\/alassille.com\/ar\/wp-json\/wp\/v2\/pages\/3612","targetHints":{"allow":["GET"]}}],"collection":[{"href":"https:\/\/alassille.com\/ar\/wp-json\/wp\/v2\/pages"}],"about":[{"href":"https:\/\/alassille.com\/ar\/wp-json\/wp\/v2\/types\/page"}],"author":[{"embeddable":true,"href":"https:\/\/alassille.com\/ar\/wp-json\/wp\/v2\/users\/1"}],"replies":[{"embeddable":true,"href":"https:\/\/alassille.com\/ar\/wp-json\/wp\/v2\/comments?post=3612"}],"version-history":[{"count":1,"href":"https:\/\/alassille.com\/ar\/wp-json\/wp\/v2\/pages\/3612\/revisions"}],"predecessor-version":[{"id":5801,"href":"https:\/\/alassille.com\/ar\/wp-json\/wp\/v2\/pages\/3612\/revisions\/5801"}],"wp:attachment":[{"href":"https:\/\/alassille.com\/ar\/wp-json\/wp\/v2\/media?parent=3612"}],"curies":[{"name":"wp","href":"https:\/\/api.w.org\/{rel}","templated":true}]}}